{"id":10,"date":"2014-04-25T09:18:37","date_gmt":"2014-04-25T07:18:37","guid":{"rendered":"http:\/\/www.citm.upc.edu\/blog\/?page_id=10"},"modified":"2025-11-19T10:24:54","modified_gmt":"2025-11-19T09:24:54","slug":"oferta-formativa-cat","status":"publish","type":"page","link":"https:\/\/www.citm.upc.edu\/blog\/oferta-formativa-cat\/?lang=ca","title":{"rendered":"OFERTA FORMATIVA CITM"},"content":{"rendered":"<p><span id=\"result_box\" lang=\"ca\"><span class=\"hps\">El CITM<\/span> <span class=\"hps atn\">(<\/span>Centre <span class=\"hps\">de la Imatge<\/span> <span class=\"hps\">i<\/span> <span class=\"hps\">la Tecnologia<\/span> <span class=\"hps\">Multim\u00e8dia<\/span>) <span class=\"hps\">\u00e9s<\/span> <span class=\"hps\">un centre<\/span> <span class=\"hps\">docent<\/span> <span class=\"hps\">adscrit a la<\/span> <span class=\"hps\">Universitat Polit\u00e8cnica de Catalunya<\/span> (UPC) <span class=\"hps\">especialitzat<\/span> <span class=\"hps\">en formaci\u00f3<\/span> <span class=\"hps\">en els<\/span> <span class=\"hps\">\u00e0mbits de<\/span> les tecnologies <strong><span class=\"hps\">multim\u00e8dia<\/span>, <\/strong><strong>animaci\u00f3, art digital i <span class=\"hps\">videojocs<\/span>.<\/strong><\/span><\/p>\n<p><span class=\"hps\">El centre<\/span> <span class=\"hps\">imparteix<\/span> <span class=\"hps\">les seg\u00fcents<strong> titulacions<\/strong><\/span><strong> <span class=\"hps\">oficials<\/span> <span class=\"hps\">de grau<\/span>:<\/strong><\/p>\n<ul>\n<li><a href=\"https:\/\/www.citm.upc.edu\/cat\/estudis\/grau-animacio\/presentacio\/?utm_source=Blog&amp;utm_medium=link&amp;utm_campaign=Animacio\" target=\"_blank\" rel=\"noopener noreferrer\">Grau en Disseny, Animaci\u00f3 i Art Digital<\/a><\/li>\n<li><a style=\"font-style: normal; font-weight: normal;\" href=\"https:\/\/www.citm.upc.edu\/cat\/estudis\/grau-multimedia\/presentacio\/?utm_source=Blog&amp;utm_medium=link&amp;utm_campaign=Multi\" target=\"_blank\" rel=\"noopener noreferrer\"><span class=\"hps\">Grau<\/span> <span class=\"hps\">en Disseny Digital i Tecnologies Multim\u00e8dia<\/span><\/a><\/li>\n<li><a style=\"font-style: normal; font-weight: normal;\" href=\"https:\/\/www.citm.upc.edu\/cat\/estudis\/grau-videojocs-terrassa\/presentacio\/?utm_source=Blog&amp;utm_medium=link&amp;utm_campaign=Videojocs\" target=\"_blank\" rel=\"noopener noreferrer\"><span class=\"hps\">Grau<\/span><\/a><a style=\"font-style: normal; font-weight: normal;\" href=\"https:\/\/www.citm.upc.edu\/cat\/estudis\/grau-videojocs-terrassa\/presentacio\/?utm_source=Blog&amp;utm_medium=link&amp;utm_campaign=Videojocs\" target=\"_blank\" rel=\"noopener noreferrer\"> <span class=\"hps\">en Disseny<\/span> <span class=\"hps\">i<\/span> <span class=\"hps\">Desenvolupament<\/span> <span class=\"hps\" style=\"font-style: normal;\">de Videojocs<\/span><\/a>\u00a0(Terrassa)<\/li>\n<li><a href=\"https:\/\/www.citm.upc.edu\/cat\/estudis\/grau-videojocs-bcn\/presentacio\/\" target=\"_blank\" rel=\"noopener noreferrer\"><span class=\"hps\">Grau<\/span> <span class=\"hps\">en Disseny<\/span> <span class=\"hps\">i<\/span> <span class=\"hps\">Desenvolupament<\/span> <\/a><span class=\"hps\"><a href=\"https:\/\/www.citm.upc.edu\/cat\/estudis\/grau-videojocs-bcn\/presentacio\/\" target=\"_blank\" rel=\"noopener noreferrer\">de Videojocs<\/a> (100% angl\u00e8s &#8211; Barcelona)<\/span><\/li>\n<\/ul>\n<p>A m\u00e9s dels t\u00edtols oficials de grau, la Universitat Polit\u00e8cnica de Catalunya (UPC), a trav\u00e9s de la <a href=\"https:\/\/www.talent.upc.edu\/cat\/\" target=\"_blank\" rel=\"noopener noreferrer\">UPC School<\/a>, tamb\u00e9 imparteix m\u00e0sters relacionats amb les \u00e0rees d&#8217;expertesa del CITM: animaci\u00f3, art digital i videojocs.<\/p>\n<p><strong>M\u00e0sters de formaci\u00f3 permanent:<\/strong><\/p>\n<ul>\n<li><a href=\"https:\/\/www.talent.upc.edu\/cat\/estudis\/formacio\/curs\/215400\/master-formacio-permanent-animation-digital-arts-aaa-video-games\/\" target=\"_blank\" rel=\"noopener\">Animation &amp; Digital Arts for AAA Videogames<\/a><\/li>\n<li><a href=\"https:\/\/www.talent.upc.edu\/cat\/estudis\/formacio\/curs\/201200\/master-formacio-permanent-advanced-programming-aaa-video-games\/\" target=\"_blank\" rel=\"noopener\">Advanced Programming for AAA Videogames<\/a><\/li>\n<\/ul>\n<p><strong><span class=\"hps\">Postgraus:<\/span><\/strong><\/p>\n<ul>\n<li><a href=\"https:\/\/www.talent.upc.edu\/cat\/estudis\/formacio\/curs\/313400\/postgrau-full-stack-web-technologies\/\" target=\"_blank\" rel=\"noopener\">Full-Stack Web Technologies<\/a><\/li>\n<li><a href=\"https:\/\/www.talent.upc.edu\/cat\/estudis\/formacio\/curs\/323000\/postgrau-technical-vfx-artist-video-games\/\" target=\"_blank\" rel=\"noopener\">Technical VFX Artist for Video Games<\/a><\/li>\n<\/ul>\n<p><strong>Microcredencials universit\u00e0ries:\u00a0<\/strong><\/p>\n<ul>\n<li><a href=\"https:\/\/www.talent.upc.edu\/cat\/estudis\/formacio\/curs\/715300\/microcredencial-produccio-virtual-stagecrafting-unreal-engine-pantalles-led\/\" target=\"_blank\" rel=\"noopener\">Producci\u00f3 Virtual. Stagecrafting amb Unreal Engine i Pantalles LED<\/a><\/li>\n<li><a href=\"https:\/\/www.talent.upc.edu\/cat\/estudis\/formacio\/curs\/726800\/microcredencial-ux-industria-dels-videojocs\/\" target=\"_blank\" rel=\"noopener\">UX per a la Ind\u00fastria dels Videojocs<\/a><\/li>\n<\/ul>\n<p><span class=\"hps\">Consulta el nostre web\u00a0<\/span><span class=\"hps\">per a m\u00e9s<\/span> <span class=\"hps\">informaci\u00f3<\/span> <span class=\"hps\">sobre <\/span><span class=\"hps\">els nostres<\/span> <span class=\"hps\">estudis<\/span>:<\/p>\n<p><a title=\"CITM UPC\" href=\"https:\/\/www.citm.upc.edu\" target=\"_blank\" rel=\"noopener noreferrer\"><strong><span class=\"hps\">https:\/\/www.citm.upc.edu<\/span><\/strong><\/a><\/p>\n<p><a href=\"https:\/\/www.citm.upc.edu\/blog\/wp-content\/uploads\/2014\/04\/Fachada-1.jpg\"><img loading=\"lazy\" decoding=\"async\" class=\"alignnone size-thumbnail wp-image-814\" style=\"padding: 5px; border: 5px;\" src=\"https:\/\/www.citm.upc.edu\/blog\/wp-content\/uploads\/2014\/04\/Fachada-1-150x150.jpg\" alt=\"citm upc\" width=\"150\" height=\"150\" \/><\/a><a href=\"https:\/\/www.citm.upc.edu\/blog\/wp-content\/uploads\/2014\/04\/Fachada-5.jpg\"><img loading=\"lazy\" decoding=\"async\" class=\"alignnone size-thumbnail wp-image-815\" style=\"padding: 5px; border: 5px;\" src=\"https:\/\/www.citm.upc.edu\/blog\/wp-content\/uploads\/2014\/04\/Fachada-5-150x150.jpg\" alt=\"Fachada (5)\" width=\"150\" height=\"150\" \/><\/a><a href=\"https:\/\/www.citm.upc.edu\/blog\/wp-content\/uploads\/2014\/04\/Plat\u00f3-19.jpg\"><img loading=\"lazy\" decoding=\"async\" class=\"alignnone size-thumbnail wp-image-816\" style=\"padding: 5px; border: 5px;\" src=\"https:\/\/www.citm.upc.edu\/blog\/wp-content\/uploads\/2014\/04\/Plat\u00f3-19-150x150.jpg\" alt=\"Plat\u00f3 CITM UPC\" width=\"150\" height=\"150\" \/><\/a><a href=\"https:\/\/www.citm.upc.edu\/blog\/wp-content\/uploads\/2014\/04\/014.jpg\"><img loading=\"lazy\" decoding=\"async\" class=\"alignnone size-thumbnail wp-image-817\" style=\"padding: 5px; border: 5px;\" src=\"https:\/\/www.citm.upc.edu\/blog\/wp-content\/uploads\/2014\/04\/014-150x150.jpg\" alt=\"Aulas CITM\" width=\"150\" height=\"150\" \/><\/a><a href=\"https:\/\/www.citm.upc.edu\/blog\/wp-content\/uploads\/2014\/04\/IMG_8636.jpg\"><img loading=\"lazy\" decoding=\"async\" class=\"alignnone size-thumbnail wp-image-819\" style=\"padding: 5px; border: 5px;\" src=\"https:\/\/www.citm.upc.edu\/blog\/wp-content\/uploads\/2014\/04\/IMG_8636-150x150.jpg\" alt=\"IMG_8636\" width=\"150\" height=\"150\" \/><\/a><a href=\"https:\/\/www.citm.upc.edu\/blog\/wp-content\/uploads\/2014\/04\/MG_6476.jpg\"><img loading=\"lazy\" decoding=\"async\" class=\"alignnone size-thumbnail wp-image-823\" style=\"padding: 5px; border: 5px;\" src=\"https:\/\/www.citm.upc.edu\/blog\/wp-content\/uploads\/2014\/04\/MG_6476-150x150.jpg\" alt=\"_MG_6476\" width=\"150\" height=\"150\" \/><\/a><a href=\"https:\/\/www.citm.upc.edu\/blog\/wp-content\/uploads\/2014\/04\/MG_6490.jpg\"><img loading=\"lazy\" decoding=\"async\" class=\"alignnone size-thumbnail wp-image-821\" style=\"padding: 5px; border: 5px;\" src=\"https:\/\/www.citm.upc.edu\/blog\/wp-content\/uploads\/2014\/04\/MG_6490-150x150.jpg\" alt=\"_MG_6490\" width=\"150\" height=\"150\" \/><\/a><a href=\"https:\/\/www.citm.upc.edu\/blog\/wp-content\/uploads\/2014\/04\/MG_6399.jpg\"><img loading=\"lazy\" decoding=\"async\" class=\"alignnone size-thumbnail wp-image-820\" style=\"padding: 5px; border: 5px;\" src=\"https:\/\/www.citm.upc.edu\/blog\/wp-content\/uploads\/2014\/04\/MG_6399-150x150.jpg\" alt=\"_MG_6399\" width=\"150\" height=\"150\" \/><\/a><\/p>\n<div id=\"gt-edit\" style=\"display: none;\">\n<div style=\"width: 100%;\">\n<p><textarea id=\"contribute-target\" class=\"goog-textarea\" dir=\"ltr\" style=\"height: auto; padding-right: 20px; -ms-overflow-x: auto; -ms-overflow-y: hidden; box-sizing: border-box;\" tabindex=\"0\" spellcheck=\"false\" name=\"edit-text\" rows=\"1\" wrap=\"SOFT\"><\/textarea><\/p>\n<div id=\"gt-clear\" class=\"clear-button goog-toolbar-button\" style=\"right: 0px; display: none;\" data-tooltip-align=\"t,c\" data-tooltip=\"Borrar texto\"><\/div>\n<\/div>\n<\/div>\n<div id=\"gt-res-tools\"><\/div>\n","protected":false},"excerpt":{"rendered":"<p>El CITM (Centre de la Imatge i la Tecnologia Multim\u00e8dia) \u00e9s un centre docent adscrit a la Universitat Polit\u00e8cnica de Catalunya (UPC) especialitzat en formaci\u00f3 en els \u00e0mbits de les tecnologies multim\u00e8dia, animaci\u00f3, art digital i videojocs. El centre imparteix les seg\u00fcents titulacions oficials de grau: Grau en Disseny, Animaci\u00f3 i Art Digital Grau en &#8230; <a title=\"OFERTA FORMATIVA CITM\" class=\"read-more\" href=\"https:\/\/www.citm.upc.edu\/blog\/oferta-formativa-cat\/?lang=ca\" aria-label=\"Read more about OFERTA FORMATIVA CITM\">Leer m\u00e1s<\/a><\/p>\n","protected":false},"author":1,"featured_media":0,"parent":0,"menu_order":0,"comment_status":"closed","ping_status":"closed","template":"","meta":{"footnotes":""},"class_list":["post-10","page","type-page","status-publish"],"aioseo_notices":[],"_links":{"self":[{"href":"https:\/\/www.citm.upc.edu\/blog\/wp-json\/wp\/v2\/pages\/10","targetHints":{"allow":["GET"]}}],"collection":[{"href":"https:\/\/www.citm.upc.edu\/blog\/wp-json\/wp\/v2\/pages"}],"about":[{"href":"https:\/\/www.citm.upc.edu\/blog\/wp-json\/wp\/v2\/types\/page"}],"author":[{"embeddable":true,"href":"https:\/\/www.citm.upc.edu\/blog\/wp-json\/wp\/v2\/users\/1"}],"replies":[{"embeddable":true,"href":"https:\/\/www.citm.upc.edu\/blog\/wp-json\/wp\/v2\/comments?post=10"}],"version-history":[{"count":38,"href":"https:\/\/www.citm.upc.edu\/blog\/wp-json\/wp\/v2\/pages\/10\/revisions"}],"predecessor-version":[{"id":10775,"href":"https:\/\/www.citm.upc.edu\/blog\/wp-json\/wp\/v2\/pages\/10\/revisions\/10775"}],"wp:attachment":[{"href":"https:\/\/www.citm.upc.edu\/blog\/wp-json\/wp\/v2\/media?parent=10"}],"curies":[{"name":"wp","href":"https:\/\/api.w.org\/{rel}","templated":true}]}}