{"id":2,"date":"2014-04-24T14:43:50","date_gmt":"2014-04-24T14:43:50","guid":{"rendered":"http:\/\/www.citm.upc.edu\/blog\/?page_id=2"},"modified":"2025-11-19T10:35:58","modified_gmt":"2025-11-19T09:35:58","slug":"oferta-formativa","status":"publish","type":"page","link":"https:\/\/www.citm.upc.edu\/blog\/oferta-formativa\/","title":{"rendered":"OFERTA FORMATIVA CITM"},"content":{"rendered":"<p>El CITM (Centro de la Imagen y la Tecnolog\u00eda Multimedia) es un centro docente adscrito a la Universitat Polit\u00e8cnica de Catalunya (UPC) especializado en formaci\u00f3n en los \u00e1mbitos de las tecnolog\u00edas <strong>multimedia, animaci\u00f3n, arte digital<\/strong> y <strong>videojuegos.\u00a0<\/strong><\/p>\n<p>El centro imparte las siguientes<strong> titulaciones oficiales de grado:<\/strong><\/p>\n<ul>\n<li><a href=\"https:\/\/www.citm.upc.edu\/esp\/estudis\/grau-animacio\/presentacio\/?utm_source=Blog&amp;utm_medium=link&amp;utm_campaign=Animacio\" target=\"_blank\" rel=\"noopener noreferrer\">Grado en Dise\u00f1o, Animaci\u00f3n y Arte Digital<\/a><\/li>\n<li><a title=\"Grado Multimedia\" href=\"https:\/\/www.citm.upc.edu\/esp\/estudis\/grau-multimedia\/presentacio\/?utm_source=Blog&amp;utm_medium=link&amp;utm_campaign=Multi\" target=\"_blank\" rel=\"noopener noreferrer\">Grado en Dise\u00f1o Digital y Tecnolog\u00edas Multimedia<\/a><\/li>\n<li><a title=\"Grado Videojuegos\" href=\"https:\/\/www.citm.upc.edu\/esp\/estudis\/grau-videojocs\/presentacio\/?utm_source=Blog&amp;utm_medium=link&amp;utm_campaign=Videojocs\" target=\"_blank\" rel=\"noopener noreferrer\">Grado en Dise\u00f1o y Desarrollo de Videojuegos<\/a><strong>\u00a0<\/strong>(Terrassa)<\/li>\n<li><a title=\"Grado en Videojuegos\" href=\"https:\/\/www.citm.upc.edu\/esp\/estudis\/grau-videojocs-bcn\/presentacio\/\" target=\"_blank\" rel=\"noopener noreferrer\">Grado en Dise\u00f1o y Desarrollo de Videojuegos<\/a> (100% en Ingl\u00e9s &#8211; Barcelona)<\/li>\n<\/ul>\n<p>Adem\u00e1s de los t\u00edtulos oficiales de grado, la Universitat Polit\u00e8cnica de Catalunya (UPC), a trav\u00e9s de la <a href=\"https:\/\/www.talent.upc.edu\/cat\/\" target=\"_blank\" rel=\"noopener noreferrer\">UPC School<\/a>, tambi\u00e9n imparte m\u00e1sters relacionados con las \u00e1reas del <em>expertise<\/em> del CITM: animaci\u00f3n, arte digital y videojuegos.<\/p>\n<p><strong>M\u00e1sters de formaci\u00f3n permanente:<\/strong><\/p>\n<ul>\n<li><a href=\"https:\/\/www.talent.upc.edu\/esp\/estudis\/formacio\/curs\/215400\/master-formacio-permanent-animation-digital-arts-aaa-video-games\/\" target=\"_blank\" rel=\"noopener\">Animation &amp; Digital Arts for AAA Videogames<\/a><\/li>\n<li><a href=\"https:\/\/www.talent.upc.edu\/esp\/estudis\/formacio\/curs\/201200\/master-formacio-permanent-advanced-programming-aaa-video-games\/\" target=\"_blank\" rel=\"noopener\">Advanced Programming for AAA Videogames<\/a><\/li>\n<\/ul>\n<p><strong><span class=\"hps\">Posgrados:<\/span><\/strong><\/p>\n<ul>\n<li><a href=\"https:\/\/www.talent.upc.edu\/esp\/estudis\/formacio\/curs\/313400\/postgrau-full-stack-web-technologies\/\" target=\"_blank\" rel=\"noopener\">Full-Stack Web Technologies<\/a><\/li>\n<li><a href=\"https:\/\/www.talent.upc.edu\/esp\/estudis\/formacio\/curs\/323000\/postgrau-technical-vfx-artist-video-games\/\" target=\"_blank\" rel=\"noopener\">Technical VFX Artist for Video Games<\/a><\/li>\n<\/ul>\n<p><strong>Microcredenciales universitarias: <\/strong><\/p>\n<ul>\n<li><a href=\"https:\/\/www.talent.upc.edu\/esp\/estudis\/formacio\/curs\/715300\/microcredencial-produccio-virtual-stagecrafting-unreal-engine-pantalles-led\/\" target=\"_blank\" rel=\"noopener\">Producci\u00f3n Virtual. Stagecrafting con Unreal Engine y Pantallas LED<\/a><\/li>\n<li><a href=\"https:\/\/www.talent.upc.edu\/esp\/estudis\/formacio\/curs\/726800\/microcredencial-ux-industria-dels-videojocs\/\" target=\"_blank\" rel=\"noopener\">UX para la Industria de los Videojuegos<\/a><\/li>\n<\/ul>\n<p>Consulta nuestra web para m\u00e1s informaci\u00f3n sobre todos nuestros estudios:<\/p>\n<div class=\"llistat_postg\"><strong><a href=\"http:\/\/www.citm.upc.edu\/\" target=\"_blank\" rel=\"noopener noreferrer\">https:\/\/www.citm.upc.edu<\/a><\/strong><\/div>\n<p><a href=\"https:\/\/www.citm.upc.edu\/blog\/wp-content\/uploads\/2014\/04\/Fachada-1.jpg\"><img loading=\"lazy\" decoding=\"async\" style=\"padding: 5px; border: 5px;\" src=\"https:\/\/www.citm.upc.edu\/blog\/wp-content\/uploads\/2014\/04\/Fachada-1-150x150.jpg\" alt=\"citm upc\" width=\"150\" height=\"150\" \/><\/a><a href=\"https:\/\/www.citm.upc.edu\/blog\/wp-content\/uploads\/2014\/04\/Plat\u00f3-19.jpg\"><img loading=\"lazy\" decoding=\"async\" class=\"alignnone wp-image-818 size-thumbnail\" style=\"padding: 5px; border: 5px;\" src=\"https:\/\/www.citm.upc.edu\/blog\/wp-content\/uploads\/2014\/04\/002-150x150.jpg\" alt=\"002\" width=\"150\" height=\"150\" \/><img loading=\"lazy\" decoding=\"async\" class=\"alignnone wp-image-816 size-thumbnail\" style=\"padding: 5px; border: 5px;\" src=\"https:\/\/www.citm.upc.edu\/blog\/wp-content\/uploads\/2014\/04\/Plat\u00f3-19-150x150.jpg\" alt=\"Plat\u00f3 CITM UPC\" width=\"150\" height=\"150\" \/><\/a><a href=\"https:\/\/www.citm.upc.edu\/blog\/wp-content\/uploads\/2014\/04\/014.jpg\"><img loading=\"lazy\" decoding=\"async\" class=\"alignnone wp-image-817 size-thumbnail\" style=\"padding: 5px; border: 5px;\" src=\"https:\/\/www.citm.upc.edu\/blog\/wp-content\/uploads\/2014\/04\/014-150x150.jpg\" alt=\"Aulas CITM\" width=\"150\" height=\"150\" \/><\/a><a href=\"https:\/\/www.citm.upc.edu\/blog\/wp-content\/uploads\/2014\/04\/IMG_8636.jpg\"><img loading=\"lazy\" decoding=\"async\" class=\"alignnone wp-image-819 size-thumbnail\" style=\"padding: 5px; border: 5px;\" src=\"https:\/\/www.citm.upc.edu\/blog\/wp-content\/uploads\/2014\/04\/IMG_8636-150x150.jpg\" alt=\"IMG_8636\" width=\"150\" height=\"150\" \/><\/a><a href=\"https:\/\/www.citm.upc.edu\/blog\/wp-content\/uploads\/2014\/04\/MG_6399.jpg\"><img loading=\"lazy\" decoding=\"async\" class=\"alignnone wp-image-820 size-thumbnail\" style=\"padding: 5px; border: 5px;\" src=\"https:\/\/www.citm.upc.edu\/blog\/wp-content\/uploads\/2014\/04\/MG_6399-150x150.jpg\" alt=\"_MG_6399\" width=\"150\" height=\"150\" \/><\/a> <a href=\"https:\/\/www.citm.upc.edu\/blog\/wp-content\/uploads\/2014\/04\/MG_6490.jpg\"><img loading=\"lazy\" decoding=\"async\" class=\"alignnone wp-image-821 size-thumbnail\" style=\"padding: 5px; border: 5px;\" src=\"https:\/\/www.citm.upc.edu\/blog\/wp-content\/uploads\/2014\/04\/MG_6490-150x150.jpg\" alt=\"_MG_6490\" width=\"150\" height=\"150\" \/><\/a> <a href=\"https:\/\/www.citm.upc.edu\/blog\/wp-content\/uploads\/2014\/04\/MG_6470.jpg\"><img loading=\"lazy\" decoding=\"async\" class=\"alignnone wp-image-822 size-thumbnail\" style=\"padding: 5px; border: 5px;\" src=\"https:\/\/www.citm.upc.edu\/blog\/wp-content\/uploads\/2014\/04\/MG_6470-150x150.jpg\" alt=\"_MG_6470\" width=\"150\" height=\"150\" \/><\/a><\/p>\n<p>&nbsp;<\/p>\n","protected":false},"excerpt":{"rendered":"<p>El CITM (Centro de la Imagen y la Tecnolog\u00eda Multimedia) es un centro docente adscrito a la Universitat Polit\u00e8cnica de Catalunya (UPC) especializado en formaci\u00f3n en los \u00e1mbitos de las tecnolog\u00edas multimedia, animaci\u00f3n, arte digital y videojuegos.\u00a0 El centro imparte las siguientes titulaciones oficiales de grado: Grado en Dise\u00f1o, Animaci\u00f3n y Arte Digital Grado en &#8230; <a title=\"OFERTA FORMATIVA CITM\" class=\"read-more\" href=\"https:\/\/www.citm.upc.edu\/blog\/oferta-formativa\/\" aria-label=\"Read more about OFERTA FORMATIVA CITM\">Leer m\u00e1s<\/a><\/p>\n","protected":false},"author":1,"featured_media":0,"parent":0,"menu_order":0,"comment_status":"closed","ping_status":"closed","template":"","meta":{"footnotes":""},"class_list":["post-2","page","type-page","status-publish"],"aioseo_notices":[],"_links":{"self":[{"href":"https:\/\/www.citm.upc.edu\/blog\/wp-json\/wp\/v2\/pages\/2","targetHints":{"allow":["GET"]}}],"collection":[{"href":"https:\/\/www.citm.upc.edu\/blog\/wp-json\/wp\/v2\/pages"}],"about":[{"href":"https:\/\/www.citm.upc.edu\/blog\/wp-json\/wp\/v2\/types\/page"}],"author":[{"embeddable":true,"href":"https:\/\/www.citm.upc.edu\/blog\/wp-json\/wp\/v2\/users\/1"}],"replies":[{"embeddable":true,"href":"https:\/\/www.citm.upc.edu\/blog\/wp-json\/wp\/v2\/comments?post=2"}],"version-history":[{"count":56,"href":"https:\/\/www.citm.upc.edu\/blog\/wp-json\/wp\/v2\/pages\/2\/revisions"}],"predecessor-version":[{"id":10780,"href":"https:\/\/www.citm.upc.edu\/blog\/wp-json\/wp\/v2\/pages\/2\/revisions\/10780"}],"wp:attachment":[{"href":"https:\/\/www.citm.upc.edu\/blog\/wp-json\/wp\/v2\/media?parent=2"}],"curies":[{"name":"wp","href":"https:\/\/api.w.org\/{rel}","templated":true}]}}