{"id":4434,"date":"2020-07-20T11:41:43","date_gmt":"2020-07-20T09:41:43","guid":{"rendered":"https:\/\/www.citm.upc.edu\/blog\/?page_id=4434"},"modified":"2020-07-20T12:29:10","modified_gmt":"2020-07-20T10:29:10","slug":"2a-edicion-junio-2019","status":"publish","type":"page","link":"https:\/\/www.citm.upc.edu\/blog\/2a-edicion-junio-2019\/","title":{"rendered":"2\u00aa EDICI\u00d3N \u2013 JUNIO 2019"},"content":{"rendered":"<p>La 2\u00aa CITM Game Jam se celebr\u00f3 entre los d\u00edas 18 y 19 de junio de 2019. 42 estudiantes de los grados del Centro participaron.<\/p>\n<p>El jurado estuvo formado por <strong>Marc Ripoll, Roger Montserrat y Jes\u00fas D\u00edaz<\/strong>, los tres profesores del Grado en Dise\u00f1o y Desarrollo de Videojuegos.<\/p>\n<p>Proyectos premiados en la 2\u00aa edici\u00f3n de la CITM Game Jam:<\/p>\n<h2><span style=\"color: #5fb9fd;\">Premio Mejor Juego, Mejor Dise\u00f1o y Premio del P\u00fablico:<\/span><\/h2>\n<p><strong>Nombre juego:<\/strong> Kayak<br \/>\n<strong>Equipo:<\/strong> Team Rocketo<br \/>\n<strong>Integrantes:<\/strong><\/p>\n<ul>\n<li><em>Jonathan Molina-Prados<\/em><\/li>\n<li><em>Aleix Gabarr\u00f3<\/em><\/li>\n<li><em>Guillem Costa<\/em><\/li>\n<li><em>V\u00edctor Mas\u00f3<\/em><\/li>\n<li><em>Guillermo Garc\u00eda<\/em><\/li>\n<\/ul>\n<h2><span style=\"color: #5fb9fd;\">Premio Mejor Arte:<\/span><\/h2>\n<p>\n<div data-mode=\"normal\" data-oembed=\"1\" data-provider=\"vimeo\" id=\"arve-vimeo-439181753\" style=\"max-width:725px;\" class=\"arve\">\n\t<div class=\"arve-inner\">\n\t\t<div class=\"arve-embed arve-embed--has-aspect-ratio\">\n\t\t\t<div class=\"arve-ar\" style=\"padding-top:56.250000%\"><\/div>\n\t\t\t<iframe allow=\"accelerometer &#039;none&#039;;autoplay &#039;none&#039;;bluetooth &#039;none&#039;;browsing-topics &#039;none&#039;;camera &#039;none&#039;;clipboard-read &#039;none&#039;;clipboard-write;display-capture &#039;none&#039;;encrypted-media &#039;none&#039;;gamepad &#039;none&#039;;geolocation &#039;none&#039;;gyroscope &#039;none&#039;;hid &#039;none&#039;;identity-credentials-get &#039;none&#039;;idle-detection &#039;none&#039;;keyboard-map &#039;none&#039;;local-fonts;magnetometer &#039;none&#039;;microphone &#039;none&#039;;midi &#039;none&#039;;otp-credentials &#039;none&#039;;payment &#039;none&#039;;picture-in-picture;publickey-credentials-create &#039;none&#039;;publickey-credentials-get &#039;none&#039;;screen-wake-lock &#039;none&#039;;serial &#039;none&#039;;summarizer &#039;none&#039;;sync-xhr;usb &#039;none&#039;;web-share;window-management &#039;none&#039;;xr-spatial-tracking &#039;none&#039;;\" allowfullscreen=\"\" class=\"arve-iframe fitvidsignore\" credentialless data-arve=\"arve-vimeo-439181753\" data-lenis-prevent=\"\" data-src-no-ap=\"https:\/\/player.vimeo.com\/video\/439181753?dnt=1&amp;app_id=122963&amp;transparent=0&amp;title=1&amp;byline=0&amp;portrait=0&amp;autoplay=0\" frameborder=\"0\" height=\"407.8125\" loading=\"lazy\" name=\"\" referrerpolicy=\"strict-origin-when-cross-origin\" sandbox=\"allow-scripts allow-same-origin allow-presentation allow-popups allow-popups-to-escape-sandbox allow-forms\" scrolling=\"no\" src=\"https:\/\/player.vimeo.com\/video\/439181753?dnt=1&#038;app_id=122963&#038;transparent=0&#038;title=1&#038;byline=0&#038;portrait=0&#038;autoplay=0\" title=\"\" width=\"725\"><\/iframe>\n\t\t\t\n\t\t<\/div>\n\t\t\n\t<\/div>\n\t\n\t\n\t<script type=\"application\/ld+json\">{\"@context\":\"http:\\\/\\\/schema.org\\\/\",\"@id\":\"https:\\\/\\\/www.citm.upc.edu\\\/blog\\\/2a-edicion-junio-2019\\\/#arve-vimeo-439181753\",\"type\":\"VideoObject\",\"embedURL\":\"https:\\\/\\\/player.vimeo.com\\\/video\\\/439181753?dnt=1&app_id=122963&transparent=0&title=1&byline=0&portrait=0&autoplay=0\"}<\/script>\n\t\n<\/div><br \/>\n<strong>Nombre juego<\/strong> Monster Lobster<br \/>\n<strong>Equipo:<\/strong> Watermelon $quad<br \/>\n<strong>Integrantes:<\/strong><\/p>\n<ul>\n<li><em>David Lozano S\u00e1nchez<\/em><\/li>\n<li><em>Alfono S\u00e1nchez<\/em><\/li>\n<li><em>Joan Valiente<\/em><\/li>\n<li><em>Alex Campa<\/em><\/li>\n<li><em>Sergio G\u00f3mez<\/em><\/li>\n<\/ul>\n<h2><span style=\"color: #5fb9fd;\">Premio Mejor Tecnolog\u00eda:<\/span><\/h2>\n<p>\n<div data-mode=\"normal\" data-oembed=\"1\" data-provider=\"vimeo\" id=\"arve-vimeo-439182525\" style=\"max-width:725px;\" class=\"arve\">\n\t<div class=\"arve-inner\">\n\t\t<div class=\"arve-embed arve-embed--has-aspect-ratio\">\n\t\t\t<div class=\"arve-ar\" style=\"padding-top:56.250000%\"><\/div>\n\t\t\t<iframe allow=\"accelerometer &#039;none&#039;;autoplay &#039;none&#039;;bluetooth &#039;none&#039;;browsing-topics &#039;none&#039;;camera &#039;none&#039;;clipboard-read &#039;none&#039;;clipboard-write;display-capture &#039;none&#039;;encrypted-media &#039;none&#039;;gamepad &#039;none&#039;;geolocation &#039;none&#039;;gyroscope &#039;none&#039;;hid &#039;none&#039;;identity-credentials-get &#039;none&#039;;idle-detection &#039;none&#039;;keyboard-map &#039;none&#039;;local-fonts;magnetometer &#039;none&#039;;microphone &#039;none&#039;;midi &#039;none&#039;;otp-credentials &#039;none&#039;;payment &#039;none&#039;;picture-in-picture;publickey-credentials-create &#039;none&#039;;publickey-credentials-get &#039;none&#039;;screen-wake-lock &#039;none&#039;;serial &#039;none&#039;;summarizer &#039;none&#039;;sync-xhr;usb &#039;none&#039;;web-share;window-management &#039;none&#039;;xr-spatial-tracking &#039;none&#039;;\" allowfullscreen=\"\" class=\"arve-iframe fitvidsignore\" credentialless data-arve=\"arve-vimeo-439182525\" data-lenis-prevent=\"\" data-src-no-ap=\"https:\/\/player.vimeo.com\/video\/439182525?dnt=1&amp;app_id=122963&amp;transparent=0&amp;title=1&amp;byline=0&amp;portrait=0&amp;autoplay=0\" frameborder=\"0\" height=\"407.8125\" loading=\"lazy\" name=\"\" referrerpolicy=\"strict-origin-when-cross-origin\" sandbox=\"allow-scripts allow-same-origin allow-presentation allow-popups allow-popups-to-escape-sandbox allow-forms\" scrolling=\"no\" src=\"https:\/\/player.vimeo.com\/video\/439182525?dnt=1&#038;app_id=122963&#038;transparent=0&#038;title=1&#038;byline=0&#038;portrait=0&#038;autoplay=0\" title=\"\" width=\"725\"><\/iframe>\n\t\t\t\n\t\t<\/div>\n\t\t\n\t<\/div>\n\t\n\t\n\t<script type=\"application\/ld+json\">{\"@context\":\"http:\\\/\\\/schema.org\\\/\",\"@id\":\"https:\\\/\\\/www.citm.upc.edu\\\/blog\\\/2a-edicion-junio-2019\\\/#arve-vimeo-439182525\",\"type\":\"VideoObject\",\"embedURL\":\"https:\\\/\\\/player.vimeo.com\\\/video\\\/439182525?dnt=1&app_id=122963&transparent=0&title=1&byline=0&portrait=0&autoplay=0\"}<\/script>\n\t\n<\/div><br \/>\n<strong>Nombre juego:<\/strong> Deep<br \/>\n<strong>Equipo:<\/strong> \u00a0Surprise Team<br \/>\n<strong>Integrantes:<\/strong><\/p>\n<ul>\n<li><em>Carles Margel\u00ed<\/em><\/li>\n<li><em>Albert Mas Compes<\/em><\/li>\n<li><em>Rodrigo De Pedro<\/em><\/li>\n<li><em>Pol Ferrand<\/em>o<\/li>\n<\/ul>\n","protected":false},"excerpt":{"rendered":"<p>La 2\u00aa CITM Game Jam se celebr\u00f3 entre los d\u00edas 18 y 19 de junio de 2019. 42 estudiantes de los grados del Centro participaron. El jurado estuvo formado por Marc Ripoll, Roger Montserrat y Jes\u00fas D\u00edaz, los tres profesores del Grado en Dise\u00f1o y Desarrollo de Videojuegos. Proyectos premiados en la 2\u00aa edici\u00f3n de &#8230; <a title=\"2\u00aa EDICI\u00d3N \u2013 JUNIO 2019\" class=\"read-more\" href=\"https:\/\/www.citm.upc.edu\/blog\/2a-edicion-junio-2019\/\" aria-label=\"Read more about 2\u00aa EDICI\u00d3N \u2013 JUNIO 2019\">Leer m\u00e1s<\/a><\/p>\n","protected":false},"author":1,"featured_media":4428,"parent":0,"menu_order":0,"comment_status":"closed","ping_status":"closed","template":"","meta":{"footnotes":""},"class_list":["post-4434","page","type-page","status-publish","has-post-thumbnail"],"aioseo_notices":[],"_links":{"self":[{"href":"https:\/\/www.citm.upc.edu\/blog\/wp-json\/wp\/v2\/pages\/4434","targetHints":{"allow":["GET"]}}],"collection":[{"href":"https:\/\/www.citm.upc.edu\/blog\/wp-json\/wp\/v2\/pages"}],"about":[{"href":"https:\/\/www.citm.upc.edu\/blog\/wp-json\/wp\/v2\/types\/page"}],"author":[{"embeddable":true,"href":"https:\/\/www.citm.upc.edu\/blog\/wp-json\/wp\/v2\/users\/1"}],"replies":[{"embeddable":true,"href":"https:\/\/www.citm.upc.edu\/blog\/wp-json\/wp\/v2\/comments?post=4434"}],"version-history":[{"count":3,"href":"https:\/\/www.citm.upc.edu\/blog\/wp-json\/wp\/v2\/pages\/4434\/revisions"}],"predecessor-version":[{"id":4500,"href":"https:\/\/www.citm.upc.edu\/blog\/wp-json\/wp\/v2\/pages\/4434\/revisions\/4500"}],"wp:featuredmedia":[{"embeddable":true,"href":"https:\/\/www.citm.upc.edu\/blog\/wp-json\/wp\/v2\/media\/4428"}],"wp:attachment":[{"href":"https:\/\/www.citm.upc.edu\/blog\/wp-json\/wp\/v2\/media?parent=4434"}],"curies":[{"name":"wp","href":"https:\/\/api.w.org\/{rel}","templated":true}]}}