{"id":4442,"date":"2020-07-20T11:42:52","date_gmt":"2020-07-20T09:42:52","guid":{"rendered":"https:\/\/www.citm.upc.edu\/blog\/?page_id=4442"},"modified":"2021-02-03T09:51:26","modified_gmt":"2021-02-03T08:51:26","slug":"edicion-2021","status":"publish","type":"page","link":"https:\/\/www.citm.upc.edu\/blog\/edicion-2021\/","title":{"rendered":"GAME JAM por los ODS"},"content":{"rendered":"<p><img loading=\"lazy\" decoding=\"async\" class=\"alignnone size-large wp-image-5054\" src=\"https:\/\/www.citm.upc.edu\/blog\/wp-content\/uploads\/2021\/01\/cabecera-jam-esp-1024x410.jpg\" alt=\"GAMEJAM ODS\" width=\"1024\" height=\"410\" srcset=\"https:\/\/www.citm.upc.edu\/blog\/wp-content\/uploads\/2021\/01\/cabecera-jam-esp-1024x410.jpg 1024w, https:\/\/www.citm.upc.edu\/blog\/wp-content\/uploads\/2021\/01\/cabecera-jam-esp-300x120.jpg 300w, https:\/\/www.citm.upc.edu\/blog\/wp-content\/uploads\/2021\/01\/cabecera-jam-esp-768x307.jpg 768w, https:\/\/www.citm.upc.edu\/blog\/wp-content\/uploads\/2021\/01\/cabecera-jam-esp.jpg 1250w\" sizes=\"auto, (max-width: 1024px) 100vw, 1024px\" \/><\/p>\n<p>Bienvenidos a la <strong>Game Jam por los ODS<\/strong> (Objetivos de Desarrollo Sostenible), organizada por el Centro de la Imagen y la Tecnolog\u00eda Multimedia (CITM) de la Universitat Polit\u00e8cnica de Catalunya (UPC), un evento pensado para impulsar vuestro talento y ayudaros a construir un futuro profesional en la industria del entretenimiento.<\/p>\n<p>Esta edici\u00f3n, que se enmarca en el programa de actividades del 50 Aniversario de la UPC, se realizar\u00e1 los <strong>d\u00edas 4 y 5 de febrero<\/strong>, jueves y viernes. Debido al actual contexto sociosanitario, se har\u00e1 en formato <strong>en l\u00ednea<\/strong>. El mi\u00e9rcoles 10 de febrero, tambi\u00e9n de manera virtual, se har\u00e1 la entrega de premios.<\/p>\n<h2><span style=\"color: #5fb9fd;\">Qui\u00e9n puede participar:<\/span><\/h2>\n<ul>\n<li>Pueden participar <strong>estudiantes de la UPC del curso acad\u00e9mico 2020-2021<\/strong>, ya sean tanto de grado como de m\u00e1ster universitario o de t\u00edtulo propio.<\/li>\n<li>Los equipos participantes ser\u00e1n de 4 o 5 personas.<\/li>\n<li>Tambi\u00e9n podr\u00e9is participar de manera individual. En este caso, la organizaci\u00f3n os asignar\u00e1 a un equipo participante al comienzo de la Game Jam.<\/li>\n<\/ul>\n<h2><span style=\"color: #5fb9fd;\">Inscripci\u00f3n a la Game Jam:<\/span><\/h2>\n<p>1) Cada participante, a t\u00edtulo personal, debe rellenar un formulario de inscripci\u00f3n (plazo cerrado).<\/p>\n<p>2) Una vez cumplimentado, la organizaci\u00f3n contactar\u00e1 contigo y te enviar\u00e1 un formulario donde se recoger\u00e1 toda la informaci\u00f3n sobre tu equipo (de 4 o 5 personas) o, si es el caso, sobre tu participaci\u00f3n individual. Para que la inscripci\u00f3n sea v\u00e1lida se deber\u00e1 aportar toda la informaci\u00f3n requerida para cada participante.<\/p>\n<h2><span style=\"color: #5fb9fd;\">Calendario y horarios: <\/span><\/h2>\n<ul>\n<li><a href=\"https:\/\/www.citm.upc.edu\/esp\/agenda\/2021\/02\/04\/kick-off-de-la-game-jam-pels-ods\/2590\/\" target=\"_blank\" rel=\"noopener noreferrer\"><em> Kick off<\/em> de la Game Jam por los ODS<\/a>: jueves 4 de febrero, a las 9\u202fh.<\/li>\n<li><a href=\"https:\/\/www.citm.upc.edu\/esp\/agenda\/2021\/02\/10\/entrega-de-premios-y-acto-de-clausura-de-la-game-jam-por-los-ods\/2591\/\" target=\"_blank\" rel=\"noopener noreferrer\">Entrega de premios y acto de clausura de la Game Jam por los ODS<\/a>: mi\u00e9rcoles 10 de febrero, a las 16\u202fh.<\/li>\n<\/ul>\n<h2><span style=\"color: #5fb9fd;\">Premios:<\/span><\/h2>\n<ul>\n<li><strong>Mejor Juego:<\/strong> Cada participante del equipo ganador recibir\u00e1 una tarjeta para la plataforma Steam por valor de 50 \u20ac.<\/li>\n<li><strong>Mejor Arte:<\/strong> Cada participante del equipo ganador recibir\u00e1 una tarjeta para la plataforma Steam por valor de 50 \u20ac.<\/li>\n<li><strong>Mejor Tecnolog\u00eda:<\/strong> Diploma acreditativo.<\/li>\n<li><strong>Mejor Juego por Votaci\u00f3n Popular:<\/strong> Diploma acreditativo.<\/li>\n<\/ul>\n<p>Antes del inicio de la Game Jam recibir\u00e9is informaci\u00f3n, por parte de los organizadores, especificando los detalles del kick-off.<\/p>\n<p>Tambi\u00e9n pod\u00e9is encontrar toda la informaci\u00f3n, premios, horarios, etc. en las <a title=\"Bases de la Game Jam por los ODS\" href=\"https:\/\/www.citm.upc.edu\/blog\/wp-content\/uploads\/2021\/02\/BasesGameJamODS_esp.pdf\" target=\"_blank\" rel=\"nofollow noopener noreferrer\">Bases de la Game Jam por los ODS<\/a>.<\/p>\n<p>\u00a1Os esperamos!<\/p>\n","protected":false},"excerpt":{"rendered":"<p>Bienvenidos a la Game Jam por los ODS (Objetivos de Desarrollo Sostenible), organizada por el Centro de la Imagen y la Tecnolog\u00eda Multimedia (CITM) de la Universitat Polit\u00e8cnica de Catalunya (UPC), un evento pensado para impulsar vuestro talento y ayudaros a construir un futuro profesional en la industria del entretenimiento. Esta edici\u00f3n, que se enmarca &#8230; <a title=\"GAME JAM por los ODS\" class=\"read-more\" href=\"https:\/\/www.citm.upc.edu\/blog\/edicion-2021\/\" aria-label=\"Read more about GAME JAM por los ODS\">Leer m\u00e1s<\/a><\/p>\n","protected":false},"author":1,"featured_media":0,"parent":0,"menu_order":0,"comment_status":"closed","ping_status":"closed","template":"","meta":{"footnotes":""},"class_list":["post-4442","page","type-page","status-publish"],"aioseo_notices":[],"_links":{"self":[{"href":"https:\/\/www.citm.upc.edu\/blog\/wp-json\/wp\/v2\/pages\/4442","targetHints":{"allow":["GET"]}}],"collection":[{"href":"https:\/\/www.citm.upc.edu\/blog\/wp-json\/wp\/v2\/pages"}],"about":[{"href":"https:\/\/www.citm.upc.edu\/blog\/wp-json\/wp\/v2\/types\/page"}],"author":[{"embeddable":true,"href":"https:\/\/www.citm.upc.edu\/blog\/wp-json\/wp\/v2\/users\/1"}],"replies":[{"embeddable":true,"href":"https:\/\/www.citm.upc.edu\/blog\/wp-json\/wp\/v2\/comments?post=4442"}],"version-history":[{"count":25,"href":"https:\/\/www.citm.upc.edu\/blog\/wp-json\/wp\/v2\/pages\/4442\/revisions"}],"predecessor-version":[{"id":5104,"href":"https:\/\/www.citm.upc.edu\/blog\/wp-json\/wp\/v2\/pages\/4442\/revisions\/5104"}],"wp:attachment":[{"href":"https:\/\/www.citm.upc.edu\/blog\/wp-json\/wp\/v2\/media?parent=4442"}],"curies":[{"name":"wp","href":"https:\/\/api.w.org\/{rel}","templated":true}]}}