{"id":4450,"date":"2020-07-20T11:43:54","date_gmt":"2020-07-20T09:43:54","guid":{"rendered":"https:\/\/www.citm.upc.edu\/blog\/?page_id=4450"},"modified":"2024-10-22T14:32:46","modified_gmt":"2024-10-22T12:32:46","slug":"lab-creatividad-360","status":"publish","type":"page","link":"https:\/\/www.citm.upc.edu\/blog\/lab-creatividad-360\/","title":{"rendered":"LAB CREATIVIDAD 360"},"content":{"rendered":"<h2><span style=\"color: #5fb9fd;\">Presentaci\u00f3n:<\/span><\/h2>\n<p>El Centro de la Imagen y la Tecnolog\u00eda Multimedia (CITM), Tel\u00e9fonica y el Parc Audiovisual de Catalunya han puesto en marcha el <strong>Laboratorio de Creatividad 360<\/strong>.<\/p>\n<p>El objetivo de este acuerdo universidad-empresa es que los alumnos desarrollen <strong>proyectos audiovisuales inmersivos e innovadores<\/strong> en g\u00e9neros como la informaci\u00f3n deportiva, el entretenimiento, la ficci\u00f3n o la publicidad. El laboratorio Lab Creatividad 360 investiga el potencial de las tecnolog\u00edas de <strong>v\u00eddeo 360\u00ba<\/strong>, que permiten un grado de inmersi\u00f3n desconocido hasta ahora, y explora c\u00f3mo estas nuevas formas narrativas impactan en una audiencia joven, acostumbrada a consumir contenidos a trav\u00e9s de soportes menos convencionales.<\/p>\n<p>La primera edici\u00f3n de este laboratorio creativo se puso en marcha en el 2\u00ba cuadrimestre del curso acad\u00e9mico 2019-2020 enmarcado como una asignatura de tercer y cuarto curso de los grados en Multimedia; Dise\u00f1o y Desarrollo de Videojuegos; y Dise\u00f1o, Animaci\u00f3n y Arte Digital del CITM.<\/p>\n<h2><span style=\"color: #5fb9fd;\">V\u00eddeo Lab Creatividad 360:<\/span><\/h2>\n\n<div data-mode=\"normal\" data-oembed=\"1\" data-provider=\"vimeo\" id=\"arve-vimeo-380437513\" style=\"max-width:725px;\" class=\"arve\">\n\t<div class=\"arve-inner\">\n\t\t<div class=\"arve-embed arve-embed--has-aspect-ratio\">\n\t\t\t<div class=\"arve-ar\" style=\"padding-top:56.250000%\"><\/div>\n\t\t\t<iframe allow=\"accelerometer &#039;none&#039;;autoplay &#039;none&#039;;bluetooth &#039;none&#039;;browsing-topics &#039;none&#039;;camera &#039;none&#039;;clipboard-read &#039;none&#039;;clipboard-write;display-capture &#039;none&#039;;encrypted-media &#039;none&#039;;gamepad &#039;none&#039;;geolocation &#039;none&#039;;gyroscope &#039;none&#039;;hid &#039;none&#039;;identity-credentials-get &#039;none&#039;;idle-detection &#039;none&#039;;keyboard-map &#039;none&#039;;local-fonts;magnetometer &#039;none&#039;;microphone &#039;none&#039;;midi &#039;none&#039;;otp-credentials &#039;none&#039;;payment &#039;none&#039;;picture-in-picture;publickey-credentials-create &#039;none&#039;;publickey-credentials-get &#039;none&#039;;screen-wake-lock &#039;none&#039;;serial &#039;none&#039;;summarizer &#039;none&#039;;sync-xhr;usb &#039;none&#039;;web-share;window-management &#039;none&#039;;xr-spatial-tracking &#039;none&#039;;\" allowfullscreen=\"\" class=\"arve-iframe fitvidsignore\" credentialless data-arve=\"arve-vimeo-380437513\" data-lenis-prevent=\"\" data-src-no-ap=\"https:\/\/player.vimeo.com\/video\/380437513?dnt=1&amp;app_id=122963&amp;transparent=0&amp;title=1&amp;byline=0&amp;portrait=0&amp;autoplay=0\" frameborder=\"0\" height=\"407.8125\" loading=\"lazy\" name=\"\" referrerpolicy=\"strict-origin-when-cross-origin\" sandbox=\"allow-scripts allow-same-origin allow-presentation allow-popups allow-popups-to-escape-sandbox allow-forms\" scrolling=\"no\" src=\"https:\/\/player.vimeo.com\/video\/380437513?dnt=1&#038;app_id=122963&#038;transparent=0&#038;title=1&#038;byline=0&#038;portrait=0&#038;autoplay=0\" title=\"\" width=\"725\"><\/iframe>\n\t\t\t\n\t\t<\/div>\n\t\t\n\t<\/div>\n\t\n\t\n\t<script type=\"application\/ld+json\">{\"@context\":\"http:\\\/\\\/schema.org\\\/\",\"@id\":\"https:\\\/\\\/www.citm.upc.edu\\\/blog\\\/lab-creatividad-360\\\/#arve-vimeo-380437513\",\"type\":\"VideoObject\",\"embedURL\":\"https:\\\/\\\/player.vimeo.com\\\/video\\\/380437513?dnt=1&app_id=122963&transparent=0&title=1&byline=0&portrait=0&autoplay=0\"}<\/script>\n\t\n<\/div>\n<h2><span style=\"color: #5fb9fd;\">Edici\u00f3n 2020:<\/span><\/h2>\n<p>En febrero de 2020 se inici\u00f3 el proyecto con la creaci\u00f3n de cuatro equipos multidisciplinares formados por cuatro estudiantes cada uno. Estos equipos de trabajo han contado con la tutorizaci\u00f3n de un profesor del CITM y de un mentor por parte de la empresa.<\/p>\n<p>Durante estos cuatro meses, los alumnos han desarrollado su proyecto de inmersi\u00f3n 360, que fue finalmente evaluado por un comit\u00e9 de expertos, formado por representantes de las entidades colaboradoras del proyecto, entre las que tambi\u00e9n figuran Movistar+ y el \u00e1rea de innovaci\u00f3n de Telef\u00f3nica.<\/p>\n<p>Una vez finalizados, los trabajos pueden presentarse a <strong><a title=\"openfuture\" href=\"http:\/\/www.openfuture.org\" target=\"_blank\" rel=\"noopener noreferrer\">www.openfuture.org<\/a><\/strong>, la plataforma de innovaci\u00f3n abierta de Telef\u00f3nica que impulsa la creaci\u00f3n de startups con base digital.<\/p>\n<h2><span style=\"color: #5fb9fd;\">Proyectos presentados:<\/span><\/h2>\n<h3><strong><em>\u00bfQui\u00e9n soy?<\/em> &#8211; Cortometraje en 360\u00ba con argumento thriller:<\/strong><\/h3>\n\n<div data-mode=\"normal\" data-oembed=\"1\" data-provider=\"vimeo\" id=\"arve-vimeo-435634428\" style=\"max-width:725px;\" class=\"arve\">\n\t<div class=\"arve-inner\">\n\t\t<div class=\"arve-embed arve-embed--has-aspect-ratio\">\n\t\t\t<div class=\"arve-ar\" style=\"padding-top:56.250000%\"><\/div>\n\t\t\t<iframe allow=\"accelerometer &#039;none&#039;;autoplay &#039;none&#039;;bluetooth &#039;none&#039;;browsing-topics &#039;none&#039;;camera &#039;none&#039;;clipboard-read &#039;none&#039;;clipboard-write;display-capture &#039;none&#039;;encrypted-media &#039;none&#039;;gamepad &#039;none&#039;;geolocation &#039;none&#039;;gyroscope &#039;none&#039;;hid &#039;none&#039;;identity-credentials-get &#039;none&#039;;idle-detection &#039;none&#039;;keyboard-map &#039;none&#039;;local-fonts;magnetometer &#039;none&#039;;microphone &#039;none&#039;;midi &#039;none&#039;;otp-credentials &#039;none&#039;;payment &#039;none&#039;;picture-in-picture;publickey-credentials-create &#039;none&#039;;publickey-credentials-get &#039;none&#039;;screen-wake-lock &#039;none&#039;;serial &#039;none&#039;;summarizer &#039;none&#039;;sync-xhr;usb &#039;none&#039;;web-share;window-management &#039;none&#039;;xr-spatial-tracking &#039;none&#039;;\" allowfullscreen=\"\" class=\"arve-iframe fitvidsignore\" credentialless data-arve=\"arve-vimeo-435634428\" data-lenis-prevent=\"\" data-src-no-ap=\"https:\/\/player.vimeo.com\/video\/435634428?dnt=1&amp;app_id=122963&amp;transparent=0&amp;title=1&amp;byline=0&amp;portrait=0&amp;autoplay=0\" frameborder=\"0\" height=\"407.8125\" loading=\"lazy\" name=\"\" referrerpolicy=\"strict-origin-when-cross-origin\" sandbox=\"allow-scripts allow-same-origin allow-presentation allow-popups allow-popups-to-escape-sandbox allow-forms\" scrolling=\"no\" src=\"https:\/\/player.vimeo.com\/video\/435634428?dnt=1&#038;app_id=122963&#038;transparent=0&#038;title=1&#038;byline=0&#038;portrait=0&#038;autoplay=0\" title=\"\" width=\"725\"><\/iframe>\n\t\t\t\n\t\t<\/div>\n\t\t\n\t<\/div>\n\t\n\t\n\t<script type=\"application\/ld+json\">{\"@context\":\"http:\\\/\\\/schema.org\\\/\",\"@id\":\"https:\\\/\\\/www.citm.upc.edu\\\/blog\\\/lab-creatividad-360\\\/#arve-vimeo-435634428\",\"type\":\"VideoObject\",\"embedURL\":\"https:\\\/\\\/player.vimeo.com\\\/video\\\/435634428?dnt=1&app_id=122963&transparent=0&title=1&byline=0&portrait=0&autoplay=0\"}<\/script>\n\t\n<\/div>\n<p>Corto en 360 con argumento thriller centrado en un secuestro. La trama avanza de forma intuitiva gracias a las potencialidades de la tecnolog\u00eda de hacer sentir al usuario como protagonista del corto. Se introduce as\u00ed el concepto \u201cVirtual Real Reality\u201d, que hace que el usuario pueda tomar decisiones y sienta un grado de inmersi\u00f3n en la historia \u00fanico.<\/p>\n<h3><strong>Lango, academia de idiomas:<\/strong><\/h3>\n\n<div data-mode=\"normal\" data-oembed=\"1\" data-provider=\"vimeo\" id=\"arve-vimeo-435645124\" style=\"max-width:725px;\" class=\"arve\">\n\t<div class=\"arve-inner\">\n\t\t<div class=\"arve-embed arve-embed--has-aspect-ratio\">\n\t\t\t<div class=\"arve-ar\" style=\"padding-top:56.250000%\"><\/div>\n\t\t\t<iframe allow=\"accelerometer &#039;none&#039;;autoplay &#039;none&#039;;bluetooth &#039;none&#039;;browsing-topics &#039;none&#039;;camera &#039;none&#039;;clipboard-read &#039;none&#039;;clipboard-write;display-capture &#039;none&#039;;encrypted-media &#039;none&#039;;gamepad &#039;none&#039;;geolocation &#039;none&#039;;gyroscope &#039;none&#039;;hid &#039;none&#039;;identity-credentials-get &#039;none&#039;;idle-detection &#039;none&#039;;keyboard-map &#039;none&#039;;local-fonts;magnetometer &#039;none&#039;;microphone &#039;none&#039;;midi &#039;none&#039;;otp-credentials &#039;none&#039;;payment &#039;none&#039;;picture-in-picture;publickey-credentials-create &#039;none&#039;;publickey-credentials-get &#039;none&#039;;screen-wake-lock &#039;none&#039;;serial &#039;none&#039;;summarizer &#039;none&#039;;sync-xhr;usb &#039;none&#039;;web-share;window-management &#039;none&#039;;xr-spatial-tracking &#039;none&#039;;\" allowfullscreen=\"\" class=\"arve-iframe fitvidsignore\" credentialless data-arve=\"arve-vimeo-435645124\" data-lenis-prevent=\"\" data-src-no-ap=\"https:\/\/player.vimeo.com\/video\/435645124?dnt=1&amp;app_id=122963&amp;transparent=0&amp;title=1&amp;byline=0&amp;portrait=0&amp;autoplay=0\" frameborder=\"0\" height=\"407.8125\" loading=\"lazy\" name=\"\" referrerpolicy=\"strict-origin-when-cross-origin\" sandbox=\"allow-scripts allow-same-origin allow-presentation allow-popups allow-popups-to-escape-sandbox allow-forms\" scrolling=\"no\" src=\"https:\/\/player.vimeo.com\/video\/435645124?dnt=1&#038;app_id=122963&#038;transparent=0&#038;title=1&#038;byline=0&#038;portrait=0&#038;autoplay=0\" title=\"\" width=\"725\"><\/iframe>\n\t\t\t\n\t\t<\/div>\n\t\t\n\t<\/div>\n\t\n\t\n\t<script type=\"application\/ld+json\">{\"@context\":\"http:\\\/\\\/schema.org\\\/\",\"@id\":\"https:\\\/\\\/www.citm.upc.edu\\\/blog\\\/lab-creatividad-360\\\/#arve-vimeo-435645124\",\"type\":\"VideoObject\",\"embedURL\":\"https:\\\/\\\/player.vimeo.com\\\/video\\\/435645124?dnt=1&app_id=122963&transparent=0&title=1&byline=0&portrait=0&autoplay=0\"}<\/script>\n\t\n<\/div>\n<p>Proyecto que aprovecha las capacidades de la tecnolog\u00eda 360 a nivel inmersivo para facilitar el aprendizaje de idiomas. Se habilitan entornos habituales en el d\u00eda a d\u00eda donde se presentan tareas y misiones que se resuelven utilizando la voz e interactuando con los personajes en un escenario virtual.<\/p>\n<h3><strong><em>MoviBOX<\/em> de eSports en streaming:<\/strong><\/h3>\n\n<div data-mode=\"normal\" data-oembed=\"1\" data-provider=\"vimeo\" id=\"arve-vimeo-435647864\" style=\"max-width:725px;\" class=\"arve\">\n\t<div class=\"arve-inner\">\n\t\t<div class=\"arve-embed arve-embed--has-aspect-ratio\">\n\t\t\t<div class=\"arve-ar\" style=\"padding-top:56.250000%\"><\/div>\n\t\t\t<iframe allow=\"accelerometer &#039;none&#039;;autoplay &#039;none&#039;;bluetooth &#039;none&#039;;browsing-topics &#039;none&#039;;camera &#039;none&#039;;clipboard-read &#039;none&#039;;clipboard-write;display-capture &#039;none&#039;;encrypted-media &#039;none&#039;;gamepad &#039;none&#039;;geolocation &#039;none&#039;;gyroscope &#039;none&#039;;hid &#039;none&#039;;identity-credentials-get &#039;none&#039;;idle-detection &#039;none&#039;;keyboard-map &#039;none&#039;;local-fonts;magnetometer &#039;none&#039;;microphone &#039;none&#039;;midi &#039;none&#039;;otp-credentials &#039;none&#039;;payment &#039;none&#039;;picture-in-picture;publickey-credentials-create &#039;none&#039;;publickey-credentials-get &#039;none&#039;;screen-wake-lock &#039;none&#039;;serial &#039;none&#039;;summarizer &#039;none&#039;;sync-xhr;usb &#039;none&#039;;web-share;window-management &#039;none&#039;;xr-spatial-tracking &#039;none&#039;;\" allowfullscreen=\"\" class=\"arve-iframe fitvidsignore\" credentialless data-arve=\"arve-vimeo-435647864\" data-lenis-prevent=\"\" data-src-no-ap=\"https:\/\/player.vimeo.com\/video\/435647864?dnt=1&amp;app_id=122963&amp;transparent=0&amp;title=1&amp;byline=0&amp;portrait=0&amp;autoplay=0\" frameborder=\"0\" height=\"407.8125\" loading=\"lazy\" name=\"\" referrerpolicy=\"strict-origin-when-cross-origin\" sandbox=\"allow-scripts allow-same-origin allow-presentation allow-popups allow-popups-to-escape-sandbox allow-forms\" scrolling=\"no\" src=\"https:\/\/player.vimeo.com\/video\/435647864?dnt=1&#038;app_id=122963&#038;transparent=0&#038;title=1&#038;byline=0&#038;portrait=0&#038;autoplay=0\" title=\"\" width=\"725\"><\/iframe>\n\t\t\t\n\t\t<\/div>\n\t\t\n\t<\/div>\n\t\n\t\n\t<script type=\"application\/ld+json\">{\"@context\":\"http:\\\/\\\/schema.org\\\/\",\"@id\":\"https:\\\/\\\/www.citm.upc.edu\\\/blog\\\/lab-creatividad-360\\\/#arve-vimeo-435647864\",\"type\":\"VideoObject\",\"embedURL\":\"https:\\\/\\\/player.vimeo.com\\\/video\\\/435647864?dnt=1&app_id=122963&transparent=0&title=1&byline=0&portrait=0&autoplay=0\"}<\/script>\n\t\n<\/div>\n<p>Proyecto que aplica el v\u00eddeo 360 de forma integral en la antesala de un evento deportivo, lo que permite al usuario consultar diferente informaci\u00f3n relacionada con el evento deportivo: partidos anteriores, estad\u00edsticas, jugadores, acontecimientos relacionados, etc.<\/p>\n<h3><strong><em>MERCAPP<\/em> &#8211; Tienda en realidad virtual:<\/strong><\/h3>\n\n<div data-mode=\"normal\" data-oembed=\"1\" data-provider=\"vimeo\" id=\"arve-vimeo-435645550\" style=\"max-width:725px;\" class=\"arve\">\n\t<div class=\"arve-inner\">\n\t\t<div class=\"arve-embed arve-embed--has-aspect-ratio\">\n\t\t\t<div class=\"arve-ar\" style=\"padding-top:56.250000%\"><\/div>\n\t\t\t<iframe allow=\"accelerometer &#039;none&#039;;autoplay &#039;none&#039;;bluetooth &#039;none&#039;;browsing-topics &#039;none&#039;;camera &#039;none&#039;;clipboard-read &#039;none&#039;;clipboard-write;display-capture &#039;none&#039;;encrypted-media &#039;none&#039;;gamepad &#039;none&#039;;geolocation &#039;none&#039;;gyroscope &#039;none&#039;;hid &#039;none&#039;;identity-credentials-get &#039;none&#039;;idle-detection &#039;none&#039;;keyboard-map &#039;none&#039;;local-fonts;magnetometer &#039;none&#039;;microphone &#039;none&#039;;midi &#039;none&#039;;otp-credentials &#039;none&#039;;payment &#039;none&#039;;picture-in-picture;publickey-credentials-create &#039;none&#039;;publickey-credentials-get &#039;none&#039;;screen-wake-lock &#039;none&#039;;serial &#039;none&#039;;summarizer &#039;none&#039;;sync-xhr;usb &#039;none&#039;;web-share;window-management &#039;none&#039;;xr-spatial-tracking &#039;none&#039;;\" allowfullscreen=\"\" class=\"arve-iframe fitvidsignore\" credentialless data-arve=\"arve-vimeo-435645550\" data-lenis-prevent=\"\" data-src-no-ap=\"https:\/\/player.vimeo.com\/video\/435645550?dnt=1&amp;app_id=122963&amp;transparent=0&amp;title=1&amp;byline=0&amp;portrait=0&amp;autoplay=0\" frameborder=\"0\" height=\"407.8125\" loading=\"lazy\" name=\"\" referrerpolicy=\"strict-origin-when-cross-origin\" sandbox=\"allow-scripts allow-same-origin allow-presentation allow-popups allow-popups-to-escape-sandbox allow-forms\" scrolling=\"no\" src=\"https:\/\/player.vimeo.com\/video\/435645550?dnt=1&#038;app_id=122963&#038;transparent=0&#038;title=1&#038;byline=0&#038;portrait=0&#038;autoplay=0\" title=\"\" width=\"725\"><\/iframe>\n\t\t\t\n\t\t<\/div>\n\t\t\n\t<\/div>\n\t\n\t\n\t<script type=\"application\/ld+json\">{\"@context\":\"http:\\\/\\\/schema.org\\\/\",\"@id\":\"https:\\\/\\\/www.citm.upc.edu\\\/blog\\\/lab-creatividad-360\\\/#arve-vimeo-435645550\",\"type\":\"VideoObject\",\"embedURL\":\"https:\\\/\\\/player.vimeo.com\\\/video\\\/435645550?dnt=1&app_id=122963&transparent=0&title=1&byline=0&portrait=0&autoplay=0\"}<\/script>\n\t\n<\/div>\n<p>Proyecto de tienda en realidad virtual que aplica la tecnolog\u00eda v\u00eddeo 360 con el objetivo de hacer m\u00e1s real y natural la experiencia de compra. Se trata de que el cliente pueda moverse por la tienda, o incluso un centro comercial, como si realmente estuviera all\u00ed.<\/p>\n<p><a data-flickr-embed='true' href='https:\/\/www.flickr.com\/photos\/citmupc\/albums\/72157713090296717' title='Lab Creatividad 360 by CITM_UPC, on Flickr'><img src='https:\/\/live.staticflickr.com\/65535\/49529245466_494221cbd7_b.jpg' width='800' height='600' alt='Laboratorio de Creatividad 360'><\/a><script async src='https:\/\/embedr.flickr.com\/assets\/client-code.js' charset='utf-8'><\/script><\/p>\n<h2><span style=\"color: #5fb9fd;\">Noticias relacionadas:<\/span><\/h2>\n<div class=\"pt-cv-wrapper\"><div class=\"pt-cv-view pt-cv-grid pt-cv-colsys\" id=\"pt-cv-view-09f76508lf\"><div data-id=\"pt-cv-page-1\" class=\"pt-cv-page\" data-cvc=\"2\"><div class=\"col-md-6 col-sm-6 col-xs-12 pt-cv-content-item pt-cv-1-col\" ><div class='pt-cv-ifield'><a href=\"https:\/\/www.citm.upc.edu\/blog\/el-citm-telefonica-y-el-parc-audiovisual-de-catalunya-crean-el-primer-lab-digital-home\/\" class=\"_self pt-cv-href-thumbnail pt-cv-thumb-default\" target=\"_self\" ><img loading=\"lazy\" decoding=\"async\" width=\"400\" height=\"270\" src=\"https:\/\/www.citm.upc.edu\/blog\/wp-content\/uploads\/2021\/01\/DigitalHome-400x270.jpg\" class=\"pt-cv-thumbnail\" alt=\"\" \/><\/a>\n<h4 class=\"pt-cv-title\"><a href=\"https:\/\/www.citm.upc.edu\/blog\/el-citm-telefonica-y-el-parc-audiovisual-de-catalunya-crean-el-primer-lab-digital-home\/\" class=\"_self\" target=\"_self\" >El CITM, Telef\u00f3nica y el Parc Audiovisual de Catalunya crean el primer &#8216;Lab Digital Home&#8217;<\/a><\/h4>\n<div class=\"pt-cv-content\">El Centro de la Imagen y la Tecnolog\u00eda Multimedia (CITM), Telef\u00f3nica y el Parc Audiovisual de Catalunya han puesto en ...<br \/><div class=\"pt-cv-rmwrap\"><a href=\"https:\/\/www.citm.upc.edu\/blog\/el-citm-telefonica-y-el-parc-audiovisual-de-catalunya-crean-el-primer-lab-digital-home\/\" class=\"_self pt-cv-readmore btn btn-success\" target=\"_self\">Llegir mes<\/a><\/div><\/div><\/div><\/div>\n<div class=\"col-md-6 col-sm-6 col-xs-12 pt-cv-content-item pt-cv-1-col\" ><div class='pt-cv-ifield'><a href=\"https:\/\/www.citm.upc.edu\/blog\/lab-creatividad-360-presenta-en-remoto-sus-proyectos-finales\/\" class=\"_self pt-cv-href-thumbnail pt-cv-thumb-default\" target=\"_self\" ><img loading=\"lazy\" decoding=\"async\" width=\"400\" height=\"270\" src=\"https:\/\/www.citm.upc.edu\/blog\/wp-content\/uploads\/2019\/05\/ComposicioVirtual-400x270.jpg\" class=\"pt-cv-thumbnail\" alt=\"Composici\u00f3 Virtual\" \/><\/a>\n<h4 class=\"pt-cv-title\"><a href=\"https:\/\/www.citm.upc.edu\/blog\/lab-creatividad-360-presenta-en-remoto-sus-proyectos-finales\/\" class=\"_self\" target=\"_self\" >&#8216;Lab Creatividad 360&#8217; presenta en remoto sus proyectos finales<\/a><\/h4>\n<div class=\"pt-cv-content\">Los primeros proyectos desarrollados en el Laboratorio de Creatividad 360 puesto en marcha por el Centro de la Imagen y ...<br \/><div class=\"pt-cv-rmwrap\"><a href=\"https:\/\/www.citm.upc.edu\/blog\/lab-creatividad-360-presenta-en-remoto-sus-proyectos-finales\/\" class=\"_self pt-cv-readmore btn btn-success\" target=\"_self\">Llegir mes<\/a><\/div><\/div><\/div><\/div>\n<div class=\"col-md-6 col-sm-6 col-xs-12 pt-cv-content-item pt-cv-1-col\" ><div class='pt-cv-ifield'><a href=\"https:\/\/www.citm.upc.edu\/blog\/lab-creatividad-360-cuenta-con-cuatro-proyectos-en-su-primera-edicion\/\" class=\"_self pt-cv-href-thumbnail pt-cv-thumb-default\" target=\"_self\" ><img loading=\"lazy\" decoding=\"async\" width=\"400\" height=\"270\" src=\"https:\/\/www.citm.upc.edu\/blog\/wp-content\/uploads\/2017\/09\/dangerroom-400x270.jpg\" class=\"pt-cv-thumbnail\" alt=\"dangerroom\" \/><\/a>\n<h4 class=\"pt-cv-title\"><a href=\"https:\/\/www.citm.upc.edu\/blog\/lab-creatividad-360-cuenta-con-cuatro-proyectos-en-su-primera-edicion\/\" class=\"_self\" target=\"_self\" >&#8216;Lab Creatividad 360&#8217; cuenta con cuatro proyectos en su primera edici\u00f3n<\/a><\/h4>\n<div class=\"pt-cv-content\">Los primeros proyectos que se desarrollar\u00e1n en el Laboratorio de Creatividad 360 puesto en marcha por Telef\u00f3nica, el Centro de ...<br \/><div class=\"pt-cv-rmwrap\"><a href=\"https:\/\/www.citm.upc.edu\/blog\/lab-creatividad-360-cuenta-con-cuatro-proyectos-en-su-primera-edicion\/\" class=\"_self pt-cv-readmore btn btn-success\" target=\"_self\">Llegir mes<\/a><\/div><\/div><\/div><\/div>\n<div class=\"col-md-6 col-sm-6 col-xs-12 pt-cv-content-item pt-cv-1-col\" ><div class='pt-cv-ifield'><a href=\"https:\/\/www.citm.upc.edu\/blog\/telefonica-el-citm-y-el-parc-audiovisual-de-catalunya-crean-el-primer-lab-creatividad-360\/\" class=\"_self pt-cv-href-thumbnail pt-cv-thumb-default\" target=\"_self\" ><img loading=\"lazy\" decoding=\"async\" width=\"400\" height=\"270\" src=\"https:\/\/www.citm.upc.edu\/blog\/wp-content\/uploads\/2015\/03\/OculusRift-400x270.jpg\" class=\"pt-cv-thumbnail\" alt=\"Oculus Rift\" \/><\/a>\n<h4 class=\"pt-cv-title\"><a href=\"https:\/\/www.citm.upc.edu\/blog\/telefonica-el-citm-y-el-parc-audiovisual-de-catalunya-crean-el-primer-lab-creatividad-360\/\" class=\"_self\" target=\"_self\" >Telef\u00f3nica, el CITM y el Parc Audiovisual de Catalunya crean el primer &#8216;Lab Creatividad 360&#8217;<\/a><\/h4>\n<div class=\"pt-cv-content\">El objetivo de este acuerdo universidad-empresa es que los alumnos desarrollen proyectos audiovisuales innovadores en g\u00e9neros como la informaci\u00f3n deportiva, ...<br \/><div class=\"pt-cv-rmwrap\"><a href=\"https:\/\/www.citm.upc.edu\/blog\/telefonica-el-citm-y-el-parc-audiovisual-de-catalunya-crean-el-primer-lab-creatividad-360\/\" class=\"_self pt-cv-readmore btn btn-success\" target=\"_self\">Llegir mes<\/a><\/div><\/div><\/div><\/div><\/div><\/div><\/div>\n","protected":false},"excerpt":{"rendered":"<p>Presentaci\u00f3n: El Centro de la Imagen y la Tecnolog\u00eda Multimedia (CITM), Tel\u00e9fonica y el Parc Audiovisual de Catalunya han puesto en marcha el Laboratorio de Creatividad 360. El objetivo de este acuerdo universidad-empresa es que los alumnos desarrollen proyectos audiovisuales inmersivos e innovadores en g\u00e9neros como la informaci\u00f3n deportiva, el entretenimiento, la ficci\u00f3n o la &#8230; <a title=\"LAB CREATIVIDAD 360\" class=\"read-more\" href=\"https:\/\/www.citm.upc.edu\/blog\/lab-creatividad-360\/\" aria-label=\"Read more about LAB CREATIVIDAD 360\">Leer m\u00e1s<\/a><\/p>\n","protected":false},"author":1,"featured_media":0,"parent":0,"menu_order":0,"comment_status":"closed","ping_status":"closed","template":"","meta":{"footnotes":""},"class_list":["post-4450","page","type-page","status-publish"],"aioseo_notices":[],"_links":{"self":[{"href":"https:\/\/www.citm.upc.edu\/blog\/wp-json\/wp\/v2\/pages\/4450","targetHints":{"allow":["GET"]}}],"collection":[{"href":"https:\/\/www.citm.upc.edu\/blog\/wp-json\/wp\/v2\/pages"}],"about":[{"href":"https:\/\/www.citm.upc.edu\/blog\/wp-json\/wp\/v2\/types\/page"}],"author":[{"embeddable":true,"href":"https:\/\/www.citm.upc.edu\/blog\/wp-json\/wp\/v2\/users\/1"}],"replies":[{"embeddable":true,"href":"https:\/\/www.citm.upc.edu\/blog\/wp-json\/wp\/v2\/comments?post=4450"}],"version-history":[{"count":4,"href":"https:\/\/www.citm.upc.edu\/blog\/wp-json\/wp\/v2\/pages\/4450\/revisions"}],"predecessor-version":[{"id":9773,"href":"https:\/\/www.citm.upc.edu\/blog\/wp-json\/wp\/v2\/pages\/4450\/revisions\/9773"}],"wp:attachment":[{"href":"https:\/\/www.citm.upc.edu\/blog\/wp-json\/wp\/v2\/media?parent=4450"}],"curies":[{"name":"wp","href":"https:\/\/api.w.org\/{rel}","templated":true}]}}