{"id":4452,"date":"2020-07-20T11:44:00","date_gmt":"2020-07-20T09:44:00","guid":{"rendered":"https:\/\/www.citm.upc.edu\/blog\/?page_id=4452"},"modified":"2024-10-22T14:31:41","modified_gmt":"2024-10-22T12:31:41","slug":"lab-creativitat-360","status":"publish","type":"page","link":"https:\/\/www.citm.upc.edu\/blog\/lab-creativitat-360\/?lang=ca","title":{"rendered":"LAB CREATIVITAT 360"},"content":{"rendered":"<h2><span style=\"color: #5fb9fd;\">Presentaci\u00f3:<\/span><\/h2>\n<p>El Centre de la Imatge i la Tecnologia Multim\u00e8dia (CITM), Telef\u00f3nica i el Parc Audiovisual de Catalunya han posat en marxa el <strong>Laboratori de Creativitat 360.<\/strong><\/p>\n<p>L&#8217;objectiu d&#8217;aquest acord universitat-empresa \u00e9s que els alumnes desenvolupin <strong>projectes audiovisuals immersius i innovadors<\/strong> en g\u00e8neres com la informaci\u00f3 esportiva, l&#8217;entreteniment, la ficci\u00f3 o la publicitat.<\/p>\n<p>El laboratori Lab Creativitat 360 investiga el potencial de les tecnologies de <strong>v\u00eddeo 360\u00b0<\/strong>, que permeten un grau d\u2019immersi\u00f3 desconegut fins ara, i explora com aquestes noves formes narratives impacten en una audi\u00e8ncia jove, acostumada a consumir continguts a trav\u00e9s de suports menys convencionals.<\/p>\n<p>La primera edici\u00f3 d\u2019aquest laboratori creatiu es va posar en marxa en el 2n quadrimestre del curs acad\u00e8mic 2019-2020 emmarcat com una assignatura de tercer i quart curs del grau en Multim\u00e8dia, del grau en Disseny i Desenvolupament de Videojocs i del grau en Disseny, Animaci\u00f3 i Art Digital de CITM.<\/p>\n<h2><span style=\"color: #5fb9fd;\">V\u00eddeo Lab Creativitat 360:<\/span><\/h2>\n\n<div data-mode=\"normal\" data-oembed=\"1\" data-provider=\"vimeo\" id=\"arve-vimeo-380437513\" style=\"max-width:725px;\" class=\"arve\">\n\t<div class=\"arve-inner\">\n\t\t<div class=\"arve-embed arve-embed--has-aspect-ratio\">\n\t\t\t<div class=\"arve-ar\" style=\"padding-top:56.250000%\"><\/div>\n\t\t\t<iframe allow=\"accelerometer &#039;none&#039;;autoplay &#039;none&#039;;bluetooth &#039;none&#039;;browsing-topics &#039;none&#039;;camera &#039;none&#039;;clipboard-read &#039;none&#039;;clipboard-write;display-capture &#039;none&#039;;encrypted-media &#039;none&#039;;gamepad &#039;none&#039;;geolocation &#039;none&#039;;gyroscope &#039;none&#039;;hid &#039;none&#039;;identity-credentials-get &#039;none&#039;;idle-detection &#039;none&#039;;keyboard-map &#039;none&#039;;local-fonts;magnetometer &#039;none&#039;;microphone &#039;none&#039;;midi &#039;none&#039;;otp-credentials &#039;none&#039;;payment &#039;none&#039;;picture-in-picture;publickey-credentials-create &#039;none&#039;;publickey-credentials-get &#039;none&#039;;screen-wake-lock &#039;none&#039;;serial &#039;none&#039;;summarizer &#039;none&#039;;sync-xhr;usb &#039;none&#039;;web-share;window-management &#039;none&#039;;xr-spatial-tracking &#039;none&#039;;\" allowfullscreen=\"\" class=\"arve-iframe fitvidsignore\" credentialless data-arve=\"arve-vimeo-380437513\" data-lenis-prevent=\"\" data-src-no-ap=\"https:\/\/player.vimeo.com\/video\/380437513?dnt=1&amp;app_id=122963&amp;transparent=0&amp;title=1&amp;byline=0&amp;portrait=0&amp;autoplay=0\" frameborder=\"0\" height=\"407.8125\" loading=\"lazy\" name=\"\" referrerpolicy=\"strict-origin-when-cross-origin\" sandbox=\"allow-scripts allow-same-origin allow-presentation allow-popups allow-popups-to-escape-sandbox allow-forms\" scrolling=\"no\" src=\"https:\/\/player.vimeo.com\/video\/380437513?dnt=1&#038;app_id=122963&#038;transparent=0&#038;title=1&#038;byline=0&#038;portrait=0&#038;autoplay=0\" title=\"\" width=\"725\"><\/iframe>\n\t\t\t\n\t\t<\/div>\n\t\t\n\t<\/div>\n\t\n\t\n\t<script type=\"application\/ld+json\">{\"@context\":\"http:\\\/\\\/schema.org\\\/\",\"@id\":\"https:\\\/\\\/www.citm.upc.edu\\\/blog\\\/lab-creativitat-360\\\/?lang=ca#arve-vimeo-380437513\",\"type\":\"VideoObject\",\"embedURL\":\"https:\\\/\\\/player.vimeo.com\\\/video\\\/380437513?dnt=1&app_id=122963&transparent=0&title=1&byline=0&portrait=0&autoplay=0\"}<\/script>\n\t\n<\/div>\n<h2><span style=\"color: #5fb9fd;\">Edici\u00f3 2020:<\/span><\/h2>\n<p>El febrer de 2020 es va iniciar el projecte amb la creaci\u00f3 de quatre equips multidisciplinaris formats per quatre estudiants cada un. Aquests equips de treball han comptat amb la tutoritzaci\u00f3 d\u2019un professor del CITM i d\u2019un mentor per part de l\u2019empresa.<\/p>\n<p>Durant aquests quatre mesos, els alumnes han desenvolupat el seu projecte d\u2019immersi\u00f3 360\u00b0, que va ser finalment avaluat per un comit\u00e8 d\u2019experts, format per representants de les entitats col\u00b7laboradores del projecte, entre les quals tamb\u00e9 figuren Movistar + i l\u2019\u00e0rea d\u2019innovaci\u00f3 de Telef\u00f3nica.<\/p>\n<p>Un cop finalitzats, els treballs poden presentar-se a <strong><a title=\"openfuture\" href=\"http:\/\/www.openfuture.org\" target=\"_blank\" rel=\"noopener noreferrer\">www.openfuture.org<\/a><\/strong>, la plataforma d&#8217;innovaci\u00f3 oberta de Telef\u00f2nica que impulsa la creaci\u00f3 de startups amb base digital.<\/p>\n<h2><span style=\"color: #5fb9fd;\">Projectes presentats:<\/span><\/h2>\n<h3><strong><em>Qui soc?<\/em> &#8211; Curtmetratge en 360\u00b0 amb argument thriller:<\/strong><\/h3>\n\n<div data-mode=\"normal\" data-oembed=\"1\" data-provider=\"vimeo\" id=\"arve-vimeo-435634428\" style=\"max-width:725px;\" class=\"arve\">\n\t<div class=\"arve-inner\">\n\t\t<div class=\"arve-embed arve-embed--has-aspect-ratio\">\n\t\t\t<div class=\"arve-ar\" style=\"padding-top:56.250000%\"><\/div>\n\t\t\t<iframe allow=\"accelerometer &#039;none&#039;;autoplay &#039;none&#039;;bluetooth &#039;none&#039;;browsing-topics &#039;none&#039;;camera &#039;none&#039;;clipboard-read &#039;none&#039;;clipboard-write;display-capture &#039;none&#039;;encrypted-media &#039;none&#039;;gamepad &#039;none&#039;;geolocation &#039;none&#039;;gyroscope &#039;none&#039;;hid &#039;none&#039;;identity-credentials-get &#039;none&#039;;idle-detection &#039;none&#039;;keyboard-map &#039;none&#039;;local-fonts;magnetometer &#039;none&#039;;microphone &#039;none&#039;;midi &#039;none&#039;;otp-credentials &#039;none&#039;;payment &#039;none&#039;;picture-in-picture;publickey-credentials-create &#039;none&#039;;publickey-credentials-get &#039;none&#039;;screen-wake-lock &#039;none&#039;;serial &#039;none&#039;;summarizer &#039;none&#039;;sync-xhr;usb &#039;none&#039;;web-share;window-management &#039;none&#039;;xr-spatial-tracking &#039;none&#039;;\" allowfullscreen=\"\" class=\"arve-iframe fitvidsignore\" credentialless data-arve=\"arve-vimeo-435634428\" data-lenis-prevent=\"\" data-src-no-ap=\"https:\/\/player.vimeo.com\/video\/435634428?dnt=1&amp;app_id=122963&amp;transparent=0&amp;title=1&amp;byline=0&amp;portrait=0&amp;autoplay=0\" frameborder=\"0\" height=\"407.8125\" loading=\"lazy\" name=\"\" referrerpolicy=\"strict-origin-when-cross-origin\" sandbox=\"allow-scripts allow-same-origin allow-presentation allow-popups allow-popups-to-escape-sandbox allow-forms\" scrolling=\"no\" src=\"https:\/\/player.vimeo.com\/video\/435634428?dnt=1&#038;app_id=122963&#038;transparent=0&#038;title=1&#038;byline=0&#038;portrait=0&#038;autoplay=0\" title=\"\" width=\"725\"><\/iframe>\n\t\t\t\n\t\t<\/div>\n\t\t\n\t<\/div>\n\t\n\t\n\t<script type=\"application\/ld+json\">{\"@context\":\"http:\\\/\\\/schema.org\\\/\",\"@id\":\"https:\\\/\\\/www.citm.upc.edu\\\/blog\\\/lab-creativitat-360\\\/?lang=ca#arve-vimeo-435634428\",\"type\":\"VideoObject\",\"embedURL\":\"https:\\\/\\\/player.vimeo.com\\\/video\\\/435634428?dnt=1&app_id=122963&transparent=0&title=1&byline=0&portrait=0&autoplay=0\"}<\/script>\n\t\n<\/div>\n<p>Curt en 360 amb argument thriller centrat en un segrest. La trama avan\u00e7a de forma intu\u00eftiva gr\u00e0cies a les potencialitats de la tecnologia de fer sentir a l&#8217;usuari com a protagonista del curt. S&#8217;introdueix aix\u00ed el concepte \u00abVirtual Real Reality\u00bb, que fa que l&#8217;usuari pugui prendre decisions mentre sent un grau d&#8217;immersi\u00f3 en la hist\u00f2ria \u00fanic.<\/p>\n<h3><strong>Lango, acad\u00e8mia d&#8217;idiomes:<\/strong><\/h3>\n\n<div data-mode=\"normal\" data-oembed=\"1\" data-provider=\"vimeo\" id=\"arve-vimeo-435645124\" style=\"max-width:725px;\" class=\"arve\">\n\t<div class=\"arve-inner\">\n\t\t<div class=\"arve-embed arve-embed--has-aspect-ratio\">\n\t\t\t<div class=\"arve-ar\" style=\"padding-top:56.250000%\"><\/div>\n\t\t\t<iframe allow=\"accelerometer &#039;none&#039;;autoplay &#039;none&#039;;bluetooth &#039;none&#039;;browsing-topics &#039;none&#039;;camera &#039;none&#039;;clipboard-read &#039;none&#039;;clipboard-write;display-capture &#039;none&#039;;encrypted-media &#039;none&#039;;gamepad &#039;none&#039;;geolocation &#039;none&#039;;gyroscope &#039;none&#039;;hid &#039;none&#039;;identity-credentials-get &#039;none&#039;;idle-detection &#039;none&#039;;keyboard-map &#039;none&#039;;local-fonts;magnetometer &#039;none&#039;;microphone &#039;none&#039;;midi &#039;none&#039;;otp-credentials &#039;none&#039;;payment &#039;none&#039;;picture-in-picture;publickey-credentials-create &#039;none&#039;;publickey-credentials-get &#039;none&#039;;screen-wake-lock &#039;none&#039;;serial &#039;none&#039;;summarizer &#039;none&#039;;sync-xhr;usb &#039;none&#039;;web-share;window-management &#039;none&#039;;xr-spatial-tracking &#039;none&#039;;\" allowfullscreen=\"\" class=\"arve-iframe fitvidsignore\" credentialless data-arve=\"arve-vimeo-435645124\" data-lenis-prevent=\"\" data-src-no-ap=\"https:\/\/player.vimeo.com\/video\/435645124?dnt=1&amp;app_id=122963&amp;transparent=0&amp;title=1&amp;byline=0&amp;portrait=0&amp;autoplay=0\" frameborder=\"0\" height=\"407.8125\" loading=\"lazy\" name=\"\" referrerpolicy=\"strict-origin-when-cross-origin\" sandbox=\"allow-scripts allow-same-origin allow-presentation allow-popups allow-popups-to-escape-sandbox allow-forms\" scrolling=\"no\" src=\"https:\/\/player.vimeo.com\/video\/435645124?dnt=1&#038;app_id=122963&#038;transparent=0&#038;title=1&#038;byline=0&#038;portrait=0&#038;autoplay=0\" title=\"\" width=\"725\"><\/iframe>\n\t\t\t\n\t\t<\/div>\n\t\t\n\t<\/div>\n\t\n\t\n\t<script type=\"application\/ld+json\">{\"@context\":\"http:\\\/\\\/schema.org\\\/\",\"@id\":\"https:\\\/\\\/www.citm.upc.edu\\\/blog\\\/lab-creativitat-360\\\/?lang=ca#arve-vimeo-435645124\",\"type\":\"VideoObject\",\"embedURL\":\"https:\\\/\\\/player.vimeo.com\\\/video\\\/435645124?dnt=1&app_id=122963&transparent=0&title=1&byline=0&portrait=0&autoplay=0\"}<\/script>\n\t\n<\/div>\n<p>Projecte que aprofita les capacitats de la tecnologia 360 a nivell immersiu per facilitar l&#8217;aprenentatge d&#8217;idiomes. S&#8217;habiliten entorns habituals en el dia a dia on es presenten tasques i missions que es resolen utilitzant la veu i interactuant amb els personatges en un escenari virtual.<\/p>\n<h3><strong><em>MoviBOX<\/em> d&#8217;eSports en streaming:<\/strong><\/h3>\n\n<div data-mode=\"normal\" data-oembed=\"1\" data-provider=\"vimeo\" id=\"arve-vimeo-435647864\" style=\"max-width:725px;\" class=\"arve\">\n\t<div class=\"arve-inner\">\n\t\t<div class=\"arve-embed arve-embed--has-aspect-ratio\">\n\t\t\t<div class=\"arve-ar\" style=\"padding-top:56.250000%\"><\/div>\n\t\t\t<iframe allow=\"accelerometer &#039;none&#039;;autoplay &#039;none&#039;;bluetooth &#039;none&#039;;browsing-topics &#039;none&#039;;camera &#039;none&#039;;clipboard-read &#039;none&#039;;clipboard-write;display-capture &#039;none&#039;;encrypted-media &#039;none&#039;;gamepad &#039;none&#039;;geolocation &#039;none&#039;;gyroscope &#039;none&#039;;hid &#039;none&#039;;identity-credentials-get &#039;none&#039;;idle-detection &#039;none&#039;;keyboard-map &#039;none&#039;;local-fonts;magnetometer &#039;none&#039;;microphone &#039;none&#039;;midi &#039;none&#039;;otp-credentials &#039;none&#039;;payment &#039;none&#039;;picture-in-picture;publickey-credentials-create &#039;none&#039;;publickey-credentials-get &#039;none&#039;;screen-wake-lock &#039;none&#039;;serial &#039;none&#039;;summarizer &#039;none&#039;;sync-xhr;usb &#039;none&#039;;web-share;window-management &#039;none&#039;;xr-spatial-tracking &#039;none&#039;;\" allowfullscreen=\"\" class=\"arve-iframe fitvidsignore\" credentialless data-arve=\"arve-vimeo-435647864\" data-lenis-prevent=\"\" data-src-no-ap=\"https:\/\/player.vimeo.com\/video\/435647864?dnt=1&amp;app_id=122963&amp;transparent=0&amp;title=1&amp;byline=0&amp;portrait=0&amp;autoplay=0\" frameborder=\"0\" height=\"407.8125\" loading=\"lazy\" name=\"\" referrerpolicy=\"strict-origin-when-cross-origin\" sandbox=\"allow-scripts allow-same-origin allow-presentation allow-popups allow-popups-to-escape-sandbox allow-forms\" scrolling=\"no\" src=\"https:\/\/player.vimeo.com\/video\/435647864?dnt=1&#038;app_id=122963&#038;transparent=0&#038;title=1&#038;byline=0&#038;portrait=0&#038;autoplay=0\" title=\"\" width=\"725\"><\/iframe>\n\t\t\t\n\t\t<\/div>\n\t\t\n\t<\/div>\n\t\n\t\n\t<script type=\"application\/ld+json\">{\"@context\":\"http:\\\/\\\/schema.org\\\/\",\"@id\":\"https:\\\/\\\/www.citm.upc.edu\\\/blog\\\/lab-creativitat-360\\\/?lang=ca#arve-vimeo-435647864\",\"type\":\"VideoObject\",\"embedURL\":\"https:\\\/\\\/player.vimeo.com\\\/video\\\/435647864?dnt=1&app_id=122963&transparent=0&title=1&byline=0&portrait=0&autoplay=0\"}<\/script>\n\t\n<\/div>\n<p>Projecte que aplica el v\u00eddeo 360 de manera integral en l&#8217;avantsala d&#8217;un esdeveniment esportiu, la qual cosa permet a l&#8217;usuari consultar diferent informaci\u00f3 relacionada amb l&#8217;esdeveniment esportiu: partits anteriors, estad\u00edstiques, jugadors, esdeveniments relacionats, etc.<\/p>\n<h3><strong><em>MERCAPP<\/em> &#8211; Botiga en realitat virtual:<\/strong><\/h3>\n\n<div data-mode=\"normal\" data-oembed=\"1\" data-provider=\"vimeo\" id=\"arve-vimeo-435645550\" style=\"max-width:725px;\" class=\"arve\">\n\t<div class=\"arve-inner\">\n\t\t<div class=\"arve-embed arve-embed--has-aspect-ratio\">\n\t\t\t<div class=\"arve-ar\" style=\"padding-top:56.250000%\"><\/div>\n\t\t\t<iframe allow=\"accelerometer &#039;none&#039;;autoplay &#039;none&#039;;bluetooth &#039;none&#039;;browsing-topics &#039;none&#039;;camera &#039;none&#039;;clipboard-read &#039;none&#039;;clipboard-write;display-capture &#039;none&#039;;encrypted-media &#039;none&#039;;gamepad &#039;none&#039;;geolocation &#039;none&#039;;gyroscope &#039;none&#039;;hid &#039;none&#039;;identity-credentials-get &#039;none&#039;;idle-detection &#039;none&#039;;keyboard-map &#039;none&#039;;local-fonts;magnetometer &#039;none&#039;;microphone &#039;none&#039;;midi &#039;none&#039;;otp-credentials &#039;none&#039;;payment &#039;none&#039;;picture-in-picture;publickey-credentials-create &#039;none&#039;;publickey-credentials-get &#039;none&#039;;screen-wake-lock &#039;none&#039;;serial &#039;none&#039;;summarizer &#039;none&#039;;sync-xhr;usb &#039;none&#039;;web-share;window-management &#039;none&#039;;xr-spatial-tracking &#039;none&#039;;\" allowfullscreen=\"\" class=\"arve-iframe fitvidsignore\" credentialless data-arve=\"arve-vimeo-435645550\" data-lenis-prevent=\"\" data-src-no-ap=\"https:\/\/player.vimeo.com\/video\/435645550?dnt=1&amp;app_id=122963&amp;transparent=0&amp;title=1&amp;byline=0&amp;portrait=0&amp;autoplay=0\" frameborder=\"0\" height=\"407.8125\" loading=\"lazy\" name=\"\" referrerpolicy=\"strict-origin-when-cross-origin\" sandbox=\"allow-scripts allow-same-origin allow-presentation allow-popups allow-popups-to-escape-sandbox allow-forms\" scrolling=\"no\" src=\"https:\/\/player.vimeo.com\/video\/435645550?dnt=1&#038;app_id=122963&#038;transparent=0&#038;title=1&#038;byline=0&#038;portrait=0&#038;autoplay=0\" title=\"\" width=\"725\"><\/iframe>\n\t\t\t\n\t\t<\/div>\n\t\t\n\t<\/div>\n\t\n\t\n\t<script type=\"application\/ld+json\">{\"@context\":\"http:\\\/\\\/schema.org\\\/\",\"@id\":\"https:\\\/\\\/www.citm.upc.edu\\\/blog\\\/lab-creativitat-360\\\/?lang=ca#arve-vimeo-435645550\",\"type\":\"VideoObject\",\"embedURL\":\"https:\\\/\\\/player.vimeo.com\\\/video\\\/435645550?dnt=1&app_id=122963&transparent=0&title=1&byline=0&portrait=0&autoplay=0\"}<\/script>\n\t\n<\/div>\n<p>Projecte de botiga en realitat virtual que aplica la tecnologia v\u00eddeo 360 amb l&#8217;objectiu de fer m\u00e9s real i natural l&#8217;experi\u00e8ncia de compra. Es tracta que el client pugui moure\u2019s per la botiga, o fins i tot un centre comercial, com si realment estigu\u00e9s all\u00e0.<\/p>\n<p><a data-flickr-embed='true' href='https:\/\/www.flickr.com\/photos\/citmupc\/albums\/72157713090296717' title='Lab Creatividad 360 by CITM_UPC, on Flickr'><img src='https:\/\/live.staticflickr.com\/65535\/49529245466_494221cbd7_b.jpg' width='800' height='600' alt='Laboratorio de Creatividad 360'><\/a><script async src='https:\/\/embedr.flickr.com\/assets\/client-code.js' charset='utf-8'><\/script><\/p>\n<h2><span style=\"color: #5fb9fd;\">Not\u00edcies relacionades:<\/span><\/h2>\n<div class=\"pt-cv-wrapper\"><div class=\"pt-cv-view pt-cv-grid pt-cv-colsys\" id=\"pt-cv-view-b0d49d2fqn\"><div data-id=\"pt-cv-page-1\" class=\"pt-cv-page cv-npf\" data-cvc=\"2\"><div class=\"col-md-6 col-sm-6 col-xs-12 pt-cv-content-item pt-cv-1-col\" ><div class='pt-cv-ifield'><div class=\"pt-cv-no-post\">No se han encontrado entradas.<\/div><\/div><\/div><\/div><\/div><\/div>\n","protected":false},"excerpt":{"rendered":"<p>Presentaci\u00f3: El Centre de la Imatge i la Tecnologia Multim\u00e8dia (CITM), Telef\u00f3nica i el Parc Audiovisual de Catalunya han posat en marxa el Laboratori de Creativitat 360. L&#8217;objectiu d&#8217;aquest acord universitat-empresa \u00e9s que els alumnes desenvolupin projectes audiovisuals immersius i innovadors en g\u00e8neres com la informaci\u00f3 esportiva, l&#8217;entreteniment, la ficci\u00f3 o la publicitat. El laboratori &#8230; <a title=\"LAB CREATIVITAT 360\" class=\"read-more\" href=\"https:\/\/www.citm.upc.edu\/blog\/lab-creativitat-360\/?lang=ca\" aria-label=\"Read more about LAB CREATIVITAT 360\">Leer m\u00e1s<\/a><\/p>\n","protected":false},"author":1,"featured_media":0,"parent":0,"menu_order":0,"comment_status":"closed","ping_status":"closed","template":"","meta":{"footnotes":""},"class_list":["post-4452","page","type-page","status-publish"],"aioseo_notices":[],"_links":{"self":[{"href":"https:\/\/www.citm.upc.edu\/blog\/wp-json\/wp\/v2\/pages\/4452","targetHints":{"allow":["GET"]}}],"collection":[{"href":"https:\/\/www.citm.upc.edu\/blog\/wp-json\/wp\/v2\/pages"}],"about":[{"href":"https:\/\/www.citm.upc.edu\/blog\/wp-json\/wp\/v2\/types\/page"}],"author":[{"embeddable":true,"href":"https:\/\/www.citm.upc.edu\/blog\/wp-json\/wp\/v2\/users\/1"}],"replies":[{"embeddable":true,"href":"https:\/\/www.citm.upc.edu\/blog\/wp-json\/wp\/v2\/comments?post=4452"}],"version-history":[{"count":12,"href":"https:\/\/www.citm.upc.edu\/blog\/wp-json\/wp\/v2\/pages\/4452\/revisions"}],"predecessor-version":[{"id":9772,"href":"https:\/\/www.citm.upc.edu\/blog\/wp-json\/wp\/v2\/pages\/4452\/revisions\/9772"}],"wp:attachment":[{"href":"https:\/\/www.citm.upc.edu\/blog\/wp-json\/wp\/v2\/media?parent=4452"}],"curies":[{"name":"wp","href":"https:\/\/api.w.org\/{rel}","templated":true}]}}