{"id":4977,"date":"2021-01-07T12:58:07","date_gmt":"2021-01-07T11:58:07","guid":{"rendered":"https:\/\/www.citm.upc.edu\/blog\/?page_id=4977"},"modified":"2021-01-07T12:58:07","modified_gmt":"2021-01-07T11:58:07","slug":"creative-lab-esp","status":"publish","type":"page","link":"https:\/\/www.citm.upc.edu\/blog\/creative-lab-esp\/","title":{"rendered":"CREATIVE LAB"},"content":{"rendered":"<h1>CREATIVE LAB VOLKSWAGEN-SEAT<\/h1>\n<p><img loading=\"lazy\" decoding=\"async\" class=\"size-large wp-image-4557\" src=\"https:\/\/www.citm.upc.edu\/blog\/wp-content\/uploads\/2021\/01\/Automocio_CreativeLABSEAT_v2.jpg\" alt=\"\" width=\"1024\" height=\"681\" \/> <\/p>\n<p>El Centro de la Imagen y la Tecnolog\u00eda Multimedia (CITM) participa desde el curso 2017-2018 en el Creative Lab VOLKSWAGEN-SEAT, un proyecto de innovaci\u00f3n docente y de transferencia de conocimiento impulsado por la Escuela Superior de Ingenier\u00edas Industrial, Aeroespacial y Audiovisual de Terrassa (ESEIAAT) y el grupo alem\u00e1n Volkswagen-SEAT.<\/p>\n<p>Este proyecto, activo desde 2013, se enmarca en la iniciativa CARNET (Cooperative Automotive Research Network), el primer<em> hub <\/em>de investigaci\u00f3n e innovaci\u00f3n centrado en el \u00e1mbito de la movilidad urbana en Barcelona. Impulsado por la Universitat Polit\u00e8cnica de Catalunya, Volkswagen Research y SEAT, es considerada la primera plataforma de conocimiento y de colaboraci\u00f3n entre la industria y la universidad.<\/p>\n<p>Mediante este tipo de iniciativas de colaboraci\u00f3n docente universidad-empresa, los alumnos pueden complementar su formaci\u00f3n acad\u00e9mica poniendo en pr\u00e1ctica sus habilidades y conocimientos en un reto real planteado por la industria.<\/p>\n<p><img loading=\"lazy\" decoding=\"async\" class=\"alignleft size-full wp-image-4556\" src=\"https:\/\/www.citm.upc.edu\/blog\/wp-content\/uploads\/2021\/01\/creative-lab.png\" alt=\"\" width=\"366\" height=\"183\" \/>En concreto, en este proyecto Creative Lab VOLKSWAGEN-SEAT, estudiantes de diversas \u00e1reas de ingenier\u00eda, animaci\u00f3n digital, multimedia y videojuegos, organizados en grupos interdisciplinarios, deben colaborar para aportar soluciones innovadoras y viables a los retos de la industria automovil\u00edstica. Cada vez m\u00e1s, la industria del autom\u00f3vil ser\u00e1 m\u00e1s conectada y requerir\u00e1 de herramientas de simulaci\u00f3n y realidad virtual para resolver retos de presente y dibujar sus estrategias de futuro. En este sentido, el talento de los estudiantes del CITM tiene mucho que aportar.<\/p>\n<figure id=\"attachment_4557\" aria-describedby=\"caption-attachment-4557\" style=\"width: 1014px\" class=\"wp-caption alignleft\"><img loading=\"lazy\" decoding=\"async\" class=\"size-large wp-image-4557\" src=\"https:\/\/www.citm.upc.edu\/blog\/wp-content\/uploads\/2021\/01\/FotoGrup_CreativeLAB-1024x681-1.jpg\" alt=\"\" width=\"1024\" height=\"681\" \/><figcaption id=\"caption-attachment-4557\" class=\"wp-caption-text\">Participantes en el Creative Lab VOLKSWAGEN-SEAT (edici\u00f3n 2017-2018)<\/figcaption><\/figure>\n<p>Para el estudiantado del CITM, la participaci\u00f3n en este proyecto se plantea como una asignatura optativa en los \u00faltimos cursos de los tres grados del Centro: el grado en Dise\u00f1o, Animaci\u00f3n y Arte Digital, el grado en Multimedia y el grado en Dise\u00f1o y Desarrollo de Videojuegos.<\/p>\n<p>En este proyecto se trabaja anualmente en 4 tem\u00e1ticas propuestas por SEAT y Volkswagen. En concreto, estos son los ejes tem\u00e1ticos que han centrado las \u00faltimas 3 ediciones, en las cuales el CITM ha tenido una participaci\u00f3n activa:<\/p>\n<h2><span style=\"color: #5fb9fd;\">Edici\u00f3n 2017-2018 &#8211; 4\u00aa edici\u00f3n del Creative LAB<\/span><\/h2>\n<p><strong>Car Sharing<\/strong>. La urbanizaci\u00f3n y la sociedad colaborativa son una tendencia creciente a escala mundial. El reto propuesto en este caso era identificar los atributos de un coche compartido id\u00f3neo, haciendo especial \u00e9nfasis en la limpieza y la personalizaci\u00f3n, para posteriormente dise\u00f1ar el veh\u00edculo para <em>car sharing<\/em> perfecto.<\/p>\n<p><strong>Espacio Interior en Veh\u00edculos El\u00e9ctricos.<\/strong> Los veh\u00edculos el\u00e9ctricos disponen de m\u00e1s volumen interior, que puede utilizarse con nuevas funcionalidades. La propuesta de este reto deb\u00eda definir los usos y el dise\u00f1o del espacio interior de los veh\u00edculos el\u00e9ctricos y los veh\u00edculos el\u00e9ctricos con conducci\u00f3n aut\u00f3noma.<\/p>\n<p><strong>Creaci\u00f3n R\u00e1pida de Prototipos.<\/strong> Actualmente, testear las ideas de Human Machine Interface (HMI) mediante un simulador requiere una gran inversi\u00f3n en tiempo y dinero. El proceso de <em>design thinking <\/em>permite prototipar y testear las ideas de forma m\u00e1s r\u00e1pida. El reto en este caso fue crear un entorno de pruebas que simulara un veh\u00edculo a nivel muy b\u00e1sico para poder testear ideas de manera m\u00e1s r\u00e1pida y econ\u00f3mica.<\/p>\n<p><strong>Tr\u00e1fico Urbano.<\/strong> En las grandes ciudades, la convivencia entre coches, motos y bicicletas ocasiona conflictos que en algunas ocasiones acaban en accidentes. Este reto consisti\u00f3 en identificar situaciones de riesgo entre coches, bicicletas y motos y proponer nuevas acciones de comunicaci\u00f3n y sus tecnolog\u00edas asociadas con el fin de mejorar la relaci\u00f3n entre ellos.<\/p>\n<h2><span style=\"color: #5fb9fd;\">Edici\u00f3n 2018-2019 &#8211; 5\u00aa edici\u00f3n del Creative LAB <\/span><\/h2>\n<p><strong>New Interaction Concepts in Virtual Reality<\/strong>. Este reto invitaba a los alumnos a experimentar, a trav\u00e9s de la realidad virtual, con nuevas soluciones de interacci\u00f3n y movilidad antes de la implementaci\u00f3n de un veh\u00edculo real.<\/p>\n<p><strong>Sport Driving Style in the Future<\/strong>. En este reto se propon\u00eda a los alumnos trabajar sobre la transformaci\u00f3n de la conducci\u00f3n deportiva en el futuro, en especial bajo el concepto Predictive Sport Drive (PreSdrive).<\/p>\n<p><strong>Robots + Citizens.<\/strong> Existen muchas marcas que desarrollan veh\u00edculos y pruebas piloto con veh\u00edculos aut\u00f3nomos, pero es cierto que todav\u00eda existe cierta reticencia en relaci\u00f3n a la falta de seguridad. Este reto consist\u00eda en definir un sistema de comunicaci\u00f3n entre veh\u00edculos aut\u00f3nomos y ciudadanos, con el prop\u00f3sito de humanizar los procesos tecnol\u00f3gicos.<\/p>\n<h2><span style=\"color: #5fb9fd;\">Edici\u00f3n 2019-2020 &#8211; 6\u00aa edici\u00f3n del Creative LAB <\/span><\/h2>\n<p><strong>Virtual Reality Training Concepts for Innovation Center VR Application. <\/strong><\/p>\n<p><strong>\u00a0How to Control your Seat in Future Automobile? <\/strong><\/p>\n<p><strong>Interactive Robots + Citizens Prototyping <\/strong><\/p>\n<p><strong>Predictive Sport Drive <\/strong><\/p>\n<p><strong><u>Premios y reconocimientos <\/u><\/strong><\/p>\n<p>Este proyecto gan\u00f3 <a href=\"https:\/\/www.upc.edu\/consellsocial\/ca\/els-premis\/premi-upc-qualitat-docencia\/edicions-1998-a-2014\" target=\"_blank\" rel=\"noopener noreferrer\"><strong>el 22\u00ba Premio UPC a la Calidad en la Docencia Universitaria 2019<\/strong><\/a> en la modalidad &#8216;Premio a la Iniciativa Docente&#8217;. El jurado destac\u00f3 la excelente oportunidad que supone para los estudiantes el hecho de trabajar con empresas punteras y estar sometidos a un nivel de exigencia e implicaci\u00f3n casi profesional, su car\u00e1cter multidisciplinar que ha permitido generar la participaci\u00f3n de estudiantes de diferentes grados y m\u00e1steres, la participaci\u00f3n de dos centros de la UPC, la exitosa colaboraci\u00f3n universidad-empresa, el hecho de que est\u00e9 centrado en el sector de la automoci\u00f3n y la movilidad, as\u00ed como el potencial de replicabilidad del proyecto en contextos docentes universitarios de diferentes \u00e1mbitos.<\/p>\n<p>En 2015, el Creative Lab VOLKSWAGEN-SEAT recibi\u00f3 tambi\u00e9n el <strong>premio a la mejor iniciativa docente por parte del diario econ\u00f3mico El Economista.<\/strong><\/p>\n","protected":false},"excerpt":{"rendered":"<p>CREATIVE LAB VOLKSWAGEN-SEAT El Centro de la Imagen y la Tecnolog\u00eda Multimedia (CITM) participa desde el curso 2017-2018 en el Creative Lab VOLKSWAGEN-SEAT, un proyecto de innovaci\u00f3n docente y de transferencia de conocimiento impulsado por la Escuela Superior de Ingenier\u00edas Industrial, Aeroespacial y Audiovisual de Terrassa (ESEIAAT) y el grupo alem\u00e1n Volkswagen-SEAT. Este proyecto, activo &#8230; <a title=\"CREATIVE LAB\" class=\"read-more\" href=\"https:\/\/www.citm.upc.edu\/blog\/creative-lab-esp\/\" aria-label=\"Read more about CREATIVE LAB\">Leer m\u00e1s<\/a><\/p>\n","protected":false},"author":1,"featured_media":0,"parent":0,"menu_order":0,"comment_status":"closed","ping_status":"closed","template":"","meta":{"footnotes":""},"class_list":["post-4977","page","type-page","status-publish"],"aioseo_notices":[],"_links":{"self":[{"href":"https:\/\/www.citm.upc.edu\/blog\/wp-json\/wp\/v2\/pages\/4977","targetHints":{"allow":["GET"]}}],"collection":[{"href":"https:\/\/www.citm.upc.edu\/blog\/wp-json\/wp\/v2\/pages"}],"about":[{"href":"https:\/\/www.citm.upc.edu\/blog\/wp-json\/wp\/v2\/types\/page"}],"author":[{"embeddable":true,"href":"https:\/\/www.citm.upc.edu\/blog\/wp-json\/wp\/v2\/users\/1"}],"replies":[{"embeddable":true,"href":"https:\/\/www.citm.upc.edu\/blog\/wp-json\/wp\/v2\/comments?post=4977"}],"version-history":[{"count":1,"href":"https:\/\/www.citm.upc.edu\/blog\/wp-json\/wp\/v2\/pages\/4977\/revisions"}],"predecessor-version":[{"id":4980,"href":"https:\/\/www.citm.upc.edu\/blog\/wp-json\/wp\/v2\/pages\/4977\/revisions\/4980"}],"wp:attachment":[{"href":"https:\/\/www.citm.upc.edu\/blog\/wp-json\/wp\/v2\/media?parent=4977"}],"curies":[{"name":"wp","href":"https:\/\/api.w.org\/{rel}","templated":true}]}}