{"id":4981,"date":"2021-01-07T13:00:16","date_gmt":"2021-01-07T12:00:16","guid":{"rendered":"https:\/\/www.citm.upc.edu\/blog\/?page_id=4981"},"modified":"2021-01-07T13:00:16","modified_gmt":"2021-01-07T12:00:16","slug":"creative-lab-cat","status":"publish","type":"page","link":"https:\/\/www.citm.upc.edu\/blog\/creative-lab-cat\/?lang=ca","title":{"rendered":"CREATIVE LAB"},"content":{"rendered":"<h1>CREATIVE LAB VOLKSWAGEN-SEAT<\/h1>\n<p><img loading=\"lazy\" decoding=\"async\" class=\"size-large wp-image-4557\" src=\"https:\/\/www.citm.upc.edu\/blog\/wp-content\/uploads\/2021\/01\/Automocio_CreativeLABSEAT_v2.jpg\" alt=\"\" width=\"1024\" height=\"681\" \/> <\/p>\n<p>El Centre de la Imatge i la Tecnologia Multim\u00e8dia (CITM) participa des del curs 2017-2018 en el <strong>Creative Lab VOLKSWAGEN-SEAT<\/strong>, un projecte d&#8217;innovaci\u00f3 docent i de transfer\u00e8ncia de coneixement impulsat per l\u2019Escola Superior d&#8217;Enginyeries Industrial, Aeroespacial i Audiovisual de Terrassa (ESEIAAT) i el grup alemany Volkswagen-SEAT.<\/p>\n<p>Aquest projecte, actiu des de 2013, s\u2019emmarca en la iniciativa CARNET (Cooperative Automotive Research Network), el primer<em> hub <\/em>d\u2019investigaci\u00f3 i innovaci\u00f3 centrat en l\u2019\u00e0mbit de la mobilitat urbana a Barcelona. Impulsat per la Universitat Polit\u00e8cnica de Catalunya, Volkswagen Research i SEAT, \u00e9s considerada la primera plataforma de coneixement i de col\u00b7laboraci\u00f3 entre la ind\u00fastria i la universitat.<\/p>\n<p>Mitjan\u00e7ant aquest tipus d\u2019iniciatives de col\u00b7laboraci\u00f3 docent universitat-empresa, els alumnes poden complementar la seva formaci\u00f3 acad\u00e8mica posant en pr\u00e0ctica les seves habilitats i coneixements en un repte real plantejat per la ind\u00fastria.<\/p>\n<p><img loading=\"lazy\" decoding=\"async\" class=\"alignleft size-full wp-image-4556\" src=\"https:\/\/www.citm.upc.edu\/blog\/wp-content\/uploads\/2021\/01\/creative-lab.png\" alt=\"\" width=\"366\" height=\"183\" \/><\/p>\n<p>En concret, en aquest projecte <strong>Creative Lab VOLKSWAGEN-SEAT<\/strong>, estudiants de diverses \u00e0rees d\u2019enginyeria, animaci\u00f3 digital, multim\u00e8dia i videojocs, organitzats en grups interdisciplinaris, han de col\u00b7laborar per aportar solucions innovadores i viables als reptes de la ind\u00fastria automobil\u00edstica. Cada cop m\u00e9s, la ind\u00fastria de l\u2019autom\u00f2bil ser\u00e0 m\u00e9s connectada i requerir\u00e0 d\u2019eines de simulaci\u00f3 i realitat virtual per resoldre reptes de present i dibuixar les seves estrat\u00e8gies de futur. En aquest sentit, el talent dels estudiants del CITM hi t\u00e9 molt a aportar.<\/p>\n<figure id=\"attachment_4557\" aria-describedby=\"caption-attachment-4557\" style=\"width: 1014px\" class=\"wp-caption alignleft\"><img loading=\"lazy\" decoding=\"async\" class=\"size-large wp-image-4557\" src=\"https:\/\/www.citm.upc.edu\/blog\/wp-content\/uploads\/2021\/01\/FotoGrup_CreativeLAB-1024x681-1.jpg\" alt=\"\" width=\"1024\" height=\"681\" \/><figcaption id=\"caption-attachment-4557\" class=\"wp-caption-text\">Participants en el Creative Lab VOLKSWAGEN-SEAT (edici\u00f3 2017-2018)<\/figcaption><\/figure>\n<p>Per a l\u2019estudiantat del CITM, la participaci\u00f3 en aquest projecte es planteja com una assignatura optativa en els darrers cursos dels tres graus del Centre: el grau en Disseny, Animaci\u00f3 i Art Digital, el grau en Multim\u00e8dia i el grau en Disseny i Desenvolupament de Videojocs.<\/p>\n<p>En aquest projecte es treballa anualment en 4 tem\u00e0tiques proposades per SEAT i Volkswagen. En concret, aquests s\u00f3n els eixos tem\u00e0tics que han centrat les darreres 3 edicions, en les quals el CITM ha tingut una participaci\u00f3 activa:<\/p>\n<h2><span style=\"color: #5fb9fd;\">Edici\u00f3 2017-2018 &#8211;\u00a0 4a edici\u00f3 del Creative LAB<\/span><\/h2>\n<p><strong>Car Sharing<\/strong>. La urbanitzaci\u00f3 i la societat col\u00b7laborativa s\u00f3n una tend\u00e8ncia creixent a escala mundial. El repte proposat en aquest cas era identificar els atributs d&#8217;un cotxe compartit idoni, fent especial \u00e8mfasi en la neteja i personalitzaci\u00f3, per posteriorment dissenyar el vehicle per a <em>car sharing<\/em> perfecte.<\/p>\n<p><strong>Espai Interior en Vehicles El\u00e8ctrics<\/strong>. Els vehicles el\u00e8ctrics disposen de m\u00e9s volum interior, que pot utilitzar-se amb noves funcionalitats. La proposta d&#8217;aquest repte havia de definir els usos i el disseny de l&#8217;espai interior dels vehicles el\u00e8ctrics i dels vehicles el\u00e8ctrics amb conducci\u00f3 aut\u00f2noma.<\/p>\n<p><strong>Creaci\u00f3 R\u00e0pida de Prototips<\/strong>. Actualment, testejar les idees de Human Machine Interface (HMI) mitjan\u00e7ant un simulador requereix una gran inversi\u00f3 en temps i diners. El proc\u00e9s de <em>design thinking <\/em>permet prototipar i testejar les idees de forma m\u00e9s r\u00e0pida. El repte en aquest cas va ser crear un entorn de proves que simul\u00e9s un vehicle a nivell molt b\u00e0sic per poder testejar idees de manera m\u00e9s r\u00e0pida i econ\u00f2mica.<\/p>\n<p><strong>Tr\u00e0nsit Urb\u00e0. <\/strong>A les grans ciutats, la conviv\u00e8ncia entre cotxes, motos i bicicletes ocasiona conflictes que en algunes ocasions acaben en accidents. Aquest repte va consistir a identificar situacions de risc entre cotxes, bicicletes i motos i proposar noves accions de comunicaci\u00f3 i les seves tecnologies associades per tal de millorar la relaci\u00f3 entre ells.<\/p>\n<h2><span style=\"color: #5fb9fd;\">Edici\u00f3 2018-2019 &#8211;\u00a0 5a edici\u00f3 del Creative LAB<\/span><\/h2>\n<p><strong>New Interaction Concepts in Virtual Reality. <\/strong>Aquest repte convidava els alumnes a experimentar, a trav\u00e9s de la realitat virtual, amb noves solucions d\u2019interacci\u00f3 i mobilitat abans de la implementaci\u00f3 d\u2019un vehicle real.<\/p>\n<p><strong>Sport Driving Style in the Future. <\/strong>En aquest repte es proposava als alumnes treballar sobre la transformaci\u00f3 de la conducci\u00f3 esportiva en el futur, en especial sota el concepte Predictive Sport Drive (PreSdrive).<\/p>\n<p><strong>Robots+Citizens. <\/strong>Existeixen moltes marques que desenvolupen vehicles i proves pilot amb vehicles aut\u00f2noms, per\u00f2 \u00e9s cert que encara existeix certa retic\u00e8ncia en relaci\u00f3 a la manca de seguretat<strong>. <\/strong>Aquest repte consistia a definir un sistema de comunicaci\u00f3 entre vehicles aut\u00f2noms i ciutadans, amb el prop\u00f2sit d\u2019humanitzar els processos tecnol\u00f2gics.<\/p>\n<h2><span style=\"color: #5fb9fd;\">Edici\u00f3 2019-2020 &#8211; 6a edici\u00f3 del Creative LAB <\/span><\/h2>\n<p><strong>Virtual Reality Training Concepts for Innovation Center VR Application. <\/strong><\/p>\n<p><strong>How to Control your Seat in Future Automobile? <\/strong><\/p>\n<p><strong>Interactive Robots + Citizens Prototyping <\/strong><\/p>\n<p><strong>Predictive Sport Drive <\/strong><\/p>\n<p><strong><u>Premis i reconeixements<\/u><\/strong><\/p>\n<p>Aquest projecte va guanyar el <a href=\"https:\/\/www.upc.edu\/consellsocial\/ca\/els-premis\/premi-upc-qualitat-docencia\/edicions-1998-a-2014\" target=\"_blank\" rel=\"noopener noreferrer\"><strong>22\u00e8 Premi UPC a la Qualitat en la Doc\u00e8ncia Universit\u00e0ria 2019<\/strong><\/a> en la modalitat \u2018Premi a la Iniciativa Docent\u2019. El jurat va destacar l\u2019excel\u00b7lent oportunitat que suposa per als estudiants el fet de treballar amb empreses punteres i estar sotmesos a un nivell d\u2019exig\u00e8ncia i implicaci\u00f3 quasi professional, el seu car\u00e0cter multidisciplinari que ha perm\u00e8s generar la participaci\u00f3 d\u2019estudiants de diferents graus i m\u00e0sters, la participaci\u00f3 de dos centres de la UPC, l\u2019exitosa col\u00b7laboraci\u00f3 universitat-empresa, el fet que estigui centrat en el sector de l\u2019automoci\u00f3 i la mobilitat, aix\u00ed com el potencial de replicabilitat del projecte en contextos docents universitaris de diferents \u00e0mbits.<\/p>\n<p>L\u2019any 2015, el Creative Lab VOLKSWAGEN-SEAT va rebre tamb\u00e9 el premi a la <strong>millor iniciativa docent per part del diari econ\u00f2mic El Economista<\/strong>.<\/p>\n","protected":false},"excerpt":{"rendered":"<p>CREATIVE LAB VOLKSWAGEN-SEAT El Centre de la Imatge i la Tecnologia Multim\u00e8dia (CITM) participa des del curs 2017-2018 en el Creative Lab VOLKSWAGEN-SEAT, un projecte d&#8217;innovaci\u00f3 docent i de transfer\u00e8ncia de coneixement impulsat per l\u2019Escola Superior d&#8217;Enginyeries Industrial, Aeroespacial i Audiovisual de Terrassa (ESEIAAT) i el grup alemany Volkswagen-SEAT. Aquest projecte, actiu des de 2013, &#8230; <a title=\"CREATIVE LAB\" class=\"read-more\" href=\"https:\/\/www.citm.upc.edu\/blog\/creative-lab-cat\/?lang=ca\" aria-label=\"Read more about CREATIVE LAB\">Leer m\u00e1s<\/a><\/p>\n","protected":false},"author":1,"featured_media":0,"parent":0,"menu_order":0,"comment_status":"closed","ping_status":"closed","template":"","meta":{"footnotes":""},"class_list":["post-4981","page","type-page","status-publish"],"aioseo_notices":[],"_links":{"self":[{"href":"https:\/\/www.citm.upc.edu\/blog\/wp-json\/wp\/v2\/pages\/4981","targetHints":{"allow":["GET"]}}],"collection":[{"href":"https:\/\/www.citm.upc.edu\/blog\/wp-json\/wp\/v2\/pages"}],"about":[{"href":"https:\/\/www.citm.upc.edu\/blog\/wp-json\/wp\/v2\/types\/page"}],"author":[{"embeddable":true,"href":"https:\/\/www.citm.upc.edu\/blog\/wp-json\/wp\/v2\/users\/1"}],"replies":[{"embeddable":true,"href":"https:\/\/www.citm.upc.edu\/blog\/wp-json\/wp\/v2\/comments?post=4981"}],"version-history":[{"count":1,"href":"https:\/\/www.citm.upc.edu\/blog\/wp-json\/wp\/v2\/pages\/4981\/revisions"}],"predecessor-version":[{"id":4982,"href":"https:\/\/www.citm.upc.edu\/blog\/wp-json\/wp\/v2\/pages\/4981\/revisions\/4982"}],"wp:attachment":[{"href":"https:\/\/www.citm.upc.edu\/blog\/wp-json\/wp\/v2\/media?parent=4981"}],"curies":[{"name":"wp","href":"https:\/\/api.w.org\/{rel}","templated":true}]}}