{"id":5029,"date":"2021-01-19T10:56:59","date_gmt":"2021-01-19T09:56:59","guid":{"rendered":"https:\/\/www.citm.upc.edu\/blog\/?page_id=5029"},"modified":"2021-01-19T11:01:17","modified_gmt":"2021-01-19T10:01:17","slug":"3a-edicion-enero-2020","status":"publish","type":"page","link":"https:\/\/www.citm.upc.edu\/blog\/3a-edicion-enero-2020\/","title":{"rendered":"3\u00aa EDICI\u00d3N \u2013 ENERO 2020"},"content":{"rendered":"<p>La 3\u00aa CITM Game Jam se celebr\u00f3 los d\u00edas 21 y 22 de enero de 2020. 57 estudiantes de los grados del Centro participaron.<\/p>\n<p>El jurado estuvo formado por <strong>Joan Pons, Marc Garrig\u00f3 y Josep Torell\u00f3<\/strong>, los tres profesores del grado en Dise\u00f1o y Desarrollo de Videojuegos.<\/p>\n<p>Proyectos premiados en la 3\u00aa edici\u00f3n de la CITM Game Jam:<\/p>\n<h2><span style=\"color: #5fb9fd;\">Premio Mejor Juego:<\/span><\/h2>\n<p><div id='gallery-1' class='gallery galleryid-5029 gallery-columns-2 gallery-size-web'><figure class='gallery-item'>\n\t\t\t<div class='gallery-icon landscape'>\n\t\t\t\t<img loading=\"lazy\" decoding=\"async\" width=\"400\" height=\"270\" src=\"https:\/\/www.citm.upc.edu\/blog\/wp-content\/uploads\/2020\/07\/Menu-400x270.png\" class=\"attachment-web size-web\" alt=\"\" \/>\n\t\t\t<\/div><\/figure><figure class='gallery-item'>\n\t\t\t<div class='gallery-icon landscape'>\n\t\t\t\t<img loading=\"lazy\" decoding=\"async\" width=\"400\" height=\"270\" src=\"https:\/\/www.citm.upc.edu\/blog\/wp-content\/uploads\/2020\/07\/Level_3_2D-400x270.png\" class=\"attachment-web size-web\" alt=\"K.U.B.O.\" \/>\n\t\t\t<\/div><\/figure><figure class='gallery-item'>\n\t\t\t<div class='gallery-icon landscape'>\n\t\t\t\t<img loading=\"lazy\" decoding=\"async\" width=\"400\" height=\"270\" src=\"https:\/\/www.citm.upc.edu\/blog\/wp-content\/uploads\/2020\/07\/Level_1_3D-400x270.png\" class=\"attachment-web size-web\" alt=\"\" \/>\n\t\t\t<\/div><\/figure><figure class='gallery-item'>\n\t\t\t<div class='gallery-icon landscape'>\n\t\t\t\t<img loading=\"lazy\" decoding=\"async\" width=\"400\" height=\"270\" src=\"https:\/\/www.citm.upc.edu\/blog\/wp-content\/uploads\/2020\/07\/Level_1_2D-400x270.png\" class=\"attachment-web size-web\" alt=\"K.U.B.O.\" \/>\n\t\t\t<\/div><\/figure>\n\t\t<\/div>\n<br \/>\n\n<div data-mode=\"normal\" data-oembed=\"1\" data-provider=\"vimeo\" id=\"arve-vimeo-439184111\" style=\"max-width:725px;\" class=\"arve\">\n\t<div class=\"arve-inner\">\n\t\t<div class=\"arve-embed arve-embed--has-aspect-ratio\">\n\t\t\t<div class=\"arve-ar\" style=\"padding-top:56.250000%\"><\/div>\n\t\t\t<iframe allow=\"accelerometer &#039;none&#039;;autoplay &#039;none&#039;;bluetooth &#039;none&#039;;browsing-topics &#039;none&#039;;camera &#039;none&#039;;clipboard-read &#039;none&#039;;clipboard-write;display-capture &#039;none&#039;;encrypted-media &#039;none&#039;;gamepad &#039;none&#039;;geolocation &#039;none&#039;;gyroscope &#039;none&#039;;hid &#039;none&#039;;identity-credentials-get &#039;none&#039;;idle-detection &#039;none&#039;;keyboard-map &#039;none&#039;;local-fonts;magnetometer &#039;none&#039;;microphone &#039;none&#039;;midi &#039;none&#039;;otp-credentials &#039;none&#039;;payment &#039;none&#039;;picture-in-picture;publickey-credentials-create &#039;none&#039;;publickey-credentials-get &#039;none&#039;;screen-wake-lock &#039;none&#039;;serial &#039;none&#039;;summarizer &#039;none&#039;;sync-xhr;usb &#039;none&#039;;web-share;window-management &#039;none&#039;;xr-spatial-tracking &#039;none&#039;;\" allowfullscreen=\"\" class=\"arve-iframe fitvidsignore\" credentialless data-arve=\"arve-vimeo-439184111\" data-lenis-prevent=\"\" data-src-no-ap=\"https:\/\/player.vimeo.com\/video\/439184111?dnt=1&amp;app_id=122963&amp;transparent=0&amp;title=1&amp;byline=0&amp;portrait=0&amp;autoplay=0\" frameborder=\"0\" height=\"407.8125\" loading=\"lazy\" name=\"\" referrerpolicy=\"strict-origin-when-cross-origin\" sandbox=\"allow-scripts allow-same-origin allow-presentation allow-popups allow-popups-to-escape-sandbox allow-forms\" scrolling=\"no\" src=\"https:\/\/player.vimeo.com\/video\/439184111?dnt=1&#038;app_id=122963&#038;transparent=0&#038;title=1&#038;byline=0&#038;portrait=0&#038;autoplay=0\" title=\"\" width=\"725\"><\/iframe>\n\t\t\t\n\t\t<\/div>\n\t\t\n\t<\/div>\n\t\n\t\n\t<script type=\"application\/ld+json\">{\"@context\":\"http:\\\/\\\/schema.org\\\/\",\"@id\":\"https:\\\/\\\/www.citm.upc.edu\\\/blog\\\/3a-edicion-enero-2020\\\/#arve-vimeo-439184111\",\"type\":\"VideoObject\",\"embedURL\":\"https:\\\/\\\/player.vimeo.com\\\/video\\\/439184111?dnt=1&app_id=122963&transparent=0&title=1&byline=0&portrait=0&autoplay=0\"}<\/script>\n\t\n<\/div><br \/>\n<strong>Nombre juego:<\/strong> K.U.B.O.<br \/>\n<strong>Equipo:<\/strong> Aprending Team<br \/>\n<strong>Integrantes:<\/strong><\/p>\n<ul>\n<li><em>Himar Bravo Gonz\u00e1lez<\/em><\/li>\n<li><em>Marc Pavon Llop<\/em><\/li>\n<li><em>Pol V\u00e1zquez Porcar<\/em><\/li>\n<li><em>Alex Morales Garcia<\/em><\/li>\n<li><em>Yessica Serv\u00edn Dom\u00ednguez<\/em><\/li>\n<\/ul>\n<p><img loading=\"lazy\" decoding=\"async\" class=\"aligncenter size-large wp-image-4024\" src=\"https:\/\/www.citm.upc.edu\/blog\/wp-content\/uploads\/2020\/01\/Aprending_TEAM-1024x664.jpg\" alt=\"Aprending_TEAM\" width=\"1024\" height=\"664\" srcset=\"https:\/\/www.citm.upc.edu\/blog\/wp-content\/uploads\/2020\/01\/Aprending_TEAM-1024x664.jpg 1024w, https:\/\/www.citm.upc.edu\/blog\/wp-content\/uploads\/2020\/01\/Aprending_TEAM-300x195.jpg 300w, https:\/\/www.citm.upc.edu\/blog\/wp-content\/uploads\/2020\/01\/Aprending_TEAM-768x498.jpg 768w, https:\/\/www.citm.upc.edu\/blog\/wp-content\/uploads\/2020\/01\/Aprending_TEAM-462x300.jpg 462w\" sizes=\"auto, (max-width: 1024px) 100vw, 1024px\" \/><\/p>\n<h2><span style=\"color: #5fb9fd;\">Premio Mejor Arte:<\/span><\/h2>\n<p><div id='gallery-2' class='gallery galleryid-5029 gallery-columns-2 gallery-size-web'><figure class='gallery-item'>\n\t\t\t<div class='gallery-icon landscape'>\n\t\t\t\t<img loading=\"lazy\" decoding=\"async\" width=\"400\" height=\"270\" src=\"https:\/\/www.citm.upc.edu\/blog\/wp-content\/uploads\/2020\/07\/deathLoop_2-400x270.png\" class=\"attachment-web size-web\" alt=\"\" \/>\n\t\t\t<\/div><\/figure><figure class='gallery-item'>\n\t\t\t<div class='gallery-icon landscape'>\n\t\t\t\t<img loading=\"lazy\" decoding=\"async\" width=\"400\" height=\"270\" src=\"https:\/\/www.citm.upc.edu\/blog\/wp-content\/uploads\/2020\/07\/deathLoop_1-400x270.png\" class=\"attachment-web size-web\" alt=\"\" \/>\n\t\t\t<\/div><\/figure><figure class='gallery-item'>\n\t\t\t<div class='gallery-icon landscape'>\n\t\t\t\t<img loading=\"lazy\" decoding=\"async\" width=\"400\" height=\"270\" src=\"https:\/\/www.citm.upc.edu\/blog\/wp-content\/uploads\/2020\/07\/deathLoop_3-400x270.png\" class=\"attachment-web size-web\" alt=\"Death Loop\" \/>\n\t\t\t<\/div><\/figure>\n\t\t<\/div>\n<br \/>\n\n<div data-mode=\"normal\" data-oembed=\"1\" data-provider=\"vimeo\" id=\"arve-vimeo-439185465\" style=\"max-width:725px;\" class=\"arve\">\n\t<div class=\"arve-inner\">\n\t\t<div class=\"arve-embed arve-embed--has-aspect-ratio\">\n\t\t\t<div class=\"arve-ar\" style=\"padding-top:56.250000%\"><\/div>\n\t\t\t<iframe allow=\"accelerometer &#039;none&#039;;autoplay &#039;none&#039;;bluetooth &#039;none&#039;;browsing-topics &#039;none&#039;;camera &#039;none&#039;;clipboard-read &#039;none&#039;;clipboard-write;display-capture &#039;none&#039;;encrypted-media &#039;none&#039;;gamepad &#039;none&#039;;geolocation &#039;none&#039;;gyroscope &#039;none&#039;;hid &#039;none&#039;;identity-credentials-get &#039;none&#039;;idle-detection &#039;none&#039;;keyboard-map &#039;none&#039;;local-fonts;magnetometer &#039;none&#039;;microphone &#039;none&#039;;midi &#039;none&#039;;otp-credentials &#039;none&#039;;payment &#039;none&#039;;picture-in-picture;publickey-credentials-create &#039;none&#039;;publickey-credentials-get &#039;none&#039;;screen-wake-lock &#039;none&#039;;serial &#039;none&#039;;summarizer &#039;none&#039;;sync-xhr;usb &#039;none&#039;;web-share;window-management &#039;none&#039;;xr-spatial-tracking &#039;none&#039;;\" allowfullscreen=\"\" class=\"arve-iframe fitvidsignore\" credentialless data-arve=\"arve-vimeo-439185465\" data-lenis-prevent=\"\" data-src-no-ap=\"https:\/\/player.vimeo.com\/video\/439185465?dnt=1&amp;app_id=122963&amp;transparent=0&amp;title=1&amp;byline=0&amp;portrait=0&amp;autoplay=0\" frameborder=\"0\" height=\"407.8125\" loading=\"lazy\" name=\"\" referrerpolicy=\"strict-origin-when-cross-origin\" sandbox=\"allow-scripts allow-same-origin allow-presentation allow-popups allow-popups-to-escape-sandbox allow-forms\" scrolling=\"no\" src=\"https:\/\/player.vimeo.com\/video\/439185465?dnt=1&#038;app_id=122963&#038;transparent=0&#038;title=1&#038;byline=0&#038;portrait=0&#038;autoplay=0\" title=\"\" width=\"725\"><\/iframe>\n\t\t\t\n\t\t<\/div>\n\t\t\n\t<\/div>\n\t\n\t\n\t<script type=\"application\/ld+json\">{\"@context\":\"http:\\\/\\\/schema.org\\\/\",\"@id\":\"https:\\\/\\\/www.citm.upc.edu\\\/blog\\\/3a-edicion-enero-2020\\\/#arve-vimeo-439185465\",\"type\":\"VideoObject\",\"embedURL\":\"https:\\\/\\\/player.vimeo.com\\\/video\\\/439185465?dnt=1&app_id=122963&transparent=0&title=1&byline=0&portrait=0&autoplay=0\"}<\/script>\n\t\n<\/div><br \/>\n<strong>Nombre juego:<\/strong> Death Loop<br \/>\n<strong>Equipo:<\/strong> Lost Signal<br \/>\n<strong>Integrantes:<\/strong><\/p>\n<ul>\n<li><em>Lucho Suaya<\/em><\/li>\n<li><em>Joan Marin<\/em><\/li>\n<li><em>Roger Leon<\/em><\/li>\n<li><em>Pol Ferrando<\/em><\/li>\n<li><em>Jaume Aviny\u00f3<\/em><\/li>\n<\/ul>\n<p><img loading=\"lazy\" decoding=\"async\" class=\"aligncenter size-large wp-image-4026\" src=\"https:\/\/www.citm.upc.edu\/blog\/wp-content\/uploads\/2020\/01\/Lost_Signal-1024x611.jpg\" alt=\"Lost_Signal\" width=\"1024\" height=\"611\" srcset=\"https:\/\/www.citm.upc.edu\/blog\/wp-content\/uploads\/2020\/01\/Lost_Signal-1024x611.jpg 1024w, https:\/\/www.citm.upc.edu\/blog\/wp-content\/uploads\/2020\/01\/Lost_Signal-300x179.jpg 300w, https:\/\/www.citm.upc.edu\/blog\/wp-content\/uploads\/2020\/01\/Lost_Signal-768x458.jpg 768w, https:\/\/www.citm.upc.edu\/blog\/wp-content\/uploads\/2020\/01\/Lost_Signal-500x298.jpg 500w\" sizes=\"auto, (max-width: 1024px) 100vw, 1024px\" \/><\/p>\n<h2><span style=\"color: #5fb9fd;\">Premio Mejor Dise\u00f1o:<\/span><\/h2>\n<p><div id='gallery-3' class='gallery galleryid-5029 gallery-columns-2 gallery-size-web'><figure class='gallery-item'>\n\t\t\t<div class='gallery-icon landscape'>\n\t\t\t\t<img loading=\"lazy\" decoding=\"async\" width=\"400\" height=\"270\" src=\"https:\/\/www.citm.upc.edu\/blog\/wp-content\/uploads\/2020\/07\/three-laws_1-400x270.png\" class=\"attachment-web size-web\" alt=\"Death Loop\" \/>\n\t\t\t<\/div><\/figure><figure class='gallery-item'>\n\t\t\t<div class='gallery-icon landscape'>\n\t\t\t\t<img loading=\"lazy\" decoding=\"async\" width=\"400\" height=\"270\" src=\"https:\/\/www.citm.upc.edu\/blog\/wp-content\/uploads\/2020\/07\/three-laws_2-400x270.png\" class=\"attachment-web size-web\" alt=\"\" \/>\n\t\t\t<\/div><\/figure><figure class='gallery-item'>\n\t\t\t<div class='gallery-icon landscape'>\n\t\t\t\t<img loading=\"lazy\" decoding=\"async\" width=\"400\" height=\"270\" src=\"https:\/\/www.citm.upc.edu\/blog\/wp-content\/uploads\/2020\/07\/three-laws_3-400x270.png\" class=\"attachment-web size-web\" alt=\"\" \/>\n\t\t\t<\/div><\/figure><figure class='gallery-item'>\n\t\t\t<div class='gallery-icon landscape'>\n\t\t\t\t<img loading=\"lazy\" decoding=\"async\" width=\"400\" height=\"270\" src=\"https:\/\/www.citm.upc.edu\/blog\/wp-content\/uploads\/2020\/07\/three-laws_4-400x270.png\" class=\"attachment-web size-web\" alt=\"Three Laws\" \/>\n\t\t\t<\/div><\/figure>\n\t\t<\/div>\n<br \/>\n\n<div data-mode=\"normal\" data-oembed=\"1\" data-provider=\"vimeo\" id=\"arve-vimeo-439187080\" style=\"max-width:725px;\" class=\"arve\">\n\t<div class=\"arve-inner\">\n\t\t<div class=\"arve-embed arve-embed--has-aspect-ratio\">\n\t\t\t<div class=\"arve-ar\" style=\"padding-top:56.250000%\"><\/div>\n\t\t\t<iframe allow=\"accelerometer &#039;none&#039;;autoplay &#039;none&#039;;bluetooth &#039;none&#039;;browsing-topics &#039;none&#039;;camera &#039;none&#039;;clipboard-read &#039;none&#039;;clipboard-write;display-capture &#039;none&#039;;encrypted-media &#039;none&#039;;gamepad &#039;none&#039;;geolocation &#039;none&#039;;gyroscope &#039;none&#039;;hid &#039;none&#039;;identity-credentials-get &#039;none&#039;;idle-detection &#039;none&#039;;keyboard-map &#039;none&#039;;local-fonts;magnetometer &#039;none&#039;;microphone &#039;none&#039;;midi &#039;none&#039;;otp-credentials &#039;none&#039;;payment &#039;none&#039;;picture-in-picture;publickey-credentials-create &#039;none&#039;;publickey-credentials-get &#039;none&#039;;screen-wake-lock &#039;none&#039;;serial &#039;none&#039;;summarizer &#039;none&#039;;sync-xhr;usb &#039;none&#039;;web-share;window-management &#039;none&#039;;xr-spatial-tracking &#039;none&#039;;\" allowfullscreen=\"\" class=\"arve-iframe fitvidsignore\" credentialless data-arve=\"arve-vimeo-439187080\" data-lenis-prevent=\"\" data-src-no-ap=\"https:\/\/player.vimeo.com\/video\/439187080?dnt=1&amp;app_id=122963&amp;transparent=0&amp;title=1&amp;byline=0&amp;portrait=0&amp;autoplay=0\" frameborder=\"0\" height=\"407.8125\" loading=\"lazy\" name=\"\" referrerpolicy=\"strict-origin-when-cross-origin\" sandbox=\"allow-scripts allow-same-origin allow-presentation allow-popups allow-popups-to-escape-sandbox allow-forms\" scrolling=\"no\" src=\"https:\/\/player.vimeo.com\/video\/439187080?dnt=1&#038;app_id=122963&#038;transparent=0&#038;title=1&#038;byline=0&#038;portrait=0&#038;autoplay=0\" title=\"\" width=\"725\"><\/iframe>\n\t\t\t\n\t\t<\/div>\n\t\t\n\t<\/div>\n\t\n\t\n\t<script type=\"application\/ld+json\">{\"@context\":\"http:\\\/\\\/schema.org\\\/\",\"@id\":\"https:\\\/\\\/www.citm.upc.edu\\\/blog\\\/3a-edicion-enero-2020\\\/#arve-vimeo-439187080\",\"type\":\"VideoObject\",\"embedURL\":\"https:\\\/\\\/player.vimeo.com\\\/video\\\/439187080?dnt=1&app_id=122963&transparent=0&title=1&byline=0&portrait=0&autoplay=0\"}<\/script>\n\t\n<\/div><br \/>\n<strong>Nombre juego:<\/strong> Three Laws<br \/>\n<strong>Equipo:<\/strong> Vibe Check<br \/>\n<strong>Integrantes:<\/strong><\/p>\n<ul>\n<li><em>Aitor Luque<\/em><\/li>\n<li><em>Pau Pedra<\/em><\/li>\n<li><em>Guillem Turmo<\/em><\/li>\n<li><em>Angel Gonz\u00e1lez<\/em><\/li>\n<li><em>Pau Fiol<\/em><\/li>\n<\/ul>\n<p><img loading=\"lazy\" decoding=\"async\" class=\"aligncenter size-large wp-image-4027\" src=\"https:\/\/www.citm.upc.edu\/blog\/wp-content\/uploads\/2020\/01\/Vibe_Check-1024x707.jpg\" alt=\"Vibe_Check\" width=\"1024\" height=\"707\" srcset=\"https:\/\/www.citm.upc.edu\/blog\/wp-content\/uploads\/2020\/01\/Vibe_Check-1024x707.jpg 1024w, https:\/\/www.citm.upc.edu\/blog\/wp-content\/uploads\/2020\/01\/Vibe_Check-300x207.jpg 300w, https:\/\/www.citm.upc.edu\/blog\/wp-content\/uploads\/2020\/01\/Vibe_Check-768x530.jpg 768w, https:\/\/www.citm.upc.edu\/blog\/wp-content\/uploads\/2020\/01\/Vibe_Check-434x300.jpg 434w\" sizes=\"auto, (max-width: 1024px) 100vw, 1024px\" \/><\/p>\n<h2><span style=\"color: #5fb9fd;\">Premio Mejor Tecnolog\u00eda y Votaci\u00f3n Popular:<\/span><\/h2>\n<p><div id='gallery-4' class='gallery galleryid-5029 gallery-columns-2 gallery-size-web'><figure class='gallery-item'>\n\t\t\t<div class='gallery-icon landscape'>\n\t\t\t\t<img loading=\"lazy\" decoding=\"async\" width=\"400\" height=\"270\" src=\"https:\/\/www.citm.upc.edu\/blog\/wp-content\/uploads\/2020\/07\/RootinTootinCoodin1-400x270.png\" class=\"attachment-web size-web\" alt=\"\" \/>\n\t\t\t<\/div><\/figure><figure class='gallery-item'>\n\t\t\t<div class='gallery-icon landscape'>\n\t\t\t\t<img loading=\"lazy\" decoding=\"async\" width=\"400\" height=\"270\" src=\"https:\/\/www.citm.upc.edu\/blog\/wp-content\/uploads\/2020\/07\/RootinTootinCoodin3-400x270.png\" class=\"attachment-web size-web\" alt=\"\" \/>\n\t\t\t<\/div><\/figure><figure class='gallery-item'>\n\t\t\t<div class='gallery-icon landscape'>\n\t\t\t\t<img loading=\"lazy\" decoding=\"async\" width=\"400\" height=\"270\" src=\"https:\/\/www.citm.upc.edu\/blog\/wp-content\/uploads\/2020\/07\/RootinTootinCoodin2-400x270.png\" class=\"attachment-web size-web\" alt=\"\" \/>\n\t\t\t<\/div><\/figure><figure class='gallery-item'>\n\t\t\t<div class='gallery-icon landscape'>\n\t\t\t\t<img loading=\"lazy\" decoding=\"async\" width=\"400\" height=\"270\" src=\"https:\/\/www.citm.upc.edu\/blog\/wp-content\/uploads\/2020\/07\/RootinTootinCoodin4-400x270.png\" class=\"attachment-web size-web\" alt=\"Rootin Tootin Robots\" \/>\n\t\t\t<\/div><\/figure>\n\t\t<\/div>\n<br \/>\n\n<div data-mode=\"normal\" data-oembed=\"1\" data-provider=\"vimeo\" id=\"arve-vimeo-439188865\" style=\"max-width:725px;\" class=\"arve\">\n\t<div class=\"arve-inner\">\n\t\t<div class=\"arve-embed arve-embed--has-aspect-ratio\">\n\t\t\t<div class=\"arve-ar\" style=\"padding-top:56.250000%\"><\/div>\n\t\t\t<iframe allow=\"accelerometer &#039;none&#039;;autoplay &#039;none&#039;;bluetooth &#039;none&#039;;browsing-topics &#039;none&#039;;camera &#039;none&#039;;clipboard-read &#039;none&#039;;clipboard-write;display-capture &#039;none&#039;;encrypted-media &#039;none&#039;;gamepad &#039;none&#039;;geolocation &#039;none&#039;;gyroscope &#039;none&#039;;hid &#039;none&#039;;identity-credentials-get &#039;none&#039;;idle-detection &#039;none&#039;;keyboard-map &#039;none&#039;;local-fonts;magnetometer &#039;none&#039;;microphone &#039;none&#039;;midi &#039;none&#039;;otp-credentials &#039;none&#039;;payment &#039;none&#039;;picture-in-picture;publickey-credentials-create &#039;none&#039;;publickey-credentials-get &#039;none&#039;;screen-wake-lock &#039;none&#039;;serial &#039;none&#039;;summarizer &#039;none&#039;;sync-xhr;usb &#039;none&#039;;web-share;window-management &#039;none&#039;;xr-spatial-tracking &#039;none&#039;;\" allowfullscreen=\"\" class=\"arve-iframe fitvidsignore\" credentialless data-arve=\"arve-vimeo-439188865\" data-lenis-prevent=\"\" data-src-no-ap=\"https:\/\/player.vimeo.com\/video\/439188865?dnt=1&amp;app_id=122963&amp;transparent=0&amp;title=1&amp;byline=0&amp;portrait=0&amp;autoplay=0\" frameborder=\"0\" height=\"407.8125\" loading=\"lazy\" name=\"\" referrerpolicy=\"strict-origin-when-cross-origin\" sandbox=\"allow-scripts allow-same-origin allow-presentation allow-popups allow-popups-to-escape-sandbox allow-forms\" scrolling=\"no\" src=\"https:\/\/player.vimeo.com\/video\/439188865?dnt=1&#038;app_id=122963&#038;transparent=0&#038;title=1&#038;byline=0&#038;portrait=0&#038;autoplay=0\" title=\"\" width=\"725\"><\/iframe>\n\t\t\t\n\t\t<\/div>\n\t\t\n\t<\/div>\n\t\n\t\n\t<script type=\"application\/ld+json\">{\"@context\":\"http:\\\/\\\/schema.org\\\/\",\"@id\":\"https:\\\/\\\/www.citm.upc.edu\\\/blog\\\/3a-edicion-enero-2020\\\/#arve-vimeo-439188865\",\"type\":\"VideoObject\",\"embedURL\":\"https:\\\/\\\/player.vimeo.com\\\/video\\\/439188865?dnt=1&app_id=122963&transparent=0&title=1&byline=0&portrait=0&autoplay=0\"}<\/script>\n\t\n<\/div><br \/>\n<strong>Nombre juego:<\/strong> Rootin Tootin Robots<br \/>\n<strong>Equipo:<\/strong>\u00a0Rootin Tootin Codin<br \/>\n<strong>Integrantes:<\/strong><\/p>\n<ul>\n<li><em>Lucas Garc\u00eda Mateu<\/em><\/li>\n<li><em>Adri\u00e0 Ferrer Comas<\/em><\/li>\n<li><em>Joel Cabaco P\u00e9rez<\/em><\/li>\n<li><em>Hugo B\u00f3 D\u00edaz<\/em><\/li>\n<li><em>Lori\u00e9n Portella L\u00f3pez<\/em><\/li>\n<\/ul>\n<p><img loading=\"lazy\" decoding=\"async\" class=\"aligncenter size-large wp-image-4028\" src=\"https:\/\/www.citm.upc.edu\/blog\/wp-content\/uploads\/2020\/01\/Rootin_Tootin_Codin-1024x596.jpg\" alt=\"Rootin_Tootin_Codin\" width=\"1024\" height=\"596\" srcset=\"https:\/\/www.citm.upc.edu\/blog\/wp-content\/uploads\/2020\/01\/Rootin_Tootin_Codin-1024x596.jpg 1024w, https:\/\/www.citm.upc.edu\/blog\/wp-content\/uploads\/2020\/01\/Rootin_Tootin_Codin-300x175.jpg 300w, https:\/\/www.citm.upc.edu\/blog\/wp-content\/uploads\/2020\/01\/Rootin_Tootin_Codin-768x447.jpg 768w, https:\/\/www.citm.upc.edu\/blog\/wp-content\/uploads\/2020\/01\/Rootin_Tootin_Codin-500x291.jpg 500w\" sizes=\"auto, (max-width: 1024px) 100vw, 1024px\" \/><\/p>\n","protected":false},"excerpt":{"rendered":"<p>La 3\u00aa CITM Game Jam se celebr\u00f3 los d\u00edas 21 y 22 de enero de 2020. 57 estudiantes de los grados del Centro participaron. El jurado estuvo formado por Joan Pons, Marc Garrig\u00f3 y Josep Torell\u00f3, los tres profesores del grado en Dise\u00f1o y Desarrollo de Videojuegos. Proyectos premiados en la 3\u00aa edici\u00f3n de la &#8230; <a title=\"3\u00aa EDICI\u00d3N \u2013 ENERO 2020\" class=\"read-more\" href=\"https:\/\/www.citm.upc.edu\/blog\/3a-edicion-enero-2020\/\" aria-label=\"Read more about 3\u00aa EDICI\u00d3N \u2013 ENERO 2020\">Leer m\u00e1s<\/a><\/p>\n","protected":false},"author":1,"featured_media":5037,"parent":0,"menu_order":0,"comment_status":"closed","ping_status":"closed","template":"","meta":{"footnotes":""},"class_list":["post-5029","page","type-page","status-publish","has-post-thumbnail"],"aioseo_notices":[],"_links":{"self":[{"href":"https:\/\/www.citm.upc.edu\/blog\/wp-json\/wp\/v2\/pages\/5029","targetHints":{"allow":["GET"]}}],"collection":[{"href":"https:\/\/www.citm.upc.edu\/blog\/wp-json\/wp\/v2\/pages"}],"about":[{"href":"https:\/\/www.citm.upc.edu\/blog\/wp-json\/wp\/v2\/types\/page"}],"author":[{"embeddable":true,"href":"https:\/\/www.citm.upc.edu\/blog\/wp-json\/wp\/v2\/users\/1"}],"replies":[{"embeddable":true,"href":"https:\/\/www.citm.upc.edu\/blog\/wp-json\/wp\/v2\/comments?post=5029"}],"version-history":[{"count":2,"href":"https:\/\/www.citm.upc.edu\/blog\/wp-json\/wp\/v2\/pages\/5029\/revisions"}],"predecessor-version":[{"id":5031,"href":"https:\/\/www.citm.upc.edu\/blog\/wp-json\/wp\/v2\/pages\/5029\/revisions\/5031"}],"wp:featuredmedia":[{"embeddable":true,"href":"https:\/\/www.citm.upc.edu\/blog\/wp-json\/wp\/v2\/media\/5037"}],"wp:attachment":[{"href":"https:\/\/www.citm.upc.edu\/blog\/wp-json\/wp\/v2\/media?parent=5029"}],"curies":[{"name":"wp","href":"https:\/\/api.w.org\/{rel}","templated":true}]}}