{"id":5231,"date":"2021-03-04T13:15:45","date_gmt":"2021-03-04T12:15:45","guid":{"rendered":"https:\/\/www.citm.upc.edu\/blog\/?page_id=5231"},"modified":"2021-03-04T13:15:45","modified_gmt":"2021-03-04T12:15:45","slug":"4a-edicion-febrero-2021","status":"publish","type":"page","link":"https:\/\/www.citm.upc.edu\/blog\/4a-edicion-febrero-2021\/","title":{"rendered":"4\u00aa EDICI\u00d3N \u2013 FEBRERO 2021"},"content":{"rendered":"<p>La 4\u00aa CITM Game Jam se celebr\u00f3 los d\u00edas 4 y 5 de febrero de 2021, en modalidad virtual. La tem\u00e1tica de esta edici\u00f3n estuvo centrada en los Objetivos de Desarrollo Sostenible (ODS), y en concreto en la inclusi\u00f3n y desarrollo de la mujer en las \u00e1reas STEAM.<\/p>\n<p>Esta 4\u00aa CITM Game Jam form\u00f3 parte del programa de actividades del 50 aniversario de la Universitat Polit\u00e8cnica de Catalunya y, por este motivo, estuvo abierta a todos los estudiantes de la UPC. En total, participaron 73 personas agrupadas en 14 equipos.<\/p>\n<p>El jurado estuvo formado por las profesoras del CITM <strong>Marta Fern\u00e1ndez<\/strong> y <strong>Arantzazu del Castillo<\/strong> y por <strong>Daniela Tost<\/strong>, investigadora en serious games y directora del Centro de Investigaci\u00f3n en Ingenier\u00eda Biom\u00e9dica de la UPC.<\/p>\n<p>Proyectos premiados en la 4\u00aa edici\u00f3n de la CITM Game Jam:<\/p>\n<h2><span style=\"color: #5fb9fd;\">Premio Mejor Juego:<\/span><\/h2>\n\n<div data-mode=\"normal\" data-oembed=\"1\" data-provider=\"vimeo\" id=\"arve-vimeo-512508684\" style=\"max-width:725px;\" class=\"arve\">\n\t<div class=\"arve-inner\">\n\t\t<div class=\"arve-embed arve-embed--has-aspect-ratio\">\n\t\t\t<div class=\"arve-ar\" style=\"padding-top:56.250000%\"><\/div>\n\t\t\t<iframe allow=\"accelerometer &#039;none&#039;;autoplay &#039;none&#039;;bluetooth &#039;none&#039;;browsing-topics &#039;none&#039;;camera &#039;none&#039;;clipboard-read &#039;none&#039;;clipboard-write;display-capture &#039;none&#039;;encrypted-media &#039;none&#039;;gamepad &#039;none&#039;;geolocation &#039;none&#039;;gyroscope &#039;none&#039;;hid &#039;none&#039;;identity-credentials-get &#039;none&#039;;idle-detection &#039;none&#039;;keyboard-map &#039;none&#039;;local-fonts;magnetometer &#039;none&#039;;microphone &#039;none&#039;;midi &#039;none&#039;;otp-credentials &#039;none&#039;;payment &#039;none&#039;;picture-in-picture;publickey-credentials-create &#039;none&#039;;publickey-credentials-get &#039;none&#039;;screen-wake-lock &#039;none&#039;;serial &#039;none&#039;;summarizer &#039;none&#039;;sync-xhr;usb &#039;none&#039;;web-share;window-management &#039;none&#039;;xr-spatial-tracking &#039;none&#039;;\" allowfullscreen=\"\" class=\"arve-iframe fitvidsignore\" credentialless data-arve=\"arve-vimeo-512508684\" data-lenis-prevent=\"\" data-src-no-ap=\"https:\/\/player.vimeo.com\/video\/512508684?h=90fba258f2&amp;dnt=1&amp;app_id=122963&amp;transparent=0&amp;title=1&amp;byline=0&amp;portrait=0&amp;autoplay=0\" frameborder=\"0\" height=\"407.8125\" loading=\"lazy\" name=\"\" referrerpolicy=\"strict-origin-when-cross-origin\" sandbox=\"allow-scripts allow-same-origin allow-presentation allow-popups allow-popups-to-escape-sandbox allow-forms\" scrolling=\"no\" src=\"https:\/\/player.vimeo.com\/video\/512508684?h=90fba258f2&#038;dnt=1&#038;app_id=122963&#038;transparent=0&#038;title=1&#038;byline=0&#038;portrait=0&#038;autoplay=0\" title=\"\" width=\"725\"><\/iframe>\n\t\t\t\n\t\t<\/div>\n\t\t\n\t<\/div>\n\t\n\t\n\t<script type=\"application\/ld+json\">{\"@context\":\"http:\\\/\\\/schema.org\\\/\",\"@id\":\"https:\\\/\\\/www.citm.upc.edu\\\/blog\\\/4a-edicion-febrero-2021\\\/#arve-vimeo-512508684\",\"type\":\"VideoObject\",\"embedURL\":\"https:\\\/\\\/player.vimeo.com\\\/video\\\/512508684?h=90fba258f2&dnt=1&app_id=122963&transparent=0&title=1&byline=0&portrait=0&autoplay=0\"}<\/script>\n\t\n<div class=\"arve-error\"><p><small><abbr title=\"Advanced Responsive Video Embedder\">ARVE<\/abbr> error: Invalid URL <code><\/code> in <code>url<\/code><\/small><\/p><\/div>\n<\/div>\n<p><strong>Nombre juego:<\/strong> Stigma<br \/>\n<strong>Equipo:<\/strong> SquareUP<br \/>\n<strong>Integrantes:<\/strong><\/p>\n<ul>\n<li><em>Guillem Turmo<\/em><\/li>\n<li><em>\u00c1ngel Gonzalez<\/em><\/li>\n<li><em>Gerard Romeu<\/em><\/li>\n<li><em>Francisco Guerrero<\/em><\/li>\n<\/ul>\n<h2><span style=\"color: #5fb9fd;\">Premio Mejor Arte:<\/span><\/h2>\n\n<div data-mode=\"normal\" data-oembed=\"1\" data-provider=\"youtube\" id=\"arve-youtube-zdigt6x-koo\" style=\"max-width:725px;\" class=\"arve\">\n\t<div class=\"arve-inner\">\n\t\t<div class=\"arve-embed arve-embed--has-aspect-ratio\">\n\t\t\t<div class=\"arve-ar\" style=\"padding-top:56.250000%\"><\/div>\n\t\t\t<iframe allow=\"accelerometer &#039;none&#039;;autoplay &#039;none&#039;;bluetooth &#039;none&#039;;browsing-topics &#039;none&#039;;camera &#039;none&#039;;clipboard-read &#039;none&#039;;clipboard-write;display-capture &#039;none&#039;;encrypted-media &#039;none&#039;;gamepad &#039;none&#039;;geolocation &#039;none&#039;;gyroscope &#039;none&#039;;hid &#039;none&#039;;identity-credentials-get &#039;none&#039;;idle-detection &#039;none&#039;;keyboard-map &#039;none&#039;;local-fonts;magnetometer &#039;none&#039;;microphone &#039;none&#039;;midi &#039;none&#039;;otp-credentials &#039;none&#039;;payment &#039;none&#039;;picture-in-picture;publickey-credentials-create &#039;none&#039;;publickey-credentials-get &#039;none&#039;;screen-wake-lock &#039;none&#039;;serial &#039;none&#039;;summarizer &#039;none&#039;;sync-xhr;usb &#039;none&#039;;web-share;window-management &#039;none&#039;;xr-spatial-tracking &#039;none&#039;;\" allowfullscreen=\"\" class=\"arve-iframe fitvidsignore\" credentialless data-arve=\"arve-youtube-zdigt6x-koo\" data-lenis-prevent=\"\" data-src-no-ap=\"https:\/\/www.youtube-nocookie.com\/embed\/ZdIgT6x-kOo?feature=oembed&amp;iv_load_policy=3&amp;modestbranding=1&amp;rel=0&amp;autohide=1&amp;playsinline=0&amp;autoplay=0\" frameborder=\"0\" height=\"407.8125\" loading=\"lazy\" name=\"\" referrerpolicy=\"strict-origin-when-cross-origin\" sandbox=\"allow-scripts allow-same-origin allow-presentation allow-popups allow-popups-to-escape-sandbox\" scrolling=\"no\" src=\"https:\/\/www.youtube-nocookie.com\/embed\/ZdIgT6x-kOo?feature=oembed&#038;iv_load_policy=3&#038;modestbranding=1&#038;rel=0&#038;autohide=1&#038;playsinline=0&#038;autoplay=0\" title=\"\" width=\"725\"><\/iframe>\n\t\t\t\n\t\t<\/div>\n\t\t\n\t<\/div>\n\t\n\t\n\t<script type=\"application\/ld+json\">{\"@context\":\"http:\\\/\\\/schema.org\\\/\",\"@id\":\"https:\\\/\\\/www.citm.upc.edu\\\/blog\\\/4a-edicion-febrero-2021\\\/#arve-youtube-zdigt6x-koo\",\"type\":\"VideoObject\",\"embedURL\":\"https:\\\/\\\/www.youtube-nocookie.com\\\/embed\\\/ZdIgT6x-kOo?feature=oembed&iv_load_policy=3&modestbranding=1&rel=0&autohide=1&playsinline=0&autoplay=0\"}<\/script>\n\t\n<\/div>\n<p><strong>Nombre juego:<\/strong> Project Rebirth<br \/>\n<strong>Equipo:<\/strong> \u00a0Lost Signal<br \/>\n<strong>Integrantes:<\/strong><\/p>\n<ul>\n<li><em>Roger Leon<\/em><\/li>\n<li><em>Sergi Parra<\/em><\/li>\n<li><em>Jaume Aviny\u00f3<\/em><\/li>\n<li><em>Joan Mar\u00edn<\/em><\/li>\n<li><em>Lucho Suaya<\/em><\/li>\n<\/ul>\n<h2><span style=\"color: #5fb9fd;\">Premio Mejor Tecnolog\u00eda:<\/span><\/h2>\n\n<div data-mode=\"normal\" data-oembed=\"1\" data-provider=\"youtube\" id=\"arve-youtube-lnsk6h21vuw\" style=\"max-width:725px;\" class=\"arve\">\n\t<div class=\"arve-inner\">\n\t\t<div class=\"arve-embed arve-embed--has-aspect-ratio\">\n\t\t\t<div class=\"arve-ar\" style=\"padding-top:56.250000%\"><\/div>\n\t\t\t<iframe allow=\"accelerometer &#039;none&#039;;autoplay &#039;none&#039;;bluetooth &#039;none&#039;;browsing-topics &#039;none&#039;;camera &#039;none&#039;;clipboard-read &#039;none&#039;;clipboard-write;display-capture &#039;none&#039;;encrypted-media &#039;none&#039;;gamepad &#039;none&#039;;geolocation &#039;none&#039;;gyroscope &#039;none&#039;;hid &#039;none&#039;;identity-credentials-get &#039;none&#039;;idle-detection &#039;none&#039;;keyboard-map &#039;none&#039;;local-fonts;magnetometer &#039;none&#039;;microphone &#039;none&#039;;midi &#039;none&#039;;otp-credentials &#039;none&#039;;payment &#039;none&#039;;picture-in-picture;publickey-credentials-create &#039;none&#039;;publickey-credentials-get &#039;none&#039;;screen-wake-lock &#039;none&#039;;serial &#039;none&#039;;summarizer &#039;none&#039;;sync-xhr;usb &#039;none&#039;;web-share;window-management &#039;none&#039;;xr-spatial-tracking &#039;none&#039;;\" allowfullscreen=\"\" class=\"arve-iframe fitvidsignore\" credentialless data-arve=\"arve-youtube-lnsk6h21vuw\" data-lenis-prevent=\"\" data-src-no-ap=\"https:\/\/www.youtube-nocookie.com\/embed\/LnSK6H21Vuw?feature=oembed&amp;iv_load_policy=3&amp;modestbranding=1&amp;rel=0&amp;autohide=1&amp;playsinline=0&amp;autoplay=0\" frameborder=\"0\" height=\"407.8125\" loading=\"lazy\" name=\"\" referrerpolicy=\"strict-origin-when-cross-origin\" sandbox=\"allow-scripts allow-same-origin allow-presentation allow-popups allow-popups-to-escape-sandbox\" scrolling=\"no\" src=\"https:\/\/www.youtube-nocookie.com\/embed\/LnSK6H21Vuw?feature=oembed&#038;iv_load_policy=3&#038;modestbranding=1&#038;rel=0&#038;autohide=1&#038;playsinline=0&#038;autoplay=0\" title=\"\" width=\"725\"><\/iframe>\n\t\t\t\n\t\t<\/div>\n\t\t\n\t<\/div>\n\t\n\t\n\t<script type=\"application\/ld+json\">{\"@context\":\"http:\\\/\\\/schema.org\\\/\",\"@id\":\"https:\\\/\\\/www.citm.upc.edu\\\/blog\\\/4a-edicion-febrero-2021\\\/#arve-youtube-lnsk6h21vuw\",\"type\":\"VideoObject\",\"embedURL\":\"https:\\\/\\\/www.youtube-nocookie.com\\\/embed\\\/LnSK6H21Vuw?feature=oembed&iv_load_policy=3&modestbranding=1&rel=0&autohide=1&playsinline=0&autoplay=0\"}<\/script>\n\t\n<\/div>\n<p><strong>Nombre juego:<\/strong> S-Team<br \/>\n<strong>Equipo:<\/strong> MarteKings<br \/>\n<strong>Integrantes:<\/strong><\/p>\n<ul>\n<li><em>Joan Barduena<\/em><\/li>\n<li><em>Victor Chen<\/em><\/li>\n<li><em>Josep Lleal<\/em><\/li>\n<li><em>Oscar Pons<\/em><\/li>\n<li><em>David Tello<\/em><\/li>\n<\/ul>\n<h2><span style=\"color: #5fb9fd;\">Premio Votaci\u00f3n Popular:<\/span><\/h2>\n\n<div data-mode=\"normal\" data-oembed=\"1\" data-provider=\"youtube\" id=\"arve-youtube-vhmhgqr_ujm\" style=\"max-width:725px;\" class=\"arve\">\n\t<div class=\"arve-inner\">\n\t\t<div class=\"arve-embed arve-embed--has-aspect-ratio\">\n\t\t\t<div class=\"arve-ar\" style=\"padding-top:56.250000%\"><\/div>\n\t\t\t<iframe allow=\"accelerometer &#039;none&#039;;autoplay &#039;none&#039;;bluetooth &#039;none&#039;;browsing-topics &#039;none&#039;;camera &#039;none&#039;;clipboard-read &#039;none&#039;;clipboard-write;display-capture &#039;none&#039;;encrypted-media &#039;none&#039;;gamepad &#039;none&#039;;geolocation &#039;none&#039;;gyroscope &#039;none&#039;;hid &#039;none&#039;;identity-credentials-get &#039;none&#039;;idle-detection &#039;none&#039;;keyboard-map &#039;none&#039;;local-fonts;magnetometer &#039;none&#039;;microphone &#039;none&#039;;midi &#039;none&#039;;otp-credentials &#039;none&#039;;payment &#039;none&#039;;picture-in-picture;publickey-credentials-create &#039;none&#039;;publickey-credentials-get &#039;none&#039;;screen-wake-lock &#039;none&#039;;serial &#039;none&#039;;summarizer &#039;none&#039;;sync-xhr;usb &#039;none&#039;;web-share;window-management &#039;none&#039;;xr-spatial-tracking &#039;none&#039;;\" allowfullscreen=\"\" class=\"arve-iframe fitvidsignore\" credentialless data-arve=\"arve-youtube-vhmhgqr_ujm\" data-lenis-prevent=\"\" data-src-no-ap=\"https:\/\/www.youtube-nocookie.com\/embed\/VhmHGqr_uJM?feature=oembed&amp;iv_load_policy=3&amp;modestbranding=1&amp;rel=0&amp;autohide=1&amp;playsinline=0&amp;autoplay=0\" frameborder=\"0\" height=\"407.8125\" loading=\"lazy\" name=\"\" referrerpolicy=\"strict-origin-when-cross-origin\" sandbox=\"allow-scripts allow-same-origin allow-presentation allow-popups allow-popups-to-escape-sandbox\" scrolling=\"no\" src=\"https:\/\/www.youtube-nocookie.com\/embed\/VhmHGqr_uJM?feature=oembed&#038;iv_load_policy=3&#038;modestbranding=1&#038;rel=0&#038;autohide=1&#038;playsinline=0&#038;autoplay=0\" title=\"\" width=\"725\"><\/iframe>\n\t\t\t\n\t\t<\/div>\n\t\t\n\t<\/div>\n\t\n\t\n\t<script type=\"application\/ld+json\">{\"@context\":\"http:\\\/\\\/schema.org\\\/\",\"@id\":\"https:\\\/\\\/www.citm.upc.edu\\\/blog\\\/4a-edicion-febrero-2021\\\/#arve-youtube-vhmhgqr_ujm\",\"type\":\"VideoObject\",\"embedURL\":\"https:\\\/\\\/www.youtube-nocookie.com\\\/embed\\\/VhmHGqr_uJM?feature=oembed&iv_load_policy=3&modestbranding=1&rel=0&autohide=1&playsinline=0&autoplay=0\"}<\/script>\n\t\n<\/div>\n<p><strong>Nombre juego:<\/strong> Tales of Dorothy Hodgkin<br \/>\n<strong>Equipo:<\/strong> 3K Project<br \/>\n<strong>Integrantes:<\/strong><\/p>\n<ul>\n<li><em>Pau Garc\u00eda<\/em><\/li>\n<li><em>Borja Gomez<\/em><\/li>\n<li><em>Marta March<\/em><\/li>\n<li><em>Rub\u00e9n Quesada<\/em><\/li>\n<li><em>Dani Villena<\/em><\/li>\n<\/ul>\n","protected":false},"excerpt":{"rendered":"<p>La 4\u00aa CITM Game Jam se celebr\u00f3 los d\u00edas 4 y 5 de febrero de 2021, en modalidad virtual. La tem\u00e1tica de esta edici\u00f3n estuvo centrada en los Objetivos de Desarrollo Sostenible (ODS), y en concreto en la inclusi\u00f3n y desarrollo de la mujer en las \u00e1reas STEAM. Esta 4\u00aa CITM Game Jam form\u00f3 parte &#8230; <a title=\"4\u00aa EDICI\u00d3N \u2013 FEBRERO 2021\" class=\"read-more\" href=\"https:\/\/www.citm.upc.edu\/blog\/4a-edicion-febrero-2021\/\" aria-label=\"Read more about 4\u00aa EDICI\u00d3N \u2013 FEBRERO 2021\">Leer m\u00e1s<\/a><\/p>\n","protected":false},"author":1,"featured_media":5230,"parent":0,"menu_order":0,"comment_status":"closed","ping_status":"closed","template":"","meta":{"footnotes":""},"class_list":["post-5231","page","type-page","status-publish","has-post-thumbnail"],"aioseo_notices":[],"_links":{"self":[{"href":"https:\/\/www.citm.upc.edu\/blog\/wp-json\/wp\/v2\/pages\/5231","targetHints":{"allow":["GET"]}}],"collection":[{"href":"https:\/\/www.citm.upc.edu\/blog\/wp-json\/wp\/v2\/pages"}],"about":[{"href":"https:\/\/www.citm.upc.edu\/blog\/wp-json\/wp\/v2\/types\/page"}],"author":[{"embeddable":true,"href":"https:\/\/www.citm.upc.edu\/blog\/wp-json\/wp\/v2\/users\/1"}],"replies":[{"embeddable":true,"href":"https:\/\/www.citm.upc.edu\/blog\/wp-json\/wp\/v2\/comments?post=5231"}],"version-history":[{"count":2,"href":"https:\/\/www.citm.upc.edu\/blog\/wp-json\/wp\/v2\/pages\/5231\/revisions"}],"predecessor-version":[{"id":5235,"href":"https:\/\/www.citm.upc.edu\/blog\/wp-json\/wp\/v2\/pages\/5231\/revisions\/5235"}],"wp:featuredmedia":[{"embeddable":true,"href":"https:\/\/www.citm.upc.edu\/blog\/wp-json\/wp\/v2\/media\/5230"}],"wp:attachment":[{"href":"https:\/\/www.citm.upc.edu\/blog\/wp-json\/wp\/v2\/media?parent=5231"}],"curies":[{"name":"wp","href":"https:\/\/api.w.org\/{rel}","templated":true}]}}