{"id":6737,"date":"2022-11-15T15:15:41","date_gmt":"2022-11-15T14:15:41","guid":{"rendered":"https:\/\/www.citm.upc.edu\/blog\/?page_id=6737"},"modified":"2022-11-15T15:15:41","modified_gmt":"2022-11-15T14:15:41","slug":"1a-edicion-junio-2021","status":"publish","type":"page","link":"https:\/\/www.citm.upc.edu\/blog\/1a-edicion-junio-2021\/","title":{"rendered":"1\u00aa EDICI\u00d3N \u2013 JUNIO 2021"},"content":{"rendered":"<p>El 1r concurso GRAFFIO eligi\u00f3 como motivo crear <strong>una ilustraci\u00f3n en torno al tema: \u201cEl mundo a trav\u00e9s de mis ojos\u201d<\/strong>. Desarrollado a trav\u00e9s de la plataforma de Instagram, el concurso tuvo un gran \u00e9xito de participaci\u00f3n con m\u00e1s de 30 propuestas presentadas. <\/p>\n<p>El jurado de la 1a edici\u00f3n de GRAFFIO estuvo formado por: <\/p>\n<ul>\n<li><strong>El\u00edas Xan<\/strong>, profesor del CITM y genio del modelado 3D y el arte digital. <\/li>\n<li><strong>Vanessa del Campo<\/strong>, profesora del CITM y reconocida directora de cine y guionista. <\/li>\n<li><strong>Sergi Brosa<\/strong>, <em>concept artist<\/em> en Borderlands 3. <\/li>\n<\/ul>\n<p>Los ganadores de esta 1\u00aa edici\u00f3n fueron: <\/p>\n<ul>\n<li><strong>1er Premio: Anna de la Torre<\/strong> por la ilustraci\u00f3n <strong>Agony<\/strong>. El premio es una tableta gr\u00e1fica LINE FRIENDS \u2013 Artist 12 Pro.  <\/li>\n<li><strong>2\u00ba Premio: Julia Martin<\/strong> por la ilustraci\u00f3n <strong>Flooded City<\/strong>. El premio es una tableta gr\u00e1fica LINE FRIENDS \u2013 Deco 01 V2.  <\/li>\n<li><strong>3er Premio: Patricia Descalzo<\/strong> por la ilustraci\u00f3n <strong>Isolation<\/strong>. El premio es una tableta gr\u00e1fica LINE FRIENDS \u2013 Star G64. <\/li>\n<\/ul>\n<p>Adem\u00e1s de los tres premios oficiales elegidos por el jurado, el concurso contaba con una nueva categor\u00eda abierta a la votaci\u00f3n del p\u00fablico a trav\u00e9s de Instagram. El ganador del <strong>Premio P\u00fablico<\/strong> fue <strong>Josep S\u00e1nchez<\/strong>, con un total de 29 Glikes.<\/p>\n","protected":false},"excerpt":{"rendered":"<p>El 1r concurso GRAFFIO eligi\u00f3 como motivo crear una ilustraci\u00f3n en torno al tema: \u201cEl mundo a trav\u00e9s de mis ojos\u201d. Desarrollado a trav\u00e9s de la plataforma de Instagram, el concurso tuvo un gran \u00e9xito de participaci\u00f3n con m\u00e1s de 30 propuestas presentadas. El jurado de la 1a edici\u00f3n de GRAFFIO estuvo formado por: El\u00edas &#8230; <a title=\"1\u00aa EDICI\u00d3N \u2013 JUNIO 2021\" class=\"read-more\" href=\"https:\/\/www.citm.upc.edu\/blog\/1a-edicion-junio-2021\/\" aria-label=\"Read more about 1\u00aa EDICI\u00d3N \u2013 JUNIO 2021\">Leer m\u00e1s<\/a><\/p>\n","protected":false},"author":1,"featured_media":6734,"parent":0,"menu_order":0,"comment_status":"closed","ping_status":"closed","template":"","meta":{"footnotes":""},"class_list":["post-6737","page","type-page","status-publish","has-post-thumbnail"],"aioseo_notices":[],"_links":{"self":[{"href":"https:\/\/www.citm.upc.edu\/blog\/wp-json\/wp\/v2\/pages\/6737","targetHints":{"allow":["GET"]}}],"collection":[{"href":"https:\/\/www.citm.upc.edu\/blog\/wp-json\/wp\/v2\/pages"}],"about":[{"href":"https:\/\/www.citm.upc.edu\/blog\/wp-json\/wp\/v2\/types\/page"}],"author":[{"embeddable":true,"href":"https:\/\/www.citm.upc.edu\/blog\/wp-json\/wp\/v2\/users\/1"}],"replies":[{"embeddable":true,"href":"https:\/\/www.citm.upc.edu\/blog\/wp-json\/wp\/v2\/comments?post=6737"}],"version-history":[{"count":1,"href":"https:\/\/www.citm.upc.edu\/blog\/wp-json\/wp\/v2\/pages\/6737\/revisions"}],"predecessor-version":[{"id":6738,"href":"https:\/\/www.citm.upc.edu\/blog\/wp-json\/wp\/v2\/pages\/6737\/revisions\/6738"}],"wp:featuredmedia":[{"embeddable":true,"href":"https:\/\/www.citm.upc.edu\/blog\/wp-json\/wp\/v2\/media\/6734"}],"wp:attachment":[{"href":"https:\/\/www.citm.upc.edu\/blog\/wp-json\/wp\/v2\/media?parent=6737"}],"curies":[{"name":"wp","href":"https:\/\/api.w.org\/{rel}","templated":true}]}}