{"id":6741,"date":"2022-11-15T15:17:40","date_gmt":"2022-11-15T14:17:40","guid":{"rendered":"https:\/\/www.citm.upc.edu\/blog\/?page_id=6741"},"modified":"2022-11-15T15:17:40","modified_gmt":"2022-11-15T14:17:40","slug":"2a-edicion-marzo-2022","status":"publish","type":"page","link":"https:\/\/www.citm.upc.edu\/blog\/2a-edicion-marzo-2022\/","title":{"rendered":"2\u00aa EDICI\u00d3N \u2013 MARZO 2022"},"content":{"rendered":"<p>El motivo escogido en esta 2\u00aa edici\u00f3n fue crear <strong>una ilustraci\u00f3n en torno al tema: \u201cAh! \u00bfD\u00f3nde est\u00e1n los monstruos? Parece que se han escapado\u2026 DISE\u00d1A TU BESTIARIO\u201d<\/strong>. La edici\u00f3n de 2022 invitaba a dise\u00f1ar bestias, con total libertad de creaci\u00f3n para cada artista. <\/p>\n<p>El <strong>jurado<\/strong> de la 2\u00aa edici\u00f3n de GRAFFIO estuvo formado por:<\/p>\n<ul>\n<li><strong>Lu\u00eds Montes<\/strong>, artista de c\u00f3mic y profesor de la escuela Joso. Creador de la saga de c\u00f3mic <em>Gyphoon<\/em>. <\/li>\n<li><strong>L\u00eddia Rodr\u00edguez<\/strong>, ilustradora y <em>concept artist<\/em>. <\/li>\n<li><strong>Carlos Dalmau<\/strong>, ilustrador y artista de c\u00f3mic, con t\u00edtulos propios como <em>Lucid Lucy<\/em>. <\/li>\n<\/ul>\n<p>Los ganadores de la 2a edici\u00f3n fueron:<\/p>\n<ul>\n<li><strong>1er premio: Fausto Romano Aspillera<\/strong>, por \u201c<strong>NUE \u9d7a<\/strong>\u201c. Fausto, estudiante de 1r curso del grado en Dise\u00f1o, Animaci\u00f3n y Arte Digital, ha ganado una tableta Artist 22 \u2013 2\u00aa Generaci\u00f3n XP-PEN.<\/li>\n<li><strong>2\u00ba premio: J\u00falia Martin D\u00edaz<\/strong>, por \u201c<strong>The Encounter<\/strong>\u201c. Julia, alumna de 3r curso del grado en Dise\u00f1o, Animaci\u00f3n y Arte Digital, ha ganado una tableta Artist 15.6 Pro con pantalla gr\u00e1fica XP-PEN. <\/li>\n<li><strong>3er premio: Iv\u00e1n Jos\u00e9 Caballero Cabrera<\/strong>, por \u201c<strong>Ravenfolk<\/strong>\u201c. Iv\u00e1n, estudiante de 2\u00ba curso del grado Dise\u00f1o y Desarrollo de Videojuegos, ha ganado una tableta Deco Pro MW XP-PEN. <\/li>\n<li><strong>4\u00ba premio <\/strong>(acc\u00e9sit especial del jurado): <strong>Martina Meotto<\/strong>, por \u201c<strong>Deuda Saldada<\/strong>\u201c. Martina, estudiante de 1r curso del grado en Dise\u00f1o, Animaci\u00f3n y Arte Digital, ha ganado una tableta Deco Pro SW XP-PEN. <\/li>\n<li><strong>Premio del p\u00fablico: Patricia Descalzo Pardo<\/strong>, por \u201c<strong>Hey There<\/strong>\u201c. Patricia, alumna de 3r curso del grado en Dise\u00f1o, Animaci\u00f3n y Arte Digital, ha ganado un puesto en la exposici\u00f3n que se instalar\u00e1 en el <em>hall<\/em> del centro. <\/li>\n<\/ul>\n<p><strong>FOTOS ENTREGA 2.\u00aa EDICI\u00d3N: <\/strong><\/p>\n<p><a data-flickr-embed='true' href='https:\/\/www.flickr.com\/photos\/citmupc\/sets\/72177720297372153\/' title='2a edici\u00f3 de GRAFFIO, el concurs d\u2019il\u00b7lustraci\u00f3 digital dels estudiants del CITM by CITM_UPC, on Flickr'><img src='https:\/\/live.staticflickr.com\/65535\/51938726592_1a1b53cdd4_b.jpg' width='800' height='600' alt='GRAFFIO, el concurs d\u2019il\u00b7lustraci\u00f3 digital dels estudiants del CITM'><\/a><script async src='https:\/\/embedr.flickr.com\/assets\/client-code.js' charset='utf-8'><\/script><\/p>\n<p><strong>VIDEO: <\/strong><\/p>\n<div data-mode=\"normal\" data-oembed=\"1\" data-provider=\"vimeo\" id=\"arve-vimeo-689214745\" style=\"max-width:1200px;\" class=\"arve\">\n<div class=\"arve-inner\">\n<div class=\"arve-embed arve-embed--has-aspect-ratio\">\n<div class=\"arve-ar\" style=\"padding-top:56.250000%\"><\/div>\n<p>\t\t\t<iframe allow=\"accelerometer &#039;none&#039;;autoplay &#039;none&#039;;bluetooth &#039;none&#039;;browsing-topics &#039;none&#039;;camera &#039;none&#039;;clipboard-read &#039;none&#039;;clipboard-write;display-capture &#039;none&#039;;encrypted-media &#039;none&#039;;gamepad &#039;none&#039;;geolocation &#039;none&#039;;gyroscope &#039;none&#039;;hid &#039;none&#039;;identity-credentials-get &#039;none&#039;;idle-detection &#039;none&#039;;keyboard-map &#039;none&#039;;local-fonts;magnetometer &#039;none&#039;;microphone &#039;none&#039;;midi &#039;none&#039;;otp-credentials &#039;none&#039;;payment &#039;none&#039;;picture-in-picture;publickey-credentials-create &#039;none&#039;;publickey-credentials-get &#039;none&#039;;screen-wake-lock &#039;none&#039;;serial &#039;none&#039;;summarizer &#039;none&#039;;sync-xhr;usb &#039;none&#039;;web-share;window-management &#039;none&#039;;xr-spatial-tracking &#039;none&#039;;\" allowfullscreen=\"\" class=\"arve-iframe fitvidsignore\" credentialless data-arve=\"arve-vimeo-689214745\" data-lenis-prevent=\"\" data-src-no-ap=\"https:\/\/player.vimeo.com\/video\/689214745?dnt=1&amp;app_id=122963&amp;transparent=0&amp;title=1&amp;byline=0&amp;portrait=0&amp;autoplay=0\" frameborder=\"0\" height=\"675\" loading=\"lazy\" name=\"\" referrerpolicy=\"strict-origin-when-cross-origin\" sandbox=\"allow-scripts allow-same-origin allow-presentation allow-popups allow-popups-to-escape-sandbox allow-forms\" scrolling=\"no\" src=\"https:\/\/player.vimeo.com\/video\/689214745?dnt=1&#038;app_id=122963&#038;transparent=0&#038;title=1&#038;byline=0&#038;portrait=0&#038;autoplay=0\" title=\"\" width=\"1200\"><\/iframe><\/p><\/div>\n<\/p><\/div>\n<p>\t<script type=\"application\/ld+json\">{\"@context\":\"http:\\\/\\\/schema.org\\\/\",\"@id\":\"https:\\\/\\\/www.citm.upc.edu\\\/blog\\\/2a-edicion-marzo-2022\\\/#arve-vimeo-689214745\",\"type\":\"VideoObject\",\"embedURL\":\"https:\\\/\\\/player.vimeo.com\\\/video\\\/689214745?dnt=1&app_id=122963&transparent=0&title=1&byline=0&portrait=0&autoplay=0\"}<\/script><\/p>\n<\/div>\n","protected":false},"excerpt":{"rendered":"<p>El motivo escogido en esta 2\u00aa edici\u00f3n fue crear una ilustraci\u00f3n en torno al tema: \u201cAh! \u00bfD\u00f3nde est\u00e1n los monstruos? Parece que se han escapado\u2026 DISE\u00d1A TU BESTIARIO\u201d. La edici\u00f3n de 2022 invitaba a dise\u00f1ar bestias, con total libertad de creaci\u00f3n para cada artista. El jurado de la 2\u00aa edici\u00f3n de GRAFFIO estuvo formado por: &#8230; <a title=\"2\u00aa EDICI\u00d3N \u2013 MARZO 2022\" class=\"read-more\" href=\"https:\/\/www.citm.upc.edu\/blog\/2a-edicion-marzo-2022\/\" aria-label=\"Read more about 2\u00aa EDICI\u00d3N \u2013 MARZO 2022\">Leer m\u00e1s<\/a><\/p>\n","protected":false},"author":1,"featured_media":6736,"parent":0,"menu_order":0,"comment_status":"closed","ping_status":"closed","template":"","meta":{"footnotes":""},"class_list":["post-6741","page","type-page","status-publish","has-post-thumbnail"],"aioseo_notices":[],"_links":{"self":[{"href":"https:\/\/www.citm.upc.edu\/blog\/wp-json\/wp\/v2\/pages\/6741","targetHints":{"allow":["GET"]}}],"collection":[{"href":"https:\/\/www.citm.upc.edu\/blog\/wp-json\/wp\/v2\/pages"}],"about":[{"href":"https:\/\/www.citm.upc.edu\/blog\/wp-json\/wp\/v2\/types\/page"}],"author":[{"embeddable":true,"href":"https:\/\/www.citm.upc.edu\/blog\/wp-json\/wp\/v2\/users\/1"}],"replies":[{"embeddable":true,"href":"https:\/\/www.citm.upc.edu\/blog\/wp-json\/wp\/v2\/comments?post=6741"}],"version-history":[{"count":1,"href":"https:\/\/www.citm.upc.edu\/blog\/wp-json\/wp\/v2\/pages\/6741\/revisions"}],"predecessor-version":[{"id":6742,"href":"https:\/\/www.citm.upc.edu\/blog\/wp-json\/wp\/v2\/pages\/6741\/revisions\/6742"}],"wp:featuredmedia":[{"embeddable":true,"href":"https:\/\/www.citm.upc.edu\/blog\/wp-json\/wp\/v2\/media\/6736"}],"wp:attachment":[{"href":"https:\/\/www.citm.upc.edu\/blog\/wp-json\/wp\/v2\/media?parent=6741"}],"curies":[{"name":"wp","href":"https:\/\/api.w.org\/{rel}","templated":true}]}}