{"id":6749,"date":"2022-11-15T15:20:22","date_gmt":"2022-11-15T14:20:22","guid":{"rendered":"https:\/\/www.citm.upc.edu\/blog\/?page_id=6749"},"modified":"2022-11-15T16:54:33","modified_gmt":"2022-11-15T15:54:33","slug":"presentacion-2","status":"publish","type":"page","link":"https:\/\/www.citm.upc.edu\/blog\/presentacion-2\/","title":{"rendered":"PRESENTACI\u00d3N"},"content":{"rendered":"<p>GRAFFIO es un concurso de ilustraci\u00f3n dirigido al estudiantado del CITM, una iniciativa creada e impulsada por los propios estudiantes del Centro a trav\u00e9s de CITM Students Community. El certamen busca establecer un espacio de visibilidad y creatividad para las actividades no curriculares y favorecer al mismo tiempo el sentimiento de comunidad entre el alumnado. <\/p>\n<p>Hay tres ganadores, seleccionados por un jurado, m\u00e1s un cuarto premio escogido por el p\u00fablico. Los premios son: <\/p>\n<ul>\n<li>1er premio \u2013 Tabla gr\u00e1fica LINE FRIENDS-Artist 12 Pro <\/li>\n<li>2\u00ba premio \u2013 Tabla gr\u00e1fica LINE FRIENDS-Deco 01 V2 <\/li>\n<li>3er premio \u2013 Tabla gr\u00e1fica LINE FRIENDS-Star G640 <\/li>\n<\/ul>\n<p>Todos los premios son cortes\u00eda de la empresa <a href=\"https:\/\/www.storexppen.es\/\" rel=\"noopener noreferrer\" target=\"_blank\">XP-PEN<\/a>, patrocinadora del concurso. <\/p>\n<p><a data-flickr-embed='true' href='https:\/\/www.flickr.com\/photos\/citmupc\/sets\/72177720297372153' title='2a edici\u00f3 de GRAFFIO, el concurs d\u2019il\u00b7lustraci\u00f3 digital dels estudiants del CITM by CITM_UPC, on Flickr'><img src='https:\/\/live.staticflickr.com\/65535\/51938726592_1a1b53cdd4_b.jpg' width='800' height='600' alt='GRAFFIO, el concurs d\u2019il\u00b7lustraci\u00f3 digital dels estudiants del CITM'><\/a><script async src='https:\/\/embedr.flickr.com\/assets\/client-code.js' charset='utf-8'><\/script><\/p>\n<h2><span style=\"color: #5fb9fd;\">Noticias relacionadas:<\/span><\/h2>\n<div class=\"pt-cv-wrapper\"><div class=\"pt-cv-view pt-cv-grid pt-cv-colsys\" id=\"pt-cv-view-b3c1b4ffer\"><div data-id=\"pt-cv-page-1\" class=\"pt-cv-page\" data-cvc=\"2\"><div class=\"col-md-6 col-sm-6 col-xs-12 pt-cv-content-item pt-cv-1-col\" ><div class='pt-cv-ifield'><a href=\"https:\/\/www.citm.upc.edu\/blog\/el-concurso-de-ilustracion-digital-graffio-cierra-su-5a-edicion\/\" class=\"_self pt-cv-href-thumbnail pt-cv-thumb-default\" target=\"_self\" ><img loading=\"lazy\" decoding=\"async\" width=\"300\" height=\"169\" src=\"https:\/\/www.citm.upc.edu\/blog\/wp-content\/uploads\/2025\/06\/Graffio_FotoGrup-300x169.jpg\" class=\"pt-cv-thumbnail\" alt=\"\" srcset=\"https:\/\/www.citm.upc.edu\/blog\/wp-content\/uploads\/2025\/06\/Graffio_FotoGrup-300x169.jpg 300w, https:\/\/www.citm.upc.edu\/blog\/wp-content\/uploads\/2025\/06\/Graffio_FotoGrup-1024x577.jpg 1024w, https:\/\/www.citm.upc.edu\/blog\/wp-content\/uploads\/2025\/06\/Graffio_FotoGrup-768x432.jpg 768w, https:\/\/www.citm.upc.edu\/blog\/wp-content\/uploads\/2025\/06\/Graffio_FotoGrup-1536x865.jpg 1536w, https:\/\/www.citm.upc.edu\/blog\/wp-content\/uploads\/2025\/06\/Graffio_FotoGrup-2048x1153.jpg 2048w\" sizes=\"auto, (max-width: 300px) 100vw, 300px\" \/><\/a>\n<h4 class=\"pt-cv-title\"><a href=\"https:\/\/www.citm.upc.edu\/blog\/el-concurso-de-ilustracion-digital-graffio-cierra-su-5a-edicion\/\" class=\"_self\" target=\"_self\" >El concurso de ilustraci\u00f3n digital Graffio cierra su 5\u00aa edici\u00f3n<\/a><\/h4>\n<div class=\"pt-cv-content\">La 5\u00aa edici\u00f3n del certamen Graffio se cerr\u00f3 el pasado mi\u00e9rcoles 28 de mayo con el acto de clausura y ...<br \/><div class=\"pt-cv-rmwrap\"><a href=\"https:\/\/www.citm.upc.edu\/blog\/el-concurso-de-ilustracion-digital-graffio-cierra-su-5a-edicion\/\" class=\"_self pt-cv-readmore btn btn-success\" target=\"_self\">Read More<\/a><\/div><\/div><\/div><\/div>\n<div class=\"col-md-6 col-sm-6 col-xs-12 pt-cv-content-item pt-cv-1-col\" ><div class='pt-cv-ifield'><a href=\"https:\/\/www.citm.upc.edu\/blog\/vuelve-graffio-el-concurso-de-ilustracion-digital-del-alumnado-citm\/\" class=\"_self pt-cv-href-thumbnail pt-cv-thumb-default\" target=\"_self\" ><img loading=\"lazy\" decoding=\"async\" width=\"300\" height=\"169\" src=\"https:\/\/www.citm.upc.edu\/blog\/wp-content\/uploads\/2024\/04\/GRAFFIO-300x169.jpg\" class=\"pt-cv-thumbnail\" alt=\"\" srcset=\"https:\/\/www.citm.upc.edu\/blog\/wp-content\/uploads\/2024\/04\/GRAFFIO-300x169.jpg 300w, https:\/\/www.citm.upc.edu\/blog\/wp-content\/uploads\/2024\/04\/GRAFFIO-1024x576.jpg 1024w, https:\/\/www.citm.upc.edu\/blog\/wp-content\/uploads\/2024\/04\/GRAFFIO-768x432.jpg 768w, https:\/\/www.citm.upc.edu\/blog\/wp-content\/uploads\/2024\/04\/GRAFFIO-1536x864.jpg 1536w, https:\/\/www.citm.upc.edu\/blog\/wp-content\/uploads\/2024\/04\/GRAFFIO.jpg 1920w\" sizes=\"auto, (max-width: 300px) 100vw, 300px\" \/><\/a>\n<h4 class=\"pt-cv-title\"><a href=\"https:\/\/www.citm.upc.edu\/blog\/vuelve-graffio-el-concurso-de-ilustracion-digital-del-alumnado-citm\/\" class=\"_self\" target=\"_self\" >Vuelve GRAFFIO, el concurso de ilustraci\u00f3n digital del alumnado CITM<\/a><\/h4>\n<div class=\"pt-cv-content\">Organizado por CITM Students Community con el apoyo de la empresa XP-PEN, se abre la 4\u00aa edici\u00f3n del concurso GRAFFIO, ...<br \/><div class=\"pt-cv-rmwrap\"><a href=\"https:\/\/www.citm.upc.edu\/blog\/vuelve-graffio-el-concurso-de-ilustracion-digital-del-alumnado-citm\/\" class=\"_self pt-cv-readmore btn btn-success\" target=\"_self\">Read More<\/a><\/div><\/div><\/div><\/div>\n<div class=\"col-md-6 col-sm-6 col-xs-12 pt-cv-content-item pt-cv-1-col\" ><div class='pt-cv-ifield'><a href=\"https:\/\/www.citm.upc.edu\/blog\/en-marcha-la-3a-edicion-de-graffio-el-concurso-de-ilustracion-digital-de-los-estudiantes-del-citm\/\" class=\"_self pt-cv-href-thumbnail pt-cv-thumb-default\" target=\"_self\" ><img loading=\"lazy\" decoding=\"async\" width=\"300\" height=\"159\" src=\"https:\/\/www.citm.upc.edu\/blog\/wp-content\/uploads\/2023\/02\/graffio-300x159.jpg\" class=\"pt-cv-thumbnail\" alt=\"\" srcset=\"https:\/\/www.citm.upc.edu\/blog\/wp-content\/uploads\/2023\/02\/graffio-300x159.jpg 300w, https:\/\/www.citm.upc.edu\/blog\/wp-content\/uploads\/2023\/02\/graffio-768x407.jpg 768w, https:\/\/www.citm.upc.edu\/blog\/wp-content\/uploads\/2023\/02\/graffio.jpg 797w\" sizes=\"auto, (max-width: 300px) 100vw, 300px\" \/><\/a>\n<h4 class=\"pt-cv-title\"><a href=\"https:\/\/www.citm.upc.edu\/blog\/en-marcha-la-3a-edicion-de-graffio-el-concurso-de-ilustracion-digital-de-los-estudiantes-del-citm\/\" class=\"_self\" target=\"_self\" >En marcha la 3\u00aa edici\u00f3n de GRAFFIO, el concurso de ilustraci\u00f3n digital de los estudiantes del CITM<\/a><\/h4>\n<div class=\"pt-cv-content\">Organizado por CITM Students Community y con el apoyo de la empresa XP-PEN, GRAFFIO Art contest se consolida en su ...<br \/><div class=\"pt-cv-rmwrap\"><a href=\"https:\/\/www.citm.upc.edu\/blog\/en-marcha-la-3a-edicion-de-graffio-el-concurso-de-ilustracion-digital-de-los-estudiantes-del-citm\/\" class=\"_self pt-cv-readmore btn btn-success\" target=\"_self\">Read More<\/a><\/div><\/div><\/div><\/div>\n<div class=\"col-md-6 col-sm-6 col-xs-12 pt-cv-content-item pt-cv-1-col\" ><div class='pt-cv-ifield'><a href=\"https:\/\/www.citm.upc.edu\/blog\/ganadores-de-la-2a-edicion-de-graffio-el-concurso-de-arte-digital-del-citm\/\" class=\"_self pt-cv-href-thumbnail pt-cv-thumb-default\" target=\"_self\" ><img loading=\"lazy\" decoding=\"async\" width=\"300\" height=\"200\" src=\"https:\/\/www.citm.upc.edu\/blog\/wp-content\/uploads\/2022\/03\/GRAFFIO-300x200.jpg\" class=\"pt-cv-thumbnail\" alt=\"\" srcset=\"https:\/\/www.citm.upc.edu\/blog\/wp-content\/uploads\/2022\/03\/GRAFFIO-300x200.jpg 300w, https:\/\/www.citm.upc.edu\/blog\/wp-content\/uploads\/2022\/03\/GRAFFIO-768x513.jpg 768w, https:\/\/www.citm.upc.edu\/blog\/wp-content\/uploads\/2022\/03\/GRAFFIO.jpg 1024w\" sizes=\"auto, (max-width: 300px) 100vw, 300px\" \/><\/a>\n<h4 class=\"pt-cv-title\"><a href=\"https:\/\/www.citm.upc.edu\/blog\/ganadores-de-la-2a-edicion-de-graffio-el-concurso-de-arte-digital-del-citm\/\" class=\"_self\" target=\"_self\" >Ganadores de la 2\u00aa edici\u00f3n de GRAFFIO, el concurso de arte digital del CITM<\/a><\/h4>\n<div class=\"pt-cv-content\">GRAFFIO, el concurso de ilustraci\u00f3n digital del CITM, ha cerrado con \u00e9xito su segunda edici\u00f3n. Este concurso es una iniciativa ...<br \/><div class=\"pt-cv-rmwrap\"><a href=\"https:\/\/www.citm.upc.edu\/blog\/ganadores-de-la-2a-edicion-de-graffio-el-concurso-de-arte-digital-del-citm\/\" class=\"_self pt-cv-readmore btn btn-success\" target=\"_self\">Read More<\/a><\/div><\/div><\/div><\/div>\n<div class=\"col-md-6 col-sm-6 col-xs-12 pt-cv-content-item pt-cv-1-col\" ><div class='pt-cv-ifield'><a href=\"https:\/\/www.citm.upc.edu\/blog\/vuelve-graffio-el-concurso-de-ilustracion-digital-organizado-por-y-para-estudiantes-del-citm\/\" class=\"_self pt-cv-href-thumbnail pt-cv-thumb-default\" target=\"_self\" ><img loading=\"lazy\" decoding=\"async\" width=\"300\" height=\"102\" src=\"https:\/\/www.citm.upc.edu\/blog\/wp-content\/uploads\/2022\/01\/GRAFFIO-300x102.jpg\" class=\"pt-cv-thumbnail\" alt=\"\" srcset=\"https:\/\/www.citm.upc.edu\/blog\/wp-content\/uploads\/2022\/01\/GRAFFIO-300x102.jpg 300w, https:\/\/www.citm.upc.edu\/blog\/wp-content\/uploads\/2022\/01\/GRAFFIO-1024x348.jpg 1024w, https:\/\/www.citm.upc.edu\/blog\/wp-content\/uploads\/2022\/01\/GRAFFIO-768x261.jpg 768w, https:\/\/www.citm.upc.edu\/blog\/wp-content\/uploads\/2022\/01\/GRAFFIO-1536x522.jpg 1536w, https:\/\/www.citm.upc.edu\/blog\/wp-content\/uploads\/2022\/01\/GRAFFIO.jpg 1597w\" sizes=\"auto, (max-width: 300px) 100vw, 300px\" \/><\/a>\n<h4 class=\"pt-cv-title\"><a href=\"https:\/\/www.citm.upc.edu\/blog\/vuelve-graffio-el-concurso-de-ilustracion-digital-organizado-por-y-para-estudiantes-del-citm\/\" class=\"_self\" target=\"_self\" >Vuelve GRAFFIO, el concurso de ilustraci\u00f3n digital de los estudiantes del CITM<\/a><\/h4>\n<div class=\"pt-cv-content\">Organizado por CITM Students Community y con el apoyo de la empresa XP-PEN, este concurso promueve la participaci\u00f3n activa de ...<br \/><div class=\"pt-cv-rmwrap\"><a href=\"https:\/\/www.citm.upc.edu\/blog\/vuelve-graffio-el-concurso-de-ilustracion-digital-organizado-por-y-para-estudiantes-del-citm\/\" class=\"_self pt-cv-readmore btn btn-success\" target=\"_self\">Read More<\/a><\/div><\/div><\/div><\/div>\n<div class=\"col-md-6 col-sm-6 col-xs-12 pt-cv-content-item pt-cv-1-col\" ><div class='pt-cv-ifield'><a href=\"https:\/\/www.citm.upc.edu\/blog\/las-ilustraciones-del-concurso-graffio-se-exponen-en-el-citm\/\" class=\"_self pt-cv-href-thumbnail pt-cv-thumb-default\" target=\"_self\" ><img loading=\"lazy\" decoding=\"async\" width=\"300\" height=\"151\" src=\"https:\/\/www.citm.upc.edu\/blog\/wp-content\/uploads\/2021\/06\/Graffio-300x151.jpg\" class=\"pt-cv-thumbnail\" alt=\"\" srcset=\"https:\/\/www.citm.upc.edu\/blog\/wp-content\/uploads\/2021\/06\/Graffio-300x151.jpg 300w, https:\/\/www.citm.upc.edu\/blog\/wp-content\/uploads\/2021\/06\/Graffio-1024x517.jpg 1024w, https:\/\/www.citm.upc.edu\/blog\/wp-content\/uploads\/2021\/06\/Graffio-768x388.jpg 768w, https:\/\/www.citm.upc.edu\/blog\/wp-content\/uploads\/2021\/06\/Graffio-1536x776.jpg 1536w, https:\/\/www.citm.upc.edu\/blog\/wp-content\/uploads\/2021\/06\/Graffio-2048x1034.jpg 2048w\" sizes=\"auto, (max-width: 300px) 100vw, 300px\" \/><\/a>\n<h4 class=\"pt-cv-title\"><a href=\"https:\/\/www.citm.upc.edu\/blog\/las-ilustraciones-del-concurso-graffio-se-exponen-en-el-citm\/\" class=\"_self\" target=\"_self\" >Las ilustraciones del concurso GRAFFIO se exponen en el CITM<\/a><\/h4>\n<div class=\"pt-cv-content\">Las obras ganadoras de GRAFFIO, el primer concurso de ilustraci\u00f3n dirigido a estudiantes del Centro, y organizado por CITM Students ...<br \/><div class=\"pt-cv-rmwrap\"><a href=\"https:\/\/www.citm.upc.edu\/blog\/las-ilustraciones-del-concurso-graffio-se-exponen-en-el-citm\/\" class=\"_self pt-cv-readmore btn btn-success\" target=\"_self\">Read More<\/a><\/div><\/div><\/div><\/div>\n<div class=\"col-md-6 col-sm-6 col-xs-12 pt-cv-content-item pt-cv-1-col\" ><div class='pt-cv-ifield'><a href=\"https:\/\/www.citm.upc.edu\/blog\/graffio-el-primer-concurso-de-ilustracion-del-citm\/\" class=\"_self pt-cv-href-thumbnail pt-cv-thumb-default\" target=\"_self\" ><img loading=\"lazy\" decoding=\"async\" width=\"300\" height=\"300\" src=\"https:\/\/www.citm.upc.edu\/blog\/wp-content\/uploads\/2021\/02\/graffio-300x300.jpg\" class=\"pt-cv-thumbnail\" alt=\"\" srcset=\"https:\/\/www.citm.upc.edu\/blog\/wp-content\/uploads\/2021\/02\/graffio-300x300.jpg 300w, https:\/\/www.citm.upc.edu\/blog\/wp-content\/uploads\/2021\/02\/graffio-1024x1024.jpg 1024w, https:\/\/www.citm.upc.edu\/blog\/wp-content\/uploads\/2021\/02\/graffio-150x150.jpg 150w, https:\/\/www.citm.upc.edu\/blog\/wp-content\/uploads\/2021\/02\/graffio-768x768.jpg 768w, https:\/\/www.citm.upc.edu\/blog\/wp-content\/uploads\/2021\/02\/graffio.jpg 1072w\" sizes=\"auto, (max-width: 300px) 100vw, 300px\" \/><\/a>\n<h4 class=\"pt-cv-title\"><a href=\"https:\/\/www.citm.upc.edu\/blog\/graffio-el-primer-concurso-de-ilustracion-del-citm\/\" class=\"_self\" target=\"_self\" >GRAFFIO, el primer concurso de ilustraci\u00f3n del CITM<\/a><\/h4>\n<div class=\"pt-cv-content\">CITM Students Community pone en marcha el primer concurso de ilustraci\u00f3n dirigido a los estudiantes del Centro. Lleva por nombre ...<br \/><div class=\"pt-cv-rmwrap\"><a href=\"https:\/\/www.citm.upc.edu\/blog\/graffio-el-primer-concurso-de-ilustracion-del-citm\/\" class=\"_self pt-cv-readmore btn btn-success\" target=\"_self\">Read More<\/a><\/div><\/div><\/div><\/div><\/div><\/div><\/div>\n","protected":false},"excerpt":{"rendered":"<p>GRAFFIO es un concurso de ilustraci\u00f3n dirigido al estudiantado del CITM, una iniciativa creada e impulsada por los propios estudiantes del Centro a trav\u00e9s de CITM Students Community. El certamen busca establecer un espacio de visibilidad y creatividad para las actividades no curriculares y favorecer al mismo tiempo el sentimiento de comunidad entre el alumnado. &#8230; <a title=\"PRESENTACI\u00d3N\" class=\"read-more\" href=\"https:\/\/www.citm.upc.edu\/blog\/presentacion-2\/\" aria-label=\"Read more about PRESENTACI\u00d3N\">Leer m\u00e1s<\/a><\/p>\n","protected":false},"author":1,"featured_media":0,"parent":0,"menu_order":0,"comment_status":"closed","ping_status":"closed","template":"","meta":{"footnotes":""},"class_list":["post-6749","page","type-page","status-publish"],"aioseo_notices":[],"_links":{"self":[{"href":"https:\/\/www.citm.upc.edu\/blog\/wp-json\/wp\/v2\/pages\/6749","targetHints":{"allow":["GET"]}}],"collection":[{"href":"https:\/\/www.citm.upc.edu\/blog\/wp-json\/wp\/v2\/pages"}],"about":[{"href":"https:\/\/www.citm.upc.edu\/blog\/wp-json\/wp\/v2\/types\/page"}],"author":[{"embeddable":true,"href":"https:\/\/www.citm.upc.edu\/blog\/wp-json\/wp\/v2\/users\/1"}],"replies":[{"embeddable":true,"href":"https:\/\/www.citm.upc.edu\/blog\/wp-json\/wp\/v2\/comments?post=6749"}],"version-history":[{"count":4,"href":"https:\/\/www.citm.upc.edu\/blog\/wp-json\/wp\/v2\/pages\/6749\/revisions"}],"predecessor-version":[{"id":6775,"href":"https:\/\/www.citm.upc.edu\/blog\/wp-json\/wp\/v2\/pages\/6749\/revisions\/6775"}],"wp:attachment":[{"href":"https:\/\/www.citm.upc.edu\/blog\/wp-json\/wp\/v2\/media?parent=6749"}],"curies":[{"name":"wp","href":"https:\/\/api.w.org\/{rel}","templated":true}]}}