{"id":6751,"date":"2022-11-15T15:20:44","date_gmt":"2022-11-15T14:20:44","guid":{"rendered":"https:\/\/www.citm.upc.edu\/blog\/?page_id=6751"},"modified":"2022-11-15T16:54:49","modified_gmt":"2022-11-15T15:54:49","slug":"presentacio-2","status":"publish","type":"page","link":"https:\/\/www.citm.upc.edu\/blog\/presentacio-2\/?lang=ca","title":{"rendered":"PRESENTACI\u00d3"},"content":{"rendered":"<p>GRAFFIO \u00e9s un concurs d\u2019il\u00b7lustraci\u00f3 adre\u00e7at a l\u2019estudiantat del CITM,  una iniciativa creada i impulsada pels mateixos estudiants i estudiantes del Centre a trav\u00e9s de CITM Students Community. El certamen busca establir un espai de visibilitat i creativitat per a les activitats no-curriculars i afavorir alhora el sentiment de comunitat entre l\u2019alumnat.<\/p>\n<p>Hi ha tres guanyadors, seleccionats per un jurat, m\u00e9s un quart premi escollit pel p\u00fablic. Els premis s\u00f3n:<\/p>\n<ul>\n<li>1r premi \u2013 Tauleta gr\u00e0fica LINE FRIENDS-Artist 12 Pro <\/li>\n<li>2n premi \u2013 Tauleta gr\u00e0fica LINE FRIENDS-Deco 01 V2<\/li>\n<li>3r premi \u2013 Tauleta gr\u00e0fica LINE FRIENDS-Star G640<\/li>\n<\/ul>\n<p>Tots els premis s\u00f3n cortesia de l\u2019empresa <a href=\"https:\/\/www.storexppen.es\/\" rel=\"noopener noreferrer\" target=\"_blank\">XP-PEN<\/a>, patrocinadora del concurs. <\/p>\n<p><a data-flickr-embed='true' href='https:\/\/www.flickr.com\/photos\/citmupc\/sets\/72177720297372153' title='2a edici\u00f3 de GRAFFIO, el concurs d\u2019il\u00b7lustraci\u00f3 digital dels estudiants del CITM by CITM_UPC, on Flickr'><img src='https:\/\/live.staticflickr.com\/65535\/51938726592_1a1b53cdd4_b.jpg' width='800' height='600' alt='GRAFFIO, el concurs d\u2019il\u00b7lustraci\u00f3 digital dels estudiants del CITM'><\/a><script async src='https:\/\/embedr.flickr.com\/assets\/client-code.js' charset='utf-8'><\/script><\/p>\n<h2><span style=\"color: #5fb9fd;\">Not\u00edcies relacionades:<\/span><\/h2>\n<div class=\"pt-cv-wrapper\"><div class=\"pt-cv-view pt-cv-grid pt-cv-colsys\" id=\"pt-cv-view-94d18c870i\"><div data-id=\"pt-cv-page-1\" class=\"pt-cv-page cv-npf\" data-cvc=\"2\"><div class=\"col-md-6 col-sm-6 col-xs-12 pt-cv-content-item pt-cv-1-col\" ><div class='pt-cv-ifield'><div class=\"pt-cv-no-post\">No se han encontrado entradas.<\/div><\/div><\/div><\/div><\/div><\/div>\n","protected":false},"excerpt":{"rendered":"<p>GRAFFIO \u00e9s un concurs d\u2019il\u00b7lustraci\u00f3 adre\u00e7at a l\u2019estudiantat del CITM, una iniciativa creada i impulsada pels mateixos estudiants i estudiantes del Centre a trav\u00e9s de CITM Students Community. El certamen busca establir un espai de visibilitat i creativitat per a les activitats no-curriculars i afavorir alhora el sentiment de comunitat entre l\u2019alumnat. Hi ha tres &#8230; <a title=\"PRESENTACI\u00d3\" class=\"read-more\" href=\"https:\/\/www.citm.upc.edu\/blog\/presentacio-2\/?lang=ca\" aria-label=\"Read more about PRESENTACI\u00d3\">Leer m\u00e1s<\/a><\/p>\n","protected":false},"author":1,"featured_media":0,"parent":0,"menu_order":0,"comment_status":"closed","ping_status":"closed","template":"","meta":{"footnotes":""},"class_list":["post-6751","page","type-page","status-publish"],"aioseo_notices":[],"_links":{"self":[{"href":"https:\/\/www.citm.upc.edu\/blog\/wp-json\/wp\/v2\/pages\/6751","targetHints":{"allow":["GET"]}}],"collection":[{"href":"https:\/\/www.citm.upc.edu\/blog\/wp-json\/wp\/v2\/pages"}],"about":[{"href":"https:\/\/www.citm.upc.edu\/blog\/wp-json\/wp\/v2\/types\/page"}],"author":[{"embeddable":true,"href":"https:\/\/www.citm.upc.edu\/blog\/wp-json\/wp\/v2\/users\/1"}],"replies":[{"embeddable":true,"href":"https:\/\/www.citm.upc.edu\/blog\/wp-json\/wp\/v2\/comments?post=6751"}],"version-history":[{"count":5,"href":"https:\/\/www.citm.upc.edu\/blog\/wp-json\/wp\/v2\/pages\/6751\/revisions"}],"predecessor-version":[{"id":6780,"href":"https:\/\/www.citm.upc.edu\/blog\/wp-json\/wp\/v2\/pages\/6751\/revisions\/6780"}],"wp:attachment":[{"href":"https:\/\/www.citm.upc.edu\/blog\/wp-json\/wp\/v2\/media?parent=6751"}],"curies":[{"name":"wp","href":"https:\/\/api.w.org\/{rel}","templated":true}]}}