{"id":984,"date":"2014-07-04T14:04:15","date_gmt":"2014-07-04T12:04:15","guid":{"rendered":"http:\/\/www.citm.upc.edu\/blog\/?page_id=984"},"modified":"2020-07-20T13:03:22","modified_gmt":"2020-07-20T11:03:22","slug":"creative-citm-cat","status":"publish","type":"page","link":"https:\/\/www.citm.upc.edu\/blog\/creative-citm-cat\/?lang=ca","title":{"rendered":"CREATIVE CITM"},"content":{"rendered":"<p><span id=\"result_box\" lang=\"ca\"><span class=\"hps\">El <strong>cicle<\/strong><\/span><strong> <span class=\"hps\">de confer\u00e8ncies<\/span> <span class=\"hps\">Creative<\/span> <\/strong><span class=\"hps\"><strong>CITM<\/strong> t\u2019<\/span><span class=\"hps\">ofereix al llarg<\/span> <span class=\"hps\">de tot l\u2019any<\/span> <span class=\"hps\">acad\u00e8mic<\/span> <span class=\"hps\">sessions<\/span> <span class=\"hps\">en obert<\/span> <span class=\"hps\">sobre els<\/span> <span class=\"hps\">temes<\/span> <span class=\"hps\">d\u2019especialitat<\/span> <span class=\"hps\">del centre<\/span> <span class=\"hps\">com<\/span><\/span><span class=\"tlid-translation translation\" lang=\"ca\"><span class=\"\" title=\"\"><span title=\"\"> la producci\u00f3<\/span> <span title=\"\">multim\u00e8dia<\/span><span title=\"\">, l&#8217;animaci\u00f3<\/span> <span title=\"\">i l&#8217;art<\/span> <span title=\"\">digital o els<\/span> videojocs.<\/span><\/span><\/p>\n<p>A continuaci\u00f3, podr\u00e0s consultar tot l&#8217;hist\u00f2ric de confer\u00e8ncies Creative CITM.<\/p>\n","protected":false},"excerpt":{"rendered":"<p>El cicle de confer\u00e8ncies Creative CITM t\u2019ofereix al llarg de tot l\u2019any acad\u00e8mic sessions en obert sobre els temes d\u2019especialitat del centre com la producci\u00f3 multim\u00e8dia, l&#8217;animaci\u00f3 i l&#8217;art digital o els videojocs. A continuaci\u00f3, podr\u00e0s consultar tot l&#8217;hist\u00f2ric de confer\u00e8ncies Creative CITM.<\/p>\n","protected":false},"author":1,"featured_media":0,"parent":0,"menu_order":0,"comment_status":"closed","ping_status":"closed","template":"portfolio.php","meta":{"footnotes":""},"class_list":["post-984","page","type-page","status-publish"],"aioseo_notices":[],"_links":{"self":[{"href":"https:\/\/www.citm.upc.edu\/blog\/wp-json\/wp\/v2\/pages\/984","targetHints":{"allow":["GET"]}}],"collection":[{"href":"https:\/\/www.citm.upc.edu\/blog\/wp-json\/wp\/v2\/pages"}],"about":[{"href":"https:\/\/www.citm.upc.edu\/blog\/wp-json\/wp\/v2\/types\/page"}],"author":[{"embeddable":true,"href":"https:\/\/www.citm.upc.edu\/blog\/wp-json\/wp\/v2\/users\/1"}],"replies":[{"embeddable":true,"href":"https:\/\/www.citm.upc.edu\/blog\/wp-json\/wp\/v2\/comments?post=984"}],"version-history":[{"count":7,"href":"https:\/\/www.citm.upc.edu\/blog\/wp-json\/wp\/v2\/pages\/984\/revisions"}],"predecessor-version":[{"id":4512,"href":"https:\/\/www.citm.upc.edu\/blog\/wp-json\/wp\/v2\/pages\/984\/revisions\/4512"}],"wp:attachment":[{"href":"https:\/\/www.citm.upc.edu\/blog\/wp-json\/wp\/v2\/media?parent=984"}],"curies":[{"name":"wp","href":"https:\/\/api.w.org\/{rel}","templated":true}]}}